{"id":100,"date":"2020-03-16T13:06:16","date_gmt":"2020-03-16T13:06:16","guid":{"rendered":"http:\/\/localhost\/epb_industrial_demos\/2\/?page_id=100"},"modified":"2025-06-13T05:53:48","modified_gmt":"2025-06-13T03:53:48","slug":"services-des-agrements","status":"publish","type":"page","link":"https:\/\/apimali.gov.ml\/en\/services-des-agrements\/","title":{"rendered":"Service des agr\u00e9ments"},"content":{"rendered":"<div data-elementor-type=\"wp-page\" data-elementor-id=\"100\" class=\"elementor elementor-100\">\n\t\t\t\t\t\t<section class=\"elementor-section elementor-top-section elementor-element elementor-element-148aff23 elementor-section-boxed elementor-section-height-default elementor-section-height-default\" data-id=\"148aff23\" data-element_type=\"section\" data-e-type=\"section\">\n\t\t\t\t\t\t<div class=\"elementor-container elementor-column-gap-default\">\n\t\t\t\t\t<div class=\"elementor-column elementor-col-100 elementor-top-column elementor-element elementor-element-6fe40bb5\" data-id=\"6fe40bb5\" data-element_type=\"column\" data-e-type=\"column\">\n\t\t\t<div class=\"elementor-widget-wrap elementor-element-populated\">\n\t\t\t\t\t\t<div class=\"elementor-element elementor-element-6fd8980c elementor-widget elementor-widget-heading\" data-id=\"6fd8980c\" data-element_type=\"widget\" data-e-type=\"widget\" data-widget_type=\"heading.default\">\n\t\t\t\t<div class=\"elementor-widget-container\">\n\t\t\t\t\t<h3 class='heading-left  divider-sm'  style=\"color:#000000\"><span>Agr\u00e9ment au code des investissements<\/span><\/h3>\t\t\t\t<\/div>\n\t\t\t\t<\/div>\n\t\t\t\t<div class=\"elementor-element elementor-element-5d4f8828 elementor-widget elementor-widget-text-editor\" data-id=\"5d4f8828\" data-element_type=\"widget\" data-e-type=\"widget\" data-widget_type=\"text-editor.default\">\n\t\t\t\t<div class=\"elementor-widget-container\">\n\t\t\t\t\t\t\t\t\t<p>L\u2019agr\u00e9ment au Code des Investissements constitue un v\u00e9ritable avantage strat\u00e9gique pour les entreprises souhaitant d\u00e9velopper leurs activit\u00e9s au Mali. Accord\u00e9 par l\u2019\u00c9tat \u00e0 travers l\u2019API-Mali, cet agr\u00e9ment permet aux investisseurs \u00e9ligibles de b\u00e9n\u00e9ficier d\u2019un ensemble d\u2019incitations fiscales, douani\u00e8res et administratives pr\u00e9vues par le Code.<\/p><p>API-Mali accompagne les porteurs de projets tout au long du processus de demande d\u2019agr\u00e9ment, depuis la pr\u00e9paration du dossier jusqu\u2019\u00e0 son d\u00e9p\u00f4t et son suivi. Ce soutien vise \u00e0 faciliter l\u2019acc\u00e8s aux avantages offerts, \u00e0 encourager l\u2019investissement productif et \u00e0 stimuler la comp\u00e9titivit\u00e9 des entreprises formellement \u00e9tablies.<\/p><p>L&rsquo;agr\u00e9ment est accord\u00e9 par arr\u00eat\u00e9 du Ministre charg\u00e9 de la Promotion des Investissements dans un d\u00e9lai de vingt (20) jours ouvrables \u00e0 compter de la date de r\u00e9ception du dossier. Si au terme de ce d\u00e9lai, aucune r\u00e9ponse n&rsquo;est donn\u00e9e, l&rsquo;agr\u00e9ment est r\u00e9put\u00e9 accord\u00e9. Dans ce cas, le r\u00e9c\u00e9piss\u00e9 de d\u00e9p\u00f4t de la demande fait foi et tient lieu d&rsquo;agr\u00e9ment. L&rsquo;autorit\u00e9 comp\u00e9tente est alors tenue de d\u00e9livrer l&rsquo;agr\u00e9ment.<\/p><p>D\u00e9cision du code des investissements\u00a0: Autorisation sans avantage fiscaux et douaniers d\u00e9livr\u00e9 par le ministre charg\u00e9 de l\u2019industrie et du commerce.<\/p><p><br \/>Dans le cadre du Code des Investissements, il est possible d\u2019obtenir une autorisation d\u2019investissement sans b\u00e9n\u00e9ficier n\u00e9cessairement des avantages fiscaux et douaniers. Cette autorisation, d\u00e9livr\u00e9e par le ministre charg\u00e9 de l\u2019Industrie et du Commerce, conf\u00e8re toutefois \u00e0 l\u2019entreprise un statut reconnu qui l\u2019inscrit officiellement dans la dynamique nationale de promotion de l\u2019investissement.<br \/>Cette d\u00e9cision constitue une \u00e9tape importante dans le parcours de reconnaissance d\u2019une entreprise aupr\u00e8s des autorit\u00e9s maliennes et de l\u2019API-Mali.<\/p><p><br \/>L\u2019autorisation est octroy\u00e9e par d\u00e9cision dans un d\u00e9lai de cinq (5) jours ouvrables \u00e0 compter de la date de r\u00e9ception du dossier.<br \/>Enregistrement du code des investissements\u00a0:<br \/>Certaines activit\u00e9s \u00e9conomiques, en particulier celles soumises \u00e0 une r\u00e9glementation sp\u00e9cifique telles que le B\u00e2timent et Travaux Publics (BTP), la promotion immobili\u00e8re ou encore les \u00e9tablissements de tourisme etc, n\u00e9cessitent une autorisation pr\u00e9alable dans le cadre du Code des Investissements.<\/p><p><br \/>Cette autorisation est d\u00e9livr\u00e9e par l\u2019API-Mali apr\u00e8s instruction du dossier, et vise \u00e0 encadrer l\u2019exercice de ces activit\u00e9s tout en assurant leur conformit\u00e9 aux exigences l\u00e9gales et sectorielles en vigueur.\u2028Bien qu\u2019elle ne donne pas acc\u00e8s aux avantages fiscaux et douaniers pr\u00e9vus par le Code, cette autorisation constitue une reconnaissance officielle du projet et permet \u00e0 l\u2019entreprise de fonctionner en toute l\u00e9galit\u00e9 dans son domaine d\u2019activit\u00e9.<\/p>\t\t\t\t\t\t\t\t<\/div>\n\t\t\t\t<\/div>\n\t\t\t\t\t<\/div>\n\t\t<\/div>\n\t\t\t\t\t<\/div>\n\t\t<\/section>\n\t\t\t\t<\/div>","protected":false},"excerpt":{"rendered":"<p>Agr\u00e9ment au code des investissements L\u2019agr\u00e9ment au Code des Investissements constitue un v\u00e9ritable avantage strat\u00e9gique pour les entreprises souhaitant d\u00e9velopper leurs activit\u00e9s au Mali. Accord\u00e9 par l\u2019\u00c9tat \u00e0 travers l\u2019API-Mali, cet agr\u00e9ment permet aux investisseurs \u00e9ligibles de b\u00e9n\u00e9ficier d\u2019un ensemble &hellip;<\/p>","protected":false},"author":1,"featured_media":0,"parent":0,"menu_order":0,"comment_status":"closed","ping_status":"closed","template":"","meta":{"footnotes":""},"class_list":["post-100","page","type-page","status-publish","hentry"],"_links":{"self":[{"href":"https:\/\/apimali.gov.ml\/en\/wp-json\/wp\/v2\/pages\/100","targetHints":{"allow":["GET"]}}],"collection":[{"href":"https:\/\/apimali.gov.ml\/en\/wp-json\/wp\/v2\/pages"}],"about":[{"href":"https:\/\/apimali.gov.ml\/en\/wp-json\/wp\/v2\/types\/page"}],"author":[{"embeddable":true,"href":"https:\/\/apimali.gov.ml\/en\/wp-json\/wp\/v2\/users\/1"}],"replies":[{"embeddable":true,"href":"https:\/\/apimali.gov.ml\/en\/wp-json\/wp\/v2\/comments?post=100"}],"version-history":[{"count":4,"href":"https:\/\/apimali.gov.ml\/en\/wp-json\/wp\/v2\/pages\/100\/revisions"}],"predecessor-version":[{"id":1737,"href":"https:\/\/apimali.gov.ml\/en\/wp-json\/wp\/v2\/pages\/100\/revisions\/1737"}],"wp:attachment":[{"href":"https:\/\/apimali.gov.ml\/en\/wp-json\/wp\/v2\/media?parent=100"}],"curies":[{"name":"wp","href":"https:\/\/api.w.org\/{rel}","templated":true}]}}