{"id":102,"date":"2020-03-16T13:08:03","date_gmt":"2020-03-16T13:08:03","guid":{"rendered":"http:\/\/localhost\/epb_industrial_demos\/2\/?page_id=102"},"modified":"2025-12-10T15:35:15","modified_gmt":"2025-12-10T15:35:15","slug":"creation-entreprise","status":"publish","type":"page","link":"https:\/\/apimali.gov.ml\/en\/creation-entreprise\/","title":{"rendered":"Cr\u00e9ation d\u2019entreprise"},"content":{"rendered":"<div data-elementor-type=\"wp-page\" data-elementor-id=\"102\" class=\"elementor elementor-102\">\n\t\t\t\t\t\t<section class=\"elementor-section elementor-top-section elementor-element elementor-element-4de33672 elementor-section-boxed elementor-section-height-default elementor-section-height-default\" data-id=\"4de33672\" data-element_type=\"section\" data-e-type=\"section\">\n\t\t\t\t\t\t<div class=\"elementor-container elementor-column-gap-default\">\n\t\t\t\t\t<div class=\"elementor-column elementor-col-100 elementor-top-column elementor-element elementor-element-4cc55352\" data-id=\"4cc55352\" data-element_type=\"column\" data-e-type=\"column\">\n\t\t\t<div class=\"elementor-widget-wrap elementor-element-populated\">\n\t\t\t\t\t\t<div class=\"elementor-element elementor-element-73296a28 elementor-widget elementor-widget-heading\" data-id=\"73296a28\" data-element_type=\"widget\" data-e-type=\"widget\" data-widget_type=\"heading.default\">\n\t\t\t\t<div class=\"elementor-widget-container\">\n\t\t\t\t\t<h3 class='heading-left  divider-sm'  style=\"color:#000000\"><span>Cr\u00e9ation d\u2019entreprises <\/span><\/h3>\t\t\t\t<\/div>\n\t\t\t\t<\/div>\n\t\t\t\t<div class=\"elementor-element elementor-element-39bbf1b7 elementor-widget elementor-widget-text-editor\" data-id=\"39bbf1b7\" data-element_type=\"widget\" data-e-type=\"widget\" data-widget_type=\"text-editor.default\">\n\t\t\t\t<div class=\"elementor-widget-container\">\n\t\t\t\t\t\t\t\t\t<p class=\"p1\">Le Guichet Unique de l\u2019Agence pour la Promotion des Investissements (API-Mali) constitue un point d\u2019accueil centralis\u00e9 pour tous les entrepreneurs et investisseurs souhaitant cr\u00e9er une entreprise au Mali.<\/p><p class=\"p1\">V\u00e9ritable interface de facilitation, il regroupe en un seul lieu l\u2019ensemble des services n\u00e9cessaires \u00e0 la formalisation des activit\u00e9s \u00e9conomiques : immatriculation des entreprises, d\u00e9livrance des autorisations d\u2019exercice, obtention des agr\u00e9ments au Code des Investissements.<\/p><p class=\"p1\">Gr\u00e2ce \u00e0 ce dispositif, API-Mali s\u2019engage \u00e0 simplifier les d\u00e9marches administratives, r\u00e9duire les d\u00e9lais de traitement et offrir un cadre transparent et efficace pour favoriser l\u2019investissement priv\u00e9 au Mali.<\/p>\t\t\t\t\t\t\t\t<\/div>\n\t\t\t\t<\/div>\n\t\t\t\t\t<\/div>\n\t\t<\/div>\n\t\t\t\t\t<\/div>\n\t\t<\/section>\n\t\t<div class=\"elementor-element elementor-element-939efcb e-flex e-con-boxed e-con e-parent\" data-id=\"939efcb\" data-element_type=\"container\" data-e-type=\"container\">\n\t\t\t\t\t<div class=\"e-con-inner\">\n\t\t\t\t<div class=\"elementor-element elementor-element-2323e04 elementor-widget elementor-widget-video\" data-id=\"2323e04\" data-element_type=\"widget\" data-e-type=\"widget\" data-settings=\"{&quot;youtube_url&quot;:&quot;https:\\\/\\\/youtu.be\\\/5giLho-9Oms&quot;,&quot;video_type&quot;:&quot;youtube&quot;,&quot;controls&quot;:&quot;yes&quot;}\" data-widget_type=\"video.default\">\n\t\t\t\t<div class=\"elementor-widget-container\">\n\t\t\t\t\t\t\t<div class=\"elementor-wrapper elementor-open-inline\">\n\t\t\t<div class=\"elementor-video\"><\/div>\t\t<\/div>\n\t\t\t\t\t\t<\/div>\n\t\t\t\t<\/div>\n\t\t\t\t\t<\/div>\n\t\t\t\t<\/div>\n\t\t\t\t<section class=\"elementor-section elementor-top-section elementor-element elementor-element-2cb0fb94 elementor-section-boxed elementor-section-height-default elementor-section-height-default\" data-id=\"2cb0fb94\" data-element_type=\"section\" data-e-type=\"section\">\n\t\t\t\t\t\t<div class=\"elementor-container elementor-column-gap-default\">\n\t\t\t\t\t<div class=\"elementor-column elementor-col-100 elementor-top-column elementor-element elementor-element-6419a1fe\" data-id=\"6419a1fe\" data-element_type=\"column\" data-e-type=\"column\">\n\t\t\t<div class=\"elementor-widget-wrap elementor-element-populated\">\n\t\t\t\t\t\t<div class=\"elementor-element elementor-element-259c5eb elementor-widget elementor-widget-video\" data-id=\"259c5eb\" data-element_type=\"widget\" data-e-type=\"widget\" data-settings=\"{&quot;youtube_url&quot;:&quot;https:\\\/\\\/youtu.be\\\/VsHPy3nFOds&quot;,&quot;video_type&quot;:&quot;youtube&quot;,&quot;controls&quot;:&quot;yes&quot;}\" data-widget_type=\"video.default\">\n\t\t\t\t<div class=\"elementor-widget-container\">\n\t\t\t\t\t\t\t<div class=\"elementor-wrapper elementor-open-inline\">\n\t\t\t<div class=\"elementor-video\"><\/div>\t\t<\/div>\n\t\t\t\t\t\t<\/div>\n\t\t\t\t<\/div>\n\t\t\t\t\t<\/div>\n\t\t<\/div>\n\t\t\t\t\t<\/div>\n\t\t<\/section>\n\t\t\t\t<\/div>","protected":false},"excerpt":{"rendered":"<p>Cr\u00e9ation d\u2019entreprises Le Guichet Unique de l\u2019Agence pour la Promotion des Investissements (API-Mali) constitue un point d\u2019accueil centralis\u00e9 pour tous les entrepreneurs et investisseurs souhaitant cr\u00e9er une entreprise au Mali. V\u00e9ritable interface de facilitation, il regroupe en un seul lieu &hellip;<\/p>","protected":false},"author":1,"featured_media":0,"parent":0,"menu_order":0,"comment_status":"closed","ping_status":"closed","template":"","meta":{"footnotes":""},"class_list":["post-102","page","type-page","status-publish","hentry"],"_links":{"self":[{"href":"https:\/\/apimali.gov.ml\/en\/wp-json\/wp\/v2\/pages\/102","targetHints":{"allow":["GET"]}}],"collection":[{"href":"https:\/\/apimali.gov.ml\/en\/wp-json\/wp\/v2\/pages"}],"about":[{"href":"https:\/\/apimali.gov.ml\/en\/wp-json\/wp\/v2\/types\/page"}],"author":[{"embeddable":true,"href":"https:\/\/apimali.gov.ml\/en\/wp-json\/wp\/v2\/users\/1"}],"replies":[{"embeddable":true,"href":"https:\/\/apimali.gov.ml\/en\/wp-json\/wp\/v2\/comments?post=102"}],"version-history":[{"count":7,"href":"https:\/\/apimali.gov.ml\/en\/wp-json\/wp\/v2\/pages\/102\/revisions"}],"predecessor-version":[{"id":2217,"href":"https:\/\/apimali.gov.ml\/en\/wp-json\/wp\/v2\/pages\/102\/revisions\/2217"}],"wp:attachment":[{"href":"https:\/\/apimali.gov.ml\/en\/wp-json\/wp\/v2\/media?parent=102"}],"curies":[{"name":"wp","href":"https:\/\/api.w.org\/{rel}","templated":true}]}}