{"id":112,"date":"2020-03-16T13:10:30","date_gmt":"2020-03-16T13:10:30","guid":{"rendered":"http:\/\/localhost\/epb_industrial_demos\/2\/?page_id=112"},"modified":"2025-06-13T05:42:16","modified_gmt":"2025-06-13T03:42:16","slug":"formalisation-2","status":"publish","type":"page","link":"https:\/\/apimali.gov.ml\/en\/formalisation-2\/","title":{"rendered":"Formalisation"},"content":{"rendered":"<div data-elementor-type=\"wp-page\" data-elementor-id=\"112\" class=\"elementor elementor-112\">\n\t\t\t\t\t\t<section class=\"elementor-section elementor-top-section elementor-element elementor-element-9141969 elementor-section-boxed elementor-section-height-default elementor-section-height-default\" data-id=\"9141969\" data-element_type=\"section\" data-e-type=\"section\">\n\t\t\t\t\t\t<div class=\"elementor-container elementor-column-gap-default\">\n\t\t\t\t\t<div class=\"elementor-column elementor-col-100 elementor-top-column elementor-element elementor-element-aa3da3c\" data-id=\"aa3da3c\" data-element_type=\"column\" data-e-type=\"column\">\n\t\t\t<div class=\"elementor-widget-wrap elementor-element-populated\">\n\t\t\t\t\t\t<div class=\"elementor-element elementor-element-6739ccb elementor-widget elementor-widget-heading\" data-id=\"6739ccb\" data-element_type=\"widget\" data-e-type=\"widget\" data-widget_type=\"heading.default\">\n\t\t\t\t<div class=\"elementor-widget-container\">\n\t\t\t\t\t<h3 class='heading-left  divider-sm'  style=\"color:#000000\"><span>Formalisation<\/span><\/h3>\t\t\t\t<\/div>\n\t\t\t\t<\/div>\n\t\t\t\t<div class=\"elementor-element elementor-element-85ca906 elementor-widget elementor-widget-text-editor\" data-id=\"85ca906\" data-element_type=\"widget\" data-e-type=\"widget\" data-widget_type=\"text-editor.default\">\n\t\t\t\t<div class=\"elementor-widget-container\">\n\t\t\t\t\t\t\t\t\t<p class=\"p1\">La formalisation des entreprises est une \u00e9tape essentielle pour int\u00e9grer pleinement le tissu \u00e9conomique national et b\u00e9n\u00e9ficier des avantages offerts par l\u2019\u00c9tat. \u00c0 travers le Guichet Unique, API-Mali accompagne les entrepreneurs dans toutes les d\u00e9marches de r\u00e9gularisation de leurs activit\u00e9s : immatriculation au registre du commerce, attribution du NINEA, obtention des autorisations d\u2019exercice et, le cas \u00e9ch\u00e9ant, des agr\u00e9ments au Code des Investissements.<\/p><p class=\"p1\">Ce service vise \u00e0 simplifier le parcours des porteurs de projets, \u00e0 s\u00e9curiser leur cadre juridique et \u00e0 leur ouvrir l\u2019acc\u00e8s aux dispositifs de soutien public et priv\u00e9. API-Mali \u0153uvre ainsi \u00e0 renforcer l\u2019\u00e9conomie formelle en facilitant l\u2019int\u00e9gration des entreprises dans un environnement l\u00e9gal, structur\u00e9 et propice \u00e0 la croissance.<\/p>\t\t\t\t\t\t\t\t<\/div>\n\t\t\t\t<\/div>\n\t\t\t\t\t<\/div>\n\t\t<\/div>\n\t\t\t\t\t<\/div>\n\t\t<\/section>\n\t\t<div class=\"elementor-element elementor-element-c93ca2e e-grid e-con-boxed e-con e-parent\" data-id=\"c93ca2e\" data-element_type=\"container\" data-e-type=\"container\">\n\t\t\t\t\t<div class=\"e-con-inner\">\n\t\t\t\t<div class=\"elementor-element elementor-element-2722b76 elementor-widget elementor-widget-video\" data-id=\"2722b76\" data-element_type=\"widget\" data-e-type=\"widget\" data-settings=\"{&quot;youtube_url&quot;:&quot;https:\\\/\\\/youtu.be\\\/EmdjqW4BbRE&quot;,&quot;video_type&quot;:&quot;youtube&quot;,&quot;controls&quot;:&quot;yes&quot;}\" data-widget_type=\"video.default\">\n\t\t\t\t<div class=\"elementor-widget-container\">\n\t\t\t\t\t\t\t<div class=\"elementor-wrapper elementor-open-inline\">\n\t\t\t<div class=\"elementor-video\"><\/div>\t\t<\/div>\n\t\t\t\t\t\t<\/div>\n\t\t\t\t<\/div>\n\t\t\t\t\t<\/div>\n\t\t\t\t<\/div>\n\t\t\t\t<\/div>","protected":false},"excerpt":{"rendered":"<p>Formalisation La formalisation des entreprises est une \u00e9tape essentielle pour int\u00e9grer pleinement le tissu \u00e9conomique national et b\u00e9n\u00e9ficier des avantages offerts par l\u2019\u00c9tat. \u00c0 travers le Guichet Unique, API-Mali accompagne les entrepreneurs dans toutes les d\u00e9marches de r\u00e9gularisation de leurs &hellip;<\/p>","protected":false},"author":1,"featured_media":0,"parent":0,"menu_order":0,"comment_status":"closed","ping_status":"closed","template":"","meta":{"footnotes":""},"class_list":["post-112","page","type-page","status-publish","hentry"],"_links":{"self":[{"href":"https:\/\/apimali.gov.ml\/en\/wp-json\/wp\/v2\/pages\/112","targetHints":{"allow":["GET"]}}],"collection":[{"href":"https:\/\/apimali.gov.ml\/en\/wp-json\/wp\/v2\/pages"}],"about":[{"href":"https:\/\/apimali.gov.ml\/en\/wp-json\/wp\/v2\/types\/page"}],"author":[{"embeddable":true,"href":"https:\/\/apimali.gov.ml\/en\/wp-json\/wp\/v2\/users\/1"}],"replies":[{"embeddable":true,"href":"https:\/\/apimali.gov.ml\/en\/wp-json\/wp\/v2\/comments?post=112"}],"version-history":[{"count":4,"href":"https:\/\/apimali.gov.ml\/en\/wp-json\/wp\/v2\/pages\/112\/revisions"}],"predecessor-version":[{"id":1730,"href":"https:\/\/apimali.gov.ml\/en\/wp-json\/wp\/v2\/pages\/112\/revisions\/1730"}],"wp:attachment":[{"href":"https:\/\/apimali.gov.ml\/en\/wp-json\/wp\/v2\/media?parent=112"}],"curies":[{"name":"wp","href":"https:\/\/api.w.org\/{rel}","templated":true}]}}