{"id":1166,"date":"2025-01-24T05:02:06","date_gmt":"2025-01-24T04:02:06","guid":{"rendered":"https:\/\/ap.apimali.gov.ml\/?page_id=1166"},"modified":"2025-01-24T05:10:00","modified_gmt":"2025-01-24T04:10:00","slug":"antennes-regionales","status":"publish","type":"page","link":"https:\/\/apimali.gov.ml\/en\/antennes-regionales\/","title":{"rendered":"ANTENNES R\u00c9GIONALES"},"content":{"rendered":"<div data-elementor-type=\"wp-page\" data-elementor-id=\"1166\" class=\"elementor elementor-1166\">\n\t\t\t\t<div class=\"elementor-element elementor-element-68e6c280 e-grid e-con-boxed e-con e-parent\" data-id=\"68e6c280\" data-element_type=\"container\" data-e-type=\"container\">\n\t\t\t\t\t<div class=\"e-con-inner\">\n\t\t\t\t<div class=\"elementor-element elementor-element-95b35bf e-n-tabs-mobile elementor-widget elementor-widget-n-tabs\" data-id=\"95b35bf\" data-element_type=\"widget\" data-e-type=\"widget\" data-settings=\"{&quot;horizontal_scroll&quot;:&quot;disable&quot;}\" data-widget_type=\"nested-tabs.default\">\n\t\t\t\t<div class=\"elementor-widget-container\">\n\t\t\t\t\t\t\t<div class=\"e-n-tabs\" data-widget-number=\"156972479\" aria-label=\"Onglets. Ouvrez des \u00e9l\u00e9ments avec Entrer ou Espace, fermez-les avec Echape et naviguez \u00e0 l&#039;aide des touches fl\u00e9ch\u00e9es.\">\n\t\t\t<div class=\"e-n-tabs-heading\" role=\"tablist\">\n\t\t\t\t\t<button id=\"e-n-tab-title-1569724791\" data-tab-title-id=\"e-n-tab-title-1569724791\" class=\"e-n-tab-title\" aria-selected=\"true\" data-tab-index=\"1\" role=\"tab\" tabindex=\"0\" aria-controls=\"e-n-tab-content-1569724791\" style=\"--n-tabs-title-order: 1;\">\n\t\t\t\t\t<span class=\"e-n-tab-icon\">\n\t\t\t<svg aria-hidden=\"true\" class=\"e-font-icon-svg e-fas-house-damage\" viewbox=\"0 0 576 512\" xmlns=\"http:\/\/www.w3.org\/2000\/svg\"><path d=\"M288 114.96L69.47 307.71c-1.62 1.46-3.69 2.14-5.47 3.35V496c0 8.84 7.16 16 16 16h149.23L192 439.19l104.11-64-60.16-119.22L384 392.75l-104.11 64L319.81 512H496c8.84 0 16-7.16 16-16V311.1c-1.7-1.16-3.72-1.82-5.26-3.2L288 114.96zm282.69 121.32L512 184.45V48c0-8.84-7.16-16-16-16h-64c-8.84 0-16 7.16-16 16v51.69L314.75 10.31C307.12 3.45 297.56.01 288 0s-19.1 3.41-26.7 10.27L5.31 236.28c-6.57 5.91-7.12 16.02-1.21 22.6l21.4 23.82c5.9 6.57 16.02 7.12 22.6 1.21L277.42 81.63c6.05-5.33 15.12-5.33 21.17 0L527.91 283.9c6.57 5.9 16.69 5.36 22.6-1.21l21.4-23.82c5.9-6.57 5.36-16.69-1.22-22.59z\"><\/path><\/svg>\t\t\t<svg aria-hidden=\"true\" class=\"e-font-icon-svg e-fas-house-damage\" viewbox=\"0 0 576 512\" xmlns=\"http:\/\/www.w3.org\/2000\/svg\"><path d=\"M288 114.96L69.47 307.71c-1.62 1.46-3.69 2.14-5.47 3.35V496c0 8.84 7.16 16 16 16h149.23L192 439.19l104.11-64-60.16-119.22L384 392.75l-104.11 64L319.81 512H496c8.84 0 16-7.16 16-16V311.1c-1.7-1.16-3.72-1.82-5.26-3.2L288 114.96zm282.69 121.32L512 184.45V48c0-8.84-7.16-16-16-16h-64c-8.84 0-16 7.16-16 16v51.69L314.75 10.31C307.12 3.45 297.56.01 288 0s-19.1 3.41-26.7 10.27L5.31 236.28c-6.57 5.91-7.12 16.02-1.21 22.6l21.4 23.82c5.9 6.57 16.02 7.12 22.6 1.21L277.42 81.63c6.05-5.33 15.12-5.33 21.17 0L527.91 283.9c6.57 5.9 16.69 5.36 22.6-1.21l21.4-23.82c5.9-6.57 5.36-16.69-1.22-22.59z\"><\/path><\/svg>\t\t<\/span>\n\t\t\t\t\t<span class=\"e-n-tab-title-text\">\n\t\t\t\tMopti\t\t\t<\/span>\n\t\t<\/button>\n\t\t\t\t<button id=\"e-n-tab-title-1569724792\" data-tab-title-id=\"e-n-tab-title-1569724792\" class=\"e-n-tab-title\" aria-selected=\"false\" data-tab-index=\"2\" role=\"tab\" tabindex=\"-1\" aria-controls=\"e-n-tab-content-1569724792\" style=\"--n-tabs-title-order: 2;\">\n\t\t\t\t\t<span class=\"e-n-tab-icon\">\n\t\t\t<svg aria-hidden=\"true\" class=\"e-font-icon-svg e-fas-house-damage\" viewbox=\"0 0 576 512\" xmlns=\"http:\/\/www.w3.org\/2000\/svg\"><path d=\"M288 114.96L69.47 307.71c-1.62 1.46-3.69 2.14-5.47 3.35V496c0 8.84 7.16 16 16 16h149.23L192 439.19l104.11-64-60.16-119.22L384 392.75l-104.11 64L319.81 512H496c8.84 0 16-7.16 16-16V311.1c-1.7-1.16-3.72-1.82-5.26-3.2L288 114.96zm282.69 121.32L512 184.45V48c0-8.84-7.16-16-16-16h-64c-8.84 0-16 7.16-16 16v51.69L314.75 10.31C307.12 3.45 297.56.01 288 0s-19.1 3.41-26.7 10.27L5.31 236.28c-6.57 5.91-7.12 16.02-1.21 22.6l21.4 23.82c5.9 6.57 16.02 7.12 22.6 1.21L277.42 81.63c6.05-5.33 15.12-5.33 21.17 0L527.91 283.9c6.57 5.9 16.69 5.36 22.6-1.21l21.4-23.82c5.9-6.57 5.36-16.69-1.22-22.59z\"><\/path><\/svg>\t\t\t<svg aria-hidden=\"true\" class=\"e-font-icon-svg e-fas-house-damage\" viewbox=\"0 0 576 512\" xmlns=\"http:\/\/www.w3.org\/2000\/svg\"><path d=\"M288 114.96L69.47 307.71c-1.62 1.46-3.69 2.14-5.47 3.35V496c0 8.84 7.16 16 16 16h149.23L192 439.19l104.11-64-60.16-119.22L384 392.75l-104.11 64L319.81 512H496c8.84 0 16-7.16 16-16V311.1c-1.7-1.16-3.72-1.82-5.26-3.2L288 114.96zm282.69 121.32L512 184.45V48c0-8.84-7.16-16-16-16h-64c-8.84 0-16 7.16-16 16v51.69L314.75 10.31C307.12 3.45 297.56.01 288 0s-19.1 3.41-26.7 10.27L5.31 236.28c-6.57 5.91-7.12 16.02-1.21 22.6l21.4 23.82c5.9 6.57 16.02 7.12 22.6 1.21L277.42 81.63c6.05-5.33 15.12-5.33 21.17 0L527.91 283.9c6.57 5.9 16.69 5.36 22.6-1.21l21.4-23.82c5.9-6.57 5.36-16.69-1.22-22.59z\"><\/path><\/svg>\t\t<\/span>\n\t\t\t\t\t<span class=\"e-n-tab-title-text\">\n\t\t\t\tSIKASSO\t\t\t<\/span>\n\t\t<\/button>\n\t\t\t\t<button id=\"e-n-tab-title-1569724793\" data-tab-title-id=\"e-n-tab-title-1569724793\" class=\"e-n-tab-title\" aria-selected=\"false\" data-tab-index=\"3\" role=\"tab\" tabindex=\"-1\" aria-controls=\"e-n-tab-content-1569724793\" style=\"--n-tabs-title-order: 3;\">\n\t\t\t\t\t<span class=\"e-n-tab-icon\">\n\t\t\t<svg aria-hidden=\"true\" class=\"e-font-icon-svg e-fas-house-damage\" viewbox=\"0 0 576 512\" xmlns=\"http:\/\/www.w3.org\/2000\/svg\"><path d=\"M288 114.96L69.47 307.71c-1.62 1.46-3.69 2.14-5.47 3.35V496c0 8.84 7.16 16 16 16h149.23L192 439.19l104.11-64-60.16-119.22L384 392.75l-104.11 64L319.81 512H496c8.84 0 16-7.16 16-16V311.1c-1.7-1.16-3.72-1.82-5.26-3.2L288 114.96zm282.69 121.32L512 184.45V48c0-8.84-7.16-16-16-16h-64c-8.84 0-16 7.16-16 16v51.69L314.75 10.31C307.12 3.45 297.56.01 288 0s-19.1 3.41-26.7 10.27L5.31 236.28c-6.57 5.91-7.12 16.02-1.21 22.6l21.4 23.82c5.9 6.57 16.02 7.12 22.6 1.21L277.42 81.63c6.05-5.33 15.12-5.33 21.17 0L527.91 283.9c6.57 5.9 16.69 5.36 22.6-1.21l21.4-23.82c5.9-6.57 5.36-16.69-1.22-22.59z\"><\/path><\/svg>\t\t\t<svg aria-hidden=\"true\" class=\"e-font-icon-svg e-fas-house-damage\" viewbox=\"0 0 576 512\" xmlns=\"http:\/\/www.w3.org\/2000\/svg\"><path d=\"M288 114.96L69.47 307.71c-1.62 1.46-3.69 2.14-5.47 3.35V496c0 8.84 7.16 16 16 16h149.23L192 439.19l104.11-64-60.16-119.22L384 392.75l-104.11 64L319.81 512H496c8.84 0 16-7.16 16-16V311.1c-1.7-1.16-3.72-1.82-5.26-3.2L288 114.96zm282.69 121.32L512 184.45V48c0-8.84-7.16-16-16-16h-64c-8.84 0-16 7.16-16 16v51.69L314.75 10.31C307.12 3.45 297.56.01 288 0s-19.1 3.41-26.7 10.27L5.31 236.28c-6.57 5.91-7.12 16.02-1.21 22.6l21.4 23.82c5.9 6.57 16.02 7.12 22.6 1.21L277.42 81.63c6.05-5.33 15.12-5.33 21.17 0L527.91 283.9c6.57 5.9 16.69 5.36 22.6-1.21l21.4-23.82c5.9-6.57 5.36-16.69-1.22-22.59z\"><\/path><\/svg>\t\t<\/span>\n\t\t\t\t\t<span class=\"e-n-tab-title-text\">\n\t\t\t\tKayes\t\t\t<\/span>\n\t\t<\/button>\n\t\t\t\t<button id=\"e-n-tab-title-1569724794\" data-tab-title-id=\"e-n-tab-title-1569724794\" class=\"e-n-tab-title\" aria-selected=\"false\" data-tab-index=\"4\" role=\"tab\" tabindex=\"-1\" aria-controls=\"e-n-tab-content-1569724794\" style=\"--n-tabs-title-order: 4;\">\n\t\t\t\t\t<span class=\"e-n-tab-icon\">\n\t\t\t<svg aria-hidden=\"true\" class=\"e-font-icon-svg e-fas-house-damage\" viewbox=\"0 0 576 512\" xmlns=\"http:\/\/www.w3.org\/2000\/svg\"><path d=\"M288 114.96L69.47 307.71c-1.62 1.46-3.69 2.14-5.47 3.35V496c0 8.84 7.16 16 16 16h149.23L192 439.19l104.11-64-60.16-119.22L384 392.75l-104.11 64L319.81 512H496c8.84 0 16-7.16 16-16V311.1c-1.7-1.16-3.72-1.82-5.26-3.2L288 114.96zm282.69 121.32L512 184.45V48c0-8.84-7.16-16-16-16h-64c-8.84 0-16 7.16-16 16v51.69L314.75 10.31C307.12 3.45 297.56.01 288 0s-19.1 3.41-26.7 10.27L5.31 236.28c-6.57 5.91-7.12 16.02-1.21 22.6l21.4 23.82c5.9 6.57 16.02 7.12 22.6 1.21L277.42 81.63c6.05-5.33 15.12-5.33 21.17 0L527.91 283.9c6.57 5.9 16.69 5.36 22.6-1.21l21.4-23.82c5.9-6.57 5.36-16.69-1.22-22.59z\"><\/path><\/svg>\t\t\t<svg aria-hidden=\"true\" class=\"e-font-icon-svg e-fas-house-damage\" viewbox=\"0 0 576 512\" xmlns=\"http:\/\/www.w3.org\/2000\/svg\"><path d=\"M288 114.96L69.47 307.71c-1.62 1.46-3.69 2.14-5.47 3.35V496c0 8.84 7.16 16 16 16h149.23L192 439.19l104.11-64-60.16-119.22L384 392.75l-104.11 64L319.81 512H496c8.84 0 16-7.16 16-16V311.1c-1.7-1.16-3.72-1.82-5.26-3.2L288 114.96zm282.69 121.32L512 184.45V48c0-8.84-7.16-16-16-16h-64c-8.84 0-16 7.16-16 16v51.69L314.75 10.31C307.12 3.45 297.56.01 288 0s-19.1 3.41-26.7 10.27L5.31 236.28c-6.57 5.91-7.12 16.02-1.21 22.6l21.4 23.82c5.9 6.57 16.02 7.12 22.6 1.21L277.42 81.63c6.05-5.33 15.12-5.33 21.17 0L527.91 283.9c6.57 5.9 16.69 5.36 22.6-1.21l21.4-23.82c5.9-6.57 5.36-16.69-1.22-22.59z\"><\/path><\/svg>\t\t<\/span>\n\t\t\t\t\t<span class=\"e-n-tab-title-text\">\n\t\t\t\tS\u00e9gou\t\t\t<\/span>\n\t\t<\/button>\n\t\t\t\t\t<\/div>\n\t\t\t<div class=\"e-n-tabs-content\">\n\t\t\t\t<div id=\"e-n-tab-content-1569724791\" role=\"tabpanel\" aria-labelledby=\"e-n-tab-title-1569724791\" data-tab-index=\"1\" style=\"--n-tabs-title-order: 1;\" class=\"e-active elementor-element elementor-element-3f147332 e-con-full e-flex e-con e-child\" data-id=\"3f147332\" data-element_type=\"container\" data-e-type=\"container\">\n\t\t<div class=\"elementor-element elementor-element-5124a6ae e-con-full e-flex e-con e-child\" data-id=\"5124a6ae\" data-element_type=\"container\" data-e-type=\"container\">\n\t\t\t\t<div class=\"elementor-element elementor-element-7d62c6d6 elementor-widget elementor-widget-image\" data-id=\"7d62c6d6\" data-element_type=\"widget\" data-e-type=\"widget\" data-widget_type=\"image.default\">\n\t\t\t\t<div class=\"elementor-widget-container\">\n\t\t\t\t\t\t\t\t\t\t\t\t\t\t\t<img fetchpriority=\"high\" decoding=\"async\" width=\"980\" height=\"735\" src=\"https:\/\/apimali.gov.ml\/wp-content\/uploads\/2024\/12\/batiment-Agence-Guichet-Unique-Mopti-2048x1536-1-1024x768.jpg\" class=\"attachment-large size-large wp-image-732\" alt=\"\" srcset=\"https:\/\/apimali.gov.ml\/wp-content\/uploads\/2024\/12\/batiment-Agence-Guichet-Unique-Mopti-2048x1536-1-1024x768.jpg 1024w, https:\/\/apimali.gov.ml\/wp-content\/uploads\/2024\/12\/batiment-Agence-Guichet-Unique-Mopti-2048x1536-1-300x225.jpg 300w, https:\/\/apimali.gov.ml\/wp-content\/uploads\/2024\/12\/batiment-Agence-Guichet-Unique-Mopti-2048x1536-1-768x576.jpg 768w, https:\/\/apimali.gov.ml\/wp-content\/uploads\/2024\/12\/batiment-Agence-Guichet-Unique-Mopti-2048x1536-1-1536x1152.jpg 1536w, https:\/\/apimali.gov.ml\/wp-content\/uploads\/2024\/12\/batiment-Agence-Guichet-Unique-Mopti-2048x1536-1-280x210.jpg 280w, https:\/\/apimali.gov.ml\/wp-content\/uploads\/2024\/12\/batiment-Agence-Guichet-Unique-Mopti-2048x1536-1-600x450.jpg 600w, https:\/\/apimali.gov.ml\/wp-content\/uploads\/2024\/12\/batiment-Agence-Guichet-Unique-Mopti-2048x1536-1.jpg 2048w\" sizes=\"(max-width: 980px) 100vw, 980px\" \/>\t\t\t\t\t\t\t\t\t\t\t\t\t\t\t<\/div>\n\t\t\t\t<\/div>\n\t\t\t\t<\/div>\n\t\t<div class=\"elementor-element elementor-element-1dc6a681 e-con-full e-flex e-con e-child\" data-id=\"1dc6a681\" data-element_type=\"container\" data-e-type=\"container\">\n\t\t\t\t<div class=\"elementor-element elementor-element-6aeeab9b elementor-widget elementor-widget-text-editor\" data-id=\"6aeeab9b\" data-element_type=\"widget\" data-e-type=\"widget\" data-widget_type=\"text-editor.default\">\n\t\t\t\t<div class=\"elementor-widget-container\">\n\t\t\t\t\t\t\t\t\t<ul class=\"post__contact-list\"><li class=\"post__contact-item post__contact-item--address\"><div class=\"post__contact\"><h3 class=\"post__contact-title\">Contact<\/h3><ul class=\"post__contact-list\"><li class=\"post__contact-item post__contact-item--phone\"><a class=\"post__contact-item-link\" href=\"tel:+223 21 42 18 25\" target=\"_blank\" rel=\"noopener\">+223 21 42 18 25<\/a><\/li><li class=\"post__contact-item post__contact-item--email\"><a class=\"post__contact-item-link\" href=\"mailto:api.mopti@apimali.gov.ml\">api.mopti@apimali.gov.ml<\/a><\/li><li class=\"post__contact-item post__contact-item--website\"><a class=\"post__contact-item-link\" href=\"http:\/\/apimali.gov.ml\/en\/\" target=\"_blank\" rel=\"noopener\">apimali.gov.ml<\/a><\/li><li class=\"post__contact-item post__contact-item--address\">Guichet Unique de Mopti<br \/>Locaux Conseil R\u00e9gional<\/li><\/ul><\/div><div class=\"post__hours\">\u00a0<\/div><\/li><\/ul>\t\t\t\t\t\t\t\t<\/div>\n\t\t\t\t<\/div>\n\t\t\t\t<div class=\"elementor-element elementor-element-1e499ac5 elementor-widget elementor-widget-text-editor\" data-id=\"1e499ac5\" data-element_type=\"widget\" data-e-type=\"widget\" data-widget_type=\"text-editor.default\">\n\t\t\t\t<div class=\"elementor-widget-container\">\n\t\t\t\t\t\t\t\t\t<p><img decoding=\"async\" class=\"alignnone wp-image-737 size-full\" src=\"https:\/\/aawatech.com\/wp-content\/uploads\/2024\/12\/Capture-decran-2024-12-26-a-02.14.10.png\" alt=\"\" width=\"867\" height=\"379\" srcset=\"https:\/\/apimali.gov.ml\/wp-content\/uploads\/2024\/12\/Capture-decran-2024-12-26-a-02.14.10.png 867w, https:\/\/apimali.gov.ml\/wp-content\/uploads\/2024\/12\/Capture-decran-2024-12-26-a-02.14.10-300x131.png 300w, https:\/\/apimali.gov.ml\/wp-content\/uploads\/2024\/12\/Capture-decran-2024-12-26-a-02.14.10-768x336.png 768w, https:\/\/apimali.gov.ml\/wp-content\/uploads\/2024\/12\/Capture-decran-2024-12-26-a-02.14.10-600x262.png 600w\" sizes=\"(max-width: 867px) 100vw, 867px\" \/><\/p>\t\t\t\t\t\t\t\t<\/div>\n\t\t\t\t<\/div>\n\t\t\t\t<\/div>\n\t\t\t\t<\/div>\n\t\t<div id=\"e-n-tab-content-1569724792\" role=\"tabpanel\" aria-labelledby=\"e-n-tab-title-1569724792\" data-tab-index=\"2\" style=\"--n-tabs-title-order: 2;\" class=\"elementor-element elementor-element-6e1705ab e-con-full e-flex e-con e-child\" data-id=\"6e1705ab\" data-element_type=\"container\" data-e-type=\"container\">\n\t\t<div class=\"elementor-element elementor-element-6b51661d e-con-full e-flex e-con e-child\" data-id=\"6b51661d\" data-element_type=\"container\" data-e-type=\"container\">\n\t\t\t\t<div class=\"elementor-element elementor-element-3184dbca elementor-widget elementor-widget-image\" data-id=\"3184dbca\" data-element_type=\"widget\" data-e-type=\"widget\" data-widget_type=\"image.default\">\n\t\t\t\t<div class=\"elementor-widget-container\">\n\t\t\t\t\t\t\t\t\t\t\t\t\t\t\t<img decoding=\"async\" width=\"980\" height=\"735\" src=\"https:\/\/apimali.gov.ml\/wp-content\/uploads\/2024\/12\/Agence-Guichet-Unique-SIKASSO-Batiment-2048x1536-1-1024x768.jpg\" class=\"attachment-large size-large wp-image-742\" alt=\"\" srcset=\"https:\/\/apimali.gov.ml\/wp-content\/uploads\/2024\/12\/Agence-Guichet-Unique-SIKASSO-Batiment-2048x1536-1-1024x768.jpg 1024w, https:\/\/apimali.gov.ml\/wp-content\/uploads\/2024\/12\/Agence-Guichet-Unique-SIKASSO-Batiment-2048x1536-1-300x225.jpg 300w, https:\/\/apimali.gov.ml\/wp-content\/uploads\/2024\/12\/Agence-Guichet-Unique-SIKASSO-Batiment-2048x1536-1-768x576.jpg 768w, https:\/\/apimali.gov.ml\/wp-content\/uploads\/2024\/12\/Agence-Guichet-Unique-SIKASSO-Batiment-2048x1536-1-1536x1152.jpg 1536w, https:\/\/apimali.gov.ml\/wp-content\/uploads\/2024\/12\/Agence-Guichet-Unique-SIKASSO-Batiment-2048x1536-1-280x210.jpg 280w, https:\/\/apimali.gov.ml\/wp-content\/uploads\/2024\/12\/Agence-Guichet-Unique-SIKASSO-Batiment-2048x1536-1-600x450.jpg 600w, https:\/\/apimali.gov.ml\/wp-content\/uploads\/2024\/12\/Agence-Guichet-Unique-SIKASSO-Batiment-2048x1536-1.jpg 2048w\" sizes=\"(max-width: 980px) 100vw, 980px\" \/>\t\t\t\t\t\t\t\t\t\t\t\t\t\t\t<\/div>\n\t\t\t\t<\/div>\n\t\t\t\t<\/div>\n\t\t<div class=\"elementor-element elementor-element-4404fee0 e-con-full e-flex e-con e-child\" data-id=\"4404fee0\" data-element_type=\"container\" data-e-type=\"container\">\n\t\t\t\t<div class=\"elementor-element elementor-element-62e3570c elementor-widget elementor-widget-text-editor\" data-id=\"62e3570c\" data-element_type=\"widget\" data-e-type=\"widget\" data-widget_type=\"text-editor.default\">\n\t\t\t\t<div class=\"elementor-widget-container\">\n\t\t\t\t\t\t\t\t\t<ul class=\"post__contact-list\"><li class=\"post__contact-item post__contact-item--address\"><div class=\"post__contact\"><h3 class=\"post__contact-title\">Contact<\/h3><ul class=\"post__contact-list\"><li class=\"post__contact-item post__contact-item--phone\"><a class=\"post__contact-item-link\" href=\"tel:+223 21 62 16 66\" target=\"_blank\" rel=\"noopener\">+223 21 62 16 66<\/a><\/li><li class=\"post__contact-item post__contact-item--email\"><a class=\"post__contact-item-link\" href=\"mailto:api.sikasso@apimali.gov.ml\">api.sikasso@apimali.gov.ml<\/a><\/li><li class=\"post__contact-item post__contact-item--address\">Guichet Unique de Sikasso<br \/>Locaux Direction R\u00e9gionale<br \/>des industries<\/li><li class=\"post__contact-item post__contact-item--phone\">\u00a0<\/li><\/ul><\/div><\/li><\/ul>\t\t\t\t\t\t\t\t<\/div>\n\t\t\t\t<\/div>\n\t\t\t\t<div class=\"elementor-element elementor-element-32c398fa elementor-widget elementor-widget-text-editor\" data-id=\"32c398fa\" data-element_type=\"widget\" data-e-type=\"widget\" data-widget_type=\"text-editor.default\">\n\t\t\t\t<div class=\"elementor-widget-container\">\n\t\t\t\t\t\t\t\t\t<p><img decoding=\"async\" class=\"alignnone wp-image-737 size-full\" src=\"https:\/\/aawatech.com\/wp-content\/uploads\/2024\/12\/Capture-decran-2024-12-26-a-02.14.10.png\" alt=\"\" width=\"867\" height=\"379\" srcset=\"https:\/\/apimali.gov.ml\/wp-content\/uploads\/2024\/12\/Capture-decran-2024-12-26-a-02.14.10.png 867w, https:\/\/apimali.gov.ml\/wp-content\/uploads\/2024\/12\/Capture-decran-2024-12-26-a-02.14.10-300x131.png 300w, https:\/\/apimali.gov.ml\/wp-content\/uploads\/2024\/12\/Capture-decran-2024-12-26-a-02.14.10-768x336.png 768w, https:\/\/apimali.gov.ml\/wp-content\/uploads\/2024\/12\/Capture-decran-2024-12-26-a-02.14.10-600x262.png 600w\" sizes=\"(max-width: 867px) 100vw, 867px\" \/><\/p>\t\t\t\t\t\t\t\t<\/div>\n\t\t\t\t<\/div>\n\t\t\t\t<\/div>\n\t\t\t\t<\/div>\n\t\t<div id=\"e-n-tab-content-1569724793\" role=\"tabpanel\" aria-labelledby=\"e-n-tab-title-1569724793\" data-tab-index=\"3\" style=\"--n-tabs-title-order: 3;\" class=\"elementor-element elementor-element-163bc76e e-con-full e-flex e-con e-child\" data-id=\"163bc76e\" data-element_type=\"container\" data-e-type=\"container\">\n\t\t<div class=\"elementor-element elementor-element-3e19d86c e-con-full e-flex e-con e-child\" data-id=\"3e19d86c\" data-element_type=\"container\" data-e-type=\"container\">\n\t\t\t\t<div class=\"elementor-element elementor-element-4110ec3 elementor-widget elementor-widget-image\" data-id=\"4110ec3\" data-element_type=\"widget\" data-e-type=\"widget\" data-widget_type=\"image.default\">\n\t\t\t\t<div class=\"elementor-widget-container\">\n\t\t\t\t\t\t\t\t\t\t\t\t\t\t\t<img loading=\"lazy\" decoding=\"async\" width=\"980\" height=\"551\" src=\"https:\/\/apimali.gov.ml\/wp-content\/uploads\/2024\/12\/Agence-Guichet-Unique-KAYES-Batiment.jpg\" class=\"attachment-large size-large wp-image-746\" alt=\"\" srcset=\"https:\/\/apimali.gov.ml\/wp-content\/uploads\/2024\/12\/Agence-Guichet-Unique-KAYES-Batiment.jpg 1024w, https:\/\/apimali.gov.ml\/wp-content\/uploads\/2024\/12\/Agence-Guichet-Unique-KAYES-Batiment-300x169.jpg 300w, https:\/\/apimali.gov.ml\/wp-content\/uploads\/2024\/12\/Agence-Guichet-Unique-KAYES-Batiment-768x432.jpg 768w, https:\/\/apimali.gov.ml\/wp-content\/uploads\/2024\/12\/Agence-Guichet-Unique-KAYES-Batiment-600x338.jpg 600w\" sizes=\"(max-width: 980px) 100vw, 980px\" \/>\t\t\t\t\t\t\t\t\t\t\t\t\t\t\t<\/div>\n\t\t\t\t<\/div>\n\t\t\t\t<\/div>\n\t\t<div class=\"elementor-element elementor-element-1144e0ca e-con-full e-flex e-con e-child\" data-id=\"1144e0ca\" data-element_type=\"container\" data-e-type=\"container\">\n\t\t\t\t<div class=\"elementor-element elementor-element-6f5f0391 elementor-widget elementor-widget-text-editor\" data-id=\"6f5f0391\" data-element_type=\"widget\" data-e-type=\"widget\" data-widget_type=\"text-editor.default\">\n\t\t\t\t<div class=\"elementor-widget-container\">\n\t\t\t\t\t\t\t\t\t<ul class=\"post__contact-list\"><li class=\"post__contact-item post__contact-item--address\"><div class=\"post__contact\"><h3 class=\"post__contact-title\">Contact<\/h3><ul class=\"post__contact-list\"><li class=\"post__contact-item post__contact-item--phone\"><a class=\"post__contact-item-link\" href=\"tel:+223 21 52 24 82\" target=\"_blank\" rel=\"noopener\">+223 21 52 24 82<\/a><\/li><li class=\"post__contact-item post__contact-item--email\"><a class=\"post__contact-item-link\" href=\"mailto:api.kayes@apimali.gov.ml\">api.kayes@apimali.gov.ml<\/a><\/li><li class=\"post__contact-item post__contact-item--website\"><a class=\"post__contact-item-link\" href=\"http:\/\/apimali.gov.ml\/en\/\" target=\"_blank\" rel=\"noopener\">apimali.gov.ml<\/a><\/li><li class=\"post__contact-item post__contact-item--address\">Guichet Unique de Kayes<br \/>Locaux Conseil R\u00e9gional<\/li><\/ul><\/div><\/li><\/ul>\t\t\t\t\t\t\t\t<\/div>\n\t\t\t\t<\/div>\n\t\t\t\t<div class=\"elementor-element elementor-element-2fc47639 elementor-widget elementor-widget-text-editor\" data-id=\"2fc47639\" data-element_type=\"widget\" data-e-type=\"widget\" data-widget_type=\"text-editor.default\">\n\t\t\t\t<div class=\"elementor-widget-container\">\n\t\t\t\t\t\t\t\t\t<p><img decoding=\"async\" class=\"alignnone wp-image-737 size-full\" src=\"https:\/\/aawatech.com\/wp-content\/uploads\/2024\/12\/Capture-decran-2024-12-26-a-02.14.10.png\" alt=\"\" width=\"867\" height=\"379\" srcset=\"https:\/\/apimali.gov.ml\/wp-content\/uploads\/2024\/12\/Capture-decran-2024-12-26-a-02.14.10.png 867w, https:\/\/apimali.gov.ml\/wp-content\/uploads\/2024\/12\/Capture-decran-2024-12-26-a-02.14.10-300x131.png 300w, https:\/\/apimali.gov.ml\/wp-content\/uploads\/2024\/12\/Capture-decran-2024-12-26-a-02.14.10-768x336.png 768w, https:\/\/apimali.gov.ml\/wp-content\/uploads\/2024\/12\/Capture-decran-2024-12-26-a-02.14.10-600x262.png 600w\" sizes=\"(max-width: 867px) 100vw, 867px\" \/><\/p>\t\t\t\t\t\t\t\t<\/div>\n\t\t\t\t<\/div>\n\t\t\t\t<\/div>\n\t\t\t\t<\/div>\n\t\t<div id=\"e-n-tab-content-1569724794\" role=\"tabpanel\" aria-labelledby=\"e-n-tab-title-1569724794\" data-tab-index=\"4\" style=\"--n-tabs-title-order: 4;\" class=\"elementor-element elementor-element-24276c84 e-con-full e-flex e-con e-child\" data-id=\"24276c84\" data-element_type=\"container\" data-e-type=\"container\">\n\t\t<div class=\"elementor-element elementor-element-3480959b e-con-full e-flex e-con e-child\" data-id=\"3480959b\" data-element_type=\"container\" data-e-type=\"container\">\n\t\t\t\t<div class=\"elementor-element elementor-element-5053afd8 elementor-widget elementor-widget-image\" data-id=\"5053afd8\" data-element_type=\"widget\" data-e-type=\"widget\" data-widget_type=\"image.default\">\n\t\t\t\t<div class=\"elementor-widget-container\">\n\t\t\t\t\t\t\t\t\t\t\t\t\t\t\t<img loading=\"lazy\" decoding=\"async\" width=\"655\" height=\"523\" src=\"https:\/\/apimali.gov.ml\/wp-content\/uploads\/2024\/12\/Capture-decran-2024-12-26-a-02.25.42.png\" class=\"attachment-large size-large wp-image-751\" alt=\"\" srcset=\"https:\/\/apimali.gov.ml\/wp-content\/uploads\/2024\/12\/Capture-decran-2024-12-26-a-02.25.42.png 655w, https:\/\/apimali.gov.ml\/wp-content\/uploads\/2024\/12\/Capture-decran-2024-12-26-a-02.25.42-300x240.png 300w, https:\/\/apimali.gov.ml\/wp-content\/uploads\/2024\/12\/Capture-decran-2024-12-26-a-02.25.42-600x479.png 600w\" sizes=\"(max-width: 655px) 100vw, 655px\" \/>\t\t\t\t\t\t\t\t\t\t\t\t\t\t\t<\/div>\n\t\t\t\t<\/div>\n\t\t\t\t<\/div>\n\t\t<div class=\"elementor-element elementor-element-3b75bb5c e-con-full e-flex e-con e-child\" data-id=\"3b75bb5c\" data-element_type=\"container\" data-e-type=\"container\">\n\t\t\t\t<div class=\"elementor-element elementor-element-56c72160 elementor-widget elementor-widget-text-editor\" data-id=\"56c72160\" data-element_type=\"widget\" data-e-type=\"widget\" data-widget_type=\"text-editor.default\">\n\t\t\t\t<div class=\"elementor-widget-container\">\n\t\t\t\t\t\t\t\t\t<ul class=\"post__contact-list\"><li class=\"post__contact-item post__contact-item--address\"><div class=\"post__contact\"><h3 class=\"post__contact-title\">Contact<\/h3><ul class=\"post__contact-list\"><li class=\"post__contact-item post__contact-item--phone\"><a class=\"post__contact-item-link\" href=\"tel:+223 21 32 39 67\" target=\"_blank\" rel=\"noopener\">+223 21 32 39 67<\/a><\/li><li class=\"post__contact-item post__contact-item--email\"><a class=\"post__contact-item-link\" href=\"mailto:api.segou@apimali.gov.ml\">api.segou@apimali.gov.ml<\/a><\/li><li class=\"post__contact-item post__contact-item--address\">Guichet Unique de S\u00e9gou<br \/>Contigu \u00e0 la Direction R\u00e9gionale<br \/>des industries<\/li><\/ul><\/div><\/li><\/ul>\t\t\t\t\t\t\t\t<\/div>\n\t\t\t\t<\/div>\n\t\t\t\t<div class=\"elementor-element elementor-element-41230b0 elementor-widget elementor-widget-text-editor\" data-id=\"41230b0\" data-element_type=\"widget\" data-e-type=\"widget\" data-widget_type=\"text-editor.default\">\n\t\t\t\t<div class=\"elementor-widget-container\">\n\t\t\t\t\t\t\t\t\t<p><img decoding=\"async\" class=\"alignnone wp-image-737 size-full\" src=\"https:\/\/aawatech.com\/wp-content\/uploads\/2024\/12\/Capture-decran-2024-12-26-a-02.14.10.png\" alt=\"\" width=\"867\" height=\"379\" srcset=\"https:\/\/apimali.gov.ml\/wp-content\/uploads\/2024\/12\/Capture-decran-2024-12-26-a-02.14.10.png 867w, https:\/\/apimali.gov.ml\/wp-content\/uploads\/2024\/12\/Capture-decran-2024-12-26-a-02.14.10-300x131.png 300w, https:\/\/apimali.gov.ml\/wp-content\/uploads\/2024\/12\/Capture-decran-2024-12-26-a-02.14.10-768x336.png 768w, https:\/\/apimali.gov.ml\/wp-content\/uploads\/2024\/12\/Capture-decran-2024-12-26-a-02.14.10-600x262.png 600w\" sizes=\"(max-width: 867px) 100vw, 867px\" \/><\/p>\t\t\t\t\t\t\t\t<\/div>\n\t\t\t\t<\/div>\n\t\t\t\t<\/div>\n\t\t\t\t<\/div>\n\t\t\t\t\t<\/div>\n\t\t<\/div>\n\t\t\t\t\t\t<\/div>\n\t\t\t\t<\/div>\n\t\t\t\t\t<\/div>\n\t\t\t\t<\/div>\n\t\t\t\t<\/div>","protected":false},"excerpt":{"rendered":"<p>Mopti SIKASSO Kayes S\u00e9gou Contact +223 21 42 18 25 api.mopti@apimali.gov.ml apimali.gov.ml Guichet Unique de MoptiLocaux Conseil R\u00e9gional \u00a0 Contact +223 21 62 16 66 api.sikasso@apimali.gov.ml Guichet Unique de SikassoLocaux Direction R\u00e9gionaledes industries \u00a0 Contact +223 21 52 24 82 &hellip;<\/p>","protected":false},"author":1,"featured_media":0,"parent":0,"menu_order":0,"comment_status":"closed","ping_status":"closed","template":"","meta":{"footnotes":""},"class_list":["post-1166","page","type-page","status-publish","hentry"],"_links":{"self":[{"href":"https:\/\/apimali.gov.ml\/en\/wp-json\/wp\/v2\/pages\/1166","targetHints":{"allow":["GET"]}}],"collection":[{"href":"https:\/\/apimali.gov.ml\/en\/wp-json\/wp\/v2\/pages"}],"about":[{"href":"https:\/\/apimali.gov.ml\/en\/wp-json\/wp\/v2\/types\/page"}],"author":[{"embeddable":true,"href":"https:\/\/apimali.gov.ml\/en\/wp-json\/wp\/v2\/users\/1"}],"replies":[{"embeddable":true,"href":"https:\/\/apimali.gov.ml\/en\/wp-json\/wp\/v2\/comments?post=1166"}],"version-history":[{"count":10,"href":"https:\/\/apimali.gov.ml\/en\/wp-json\/wp\/v2\/pages\/1166\/revisions"}],"predecessor-version":[{"id":1178,"href":"https:\/\/apimali.gov.ml\/en\/wp-json\/wp\/v2\/pages\/1166\/revisions\/1178"}],"wp:attachment":[{"href":"https:\/\/apimali.gov.ml\/en\/wp-json\/wp\/v2\/media?parent=1166"}],"curies":[{"name":"wp","href":"https:\/\/api.w.org\/{rel}","templated":true}]}}