{"id":1180,"date":"2025-01-24T05:36:46","date_gmt":"2025-01-24T04:36:46","guid":{"rendered":"https:\/\/ap.apimali.gov.ml\/?page_id=1180"},"modified":"2025-06-13T06:11:58","modified_gmt":"2025-06-13T04:11:58","slug":"diversite-et-richesse-culturelle","status":"publish","type":"page","link":"https:\/\/apimali.gov.ml\/en\/diversite-et-richesse-culturelle\/","title":{"rendered":"Diversit\u00e9 et richesse culturelle"},"content":{"rendered":"<div data-elementor-type=\"wp-page\" data-elementor-id=\"1180\" class=\"elementor elementor-1180\">\n\t\t\t\t<div class=\"elementor-element elementor-element-1271fd5 e-flex e-con-boxed e-con e-parent\" data-id=\"1271fd5\" data-element_type=\"container\" data-e-type=\"container\">\n\t\t\t\t\t<div class=\"e-con-inner\">\n\t\t\t\t\t<\/div>\n\t\t\t\t<\/div>\n\t\t<div class=\"elementor-element elementor-element-06017d1 e-flex e-con-boxed e-con e-parent\" data-id=\"06017d1\" data-element_type=\"container\" data-e-type=\"container\">\n\t\t\t\t\t<div class=\"e-con-inner\">\n\t\t<div class=\"elementor-element elementor-element-5496b88 e-con-full e-flex e-con e-child\" data-id=\"5496b88\" data-element_type=\"container\" data-e-type=\"container\">\n\t\t\t\t<div class=\"elementor-element elementor-element-99e59bb elementor-drop-cap-yes elementor-drop-cap-view-default elementor-widget elementor-widget-text-editor\" data-id=\"99e59bb\" data-element_type=\"widget\" data-e-type=\"widget\" data-settings=\"{&quot;drop_cap&quot;:&quot;yes&quot;}\" data-widget_type=\"text-editor.default\">\n\t\t\t\t<div class=\"elementor-widget-container\">\n\t\t\t\t\t\t\t\t\t<p>Le Mali est un pays d\u2019Afrique de l\u2019Ouest r\u00e9put\u00e9 pour sa diversit\u00e9 ethnique, son patrimoine historique et ses traditions artistiques vibrantes. Berceau des grands empires (Ghana, Mali, Songha\u00ef), il abrite des sites class\u00e9s au patrimoine mondial de l&rsquo;UNESCO et une culture profond\u00e9ment ancr\u00e9e dans la musique, l\u2019artisanat et les r\u00e9cits oraux.<\/p><ol><li><span style=\"text-decoration: underline; color: #000080;\"><strong>Groupes Ethniques et Langues<\/strong><\/span><\/li><\/ol><p>Le Mali compte plus d\u2019une vingtaine d\u2019ethnies, chacune avec ses traditions :<\/p><p><span style=\"text-decoration: underline;\">Bambara<\/span> (35% de la population) : Majoritaires, langue dominante (bamanankan).<\/p><p><span style=\"text-decoration: underline;\">Peuls<\/span> (Fula) : \u00c9leveurs nomades, culture pastorale.<\/p><p><span style=\"text-decoration: underline;\">Sonink\u00e9s et Malink\u00e9s<\/span> : H\u00e9ritiers de l\u2019Empire du Mali.<\/p><p><span style=\"text-decoration: underline;\">Songha\u00efs<\/span> : Dominants dans la r\u00e9gion de Gao, ancien Empire Songha\u00ef.<\/p><p><span style=\"text-decoration: underline;\">Touaregs<\/span> (Kel Tamasheq) : Nomades du d\u00e9sert, culture berb\u00e8re.<\/p><p><span style=\"text-decoration: underline;\">Arabes ou maures<\/span> ( Arabes)\u00a0: Nomades pratiquant le commerce et l\u2019\u00e9levage, nomades du d\u00e9sert.<\/p><p><span style=\"text-decoration: underline;\">Dogon<\/span> : Connus pour leur cosmogonie unique et leurs villages escarp\u00e9s.<\/p><p><span style=\"text-decoration: underline;\">Langues<\/span> : Le fran\u00e7ais (officiel), mais les langues locales comme le bambara, le peul et le tamasheq sont largement parl\u00e9es.<\/p><p>\u00a0<\/p><ol start=\"2\"><li><span style=\"font-size: 18px;\"><strong><span style=\"color: #000080;\">Patrimoine Historique et UNESCO<\/span><\/strong><\/span><\/li><\/ol><p><span style=\"text-decoration: underline;\">Tombouctou<\/span> : \u00ab\u00a0La ville aux 333 saints\u00a0\u00bb, ancien centre intellectuel islamique avec ses manuscrits anciens.<\/p><p><span style=\"text-decoration: underline;\">Djenn\u00e9<\/span> : Sa grande mosqu\u00e9e en banco (argile), plus grand \u00e9difice en terre au monde.<\/p><p><span style=\"text-decoration: underline;\">Pays Dogon<\/span> : Falaises de Bandiagara, habitations troglodytiques et rites animistes.<\/p><p>Vestiges des empires (Kangaba, Gao, Niani).<\/p><p>\u00a0<\/p><ol start=\"3\"><li><span style=\"color: #000080;\"><strong><span style=\"font-size: 18px;\">Arts et Traditions<\/span><\/strong><\/span><\/li><\/ol><p style=\"text-align: center;\"><strong>Musique<\/strong><\/p><p><span style=\"text-decoration: underline;\">Griots (Djeli)<\/span> : Gardiens de l\u2019histoire orale, ma\u00eetres de la kora et du ngoni.<\/p><p><span style=\"text-decoration: underline;\">Artistes mondialement reconnus<\/span> : Salif Ke\u00efta, Ali Farka Tour\u00e9, Oumou Sangar\u00e9, Tinariwen (musique touar\u00e8gue).<\/p><p><span style=\"text-decoration: underline;\">Festivals<\/span> : Festival au D\u00e9sert (avant la crise), Festival sur le Niger (S\u00e9gou).<\/p><p>\u00a0<\/p><p style=\"text-align: center;\"><strong>Artisanat<\/strong><\/p><p><span style=\"text-decoration: underline;\">Bogolan<\/span> : Tissu teint \u00e0 la boue, symbole de l\u2019artisanat malien.<\/p><p>Bijoux touaregs (en argent), poteries, masques dogons.<\/p><p>Litt\u00e9rature Orale et Contes<\/p><p>Tradition des griots transmettant les \u00e9pop\u00e9es (ex. Soundiata Ke\u00efta).<\/p>\t\t\t\t\t\t\t\t<\/div>\n\t\t\t\t<\/div>\n\t\t\t\t<\/div>\n\t\t<div class=\"elementor-element elementor-element-16dc848 e-con-full e-flex e-con e-child\" data-id=\"16dc848\" data-element_type=\"container\" data-e-type=\"container\">\n\t\t\t\t<div class=\"elementor-element elementor-element-affec36 elementor-widget elementor-widget-image\" data-id=\"affec36\" data-element_type=\"widget\" data-e-type=\"widget\" data-widget_type=\"image.default\">\n\t\t\t\t<div class=\"elementor-widget-container\">\n\t\t\t\t\t\t\t\t\t\t\t\t\t\t\t<img fetchpriority=\"high\" decoding=\"async\" width=\"1536\" height=\"864\" src=\"https:\/\/apimali.gov.ml\/wp-content\/uploads\/2025\/06\/API_SecteursEco-Mali-26-1536x864.jpg\" class=\"attachment-1536x1536 size-1536x1536 wp-image-1619\" alt=\"\" srcset=\"https:\/\/apimali.gov.ml\/wp-content\/uploads\/2025\/06\/API_SecteursEco-Mali-26-1536x864.jpg 1536w, https:\/\/apimali.gov.ml\/wp-content\/uploads\/2025\/06\/API_SecteursEco-Mali-26-300x169.jpg 300w, https:\/\/apimali.gov.ml\/wp-content\/uploads\/2025\/06\/API_SecteursEco-Mali-26-1024x576.jpg 1024w, https:\/\/apimali.gov.ml\/wp-content\/uploads\/2025\/06\/API_SecteursEco-Mali-26-768x432.jpg 768w, https:\/\/apimali.gov.ml\/wp-content\/uploads\/2025\/06\/API_SecteursEco-Mali-26-2048x1152.jpg 2048w, https:\/\/apimali.gov.ml\/wp-content\/uploads\/2025\/06\/API_SecteursEco-Mali-26-18x10.jpg 18w, https:\/\/apimali.gov.ml\/wp-content\/uploads\/2025\/06\/API_SecteursEco-Mali-26-600x337.jpg 600w\" sizes=\"(max-width: 1536px) 100vw, 1536px\" \/>\t\t\t\t\t\t\t\t\t\t\t\t\t\t\t<\/div>\n\t\t\t\t<\/div>\n\t\t\t\t<div class=\"elementor-element elementor-element-dbb7773 elementor-widget elementor-widget-image\" data-id=\"dbb7773\" data-element_type=\"widget\" data-e-type=\"widget\" data-widget_type=\"image.default\">\n\t\t\t\t<div class=\"elementor-widget-container\">\n\t\t\t\t\t\t\t\t\t\t\t\t\t\t\t<img decoding=\"async\" width=\"1536\" height=\"1023\" src=\"https:\/\/apimali.gov.ml\/wp-content\/uploads\/2025\/06\/API_SecteursEco-Mali-11-1536x1023.jpg\" class=\"attachment-1536x1536 size-1536x1536 wp-image-1631\" alt=\"\" srcset=\"https:\/\/apimali.gov.ml\/wp-content\/uploads\/2025\/06\/API_SecteursEco-Mali-11-1536x1023.jpg 1536w, https:\/\/apimali.gov.ml\/wp-content\/uploads\/2025\/06\/API_SecteursEco-Mali-11-300x200.jpg 300w, https:\/\/apimali.gov.ml\/wp-content\/uploads\/2025\/06\/API_SecteursEco-Mali-11-1024x682.jpg 1024w, https:\/\/apimali.gov.ml\/wp-content\/uploads\/2025\/06\/API_SecteursEco-Mali-11-768x511.jpg 768w, https:\/\/apimali.gov.ml\/wp-content\/uploads\/2025\/06\/API_SecteursEco-Mali-11-18x12.jpg 18w, https:\/\/apimali.gov.ml\/wp-content\/uploads\/2025\/06\/API_SecteursEco-Mali-11-600x400.jpg 600w, https:\/\/apimali.gov.ml\/wp-content\/uploads\/2025\/06\/API_SecteursEco-Mali-11.jpg 2000w\" sizes=\"(max-width: 1536px) 100vw, 1536px\" \/>\t\t\t\t\t\t\t\t\t\t\t\t\t\t\t<\/div>\n\t\t\t\t<\/div>\n\t\t\t\t<div class=\"elementor-element elementor-element-07db1d9 elementor-widget elementor-widget-image\" data-id=\"07db1d9\" data-element_type=\"widget\" data-e-type=\"widget\" data-widget_type=\"image.default\">\n\t\t\t\t<div class=\"elementor-widget-container\">\n\t\t\t\t\t\t\t\t\t\t\t\t\t\t\t<img decoding=\"async\" width=\"1536\" height=\"1024\" src=\"https:\/\/apimali.gov.ml\/wp-content\/uploads\/2025\/06\/API_SecteursEco-Mali-2-1536x1024.jpg\" class=\"attachment-1536x1536 size-1536x1536 wp-image-1623\" alt=\"\" srcset=\"https:\/\/apimali.gov.ml\/wp-content\/uploads\/2025\/06\/API_SecteursEco-Mali-2-1536x1024.jpg 1536w, https:\/\/apimali.gov.ml\/wp-content\/uploads\/2025\/06\/API_SecteursEco-Mali-2-300x200.jpg 300w, https:\/\/apimali.gov.ml\/wp-content\/uploads\/2025\/06\/API_SecteursEco-Mali-2-1024x683.jpg 1024w, https:\/\/apimali.gov.ml\/wp-content\/uploads\/2025\/06\/API_SecteursEco-Mali-2-768x512.jpg 768w, https:\/\/apimali.gov.ml\/wp-content\/uploads\/2025\/06\/API_SecteursEco-Mali-2-2048x1365.jpg 2048w, https:\/\/apimali.gov.ml\/wp-content\/uploads\/2025\/06\/API_SecteursEco-Mali-2-18x12.jpg 18w, https:\/\/apimali.gov.ml\/wp-content\/uploads\/2025\/06\/API_SecteursEco-Mali-2-600x400.jpg 600w\" sizes=\"(max-width: 1536px) 100vw, 1536px\" \/>\t\t\t\t\t\t\t\t\t\t\t\t\t\t\t<\/div>\n\t\t\t\t<\/div>\n\t\t\t\t<\/div>\n\t\t<div class=\"elementor-element elementor-element-5daa5c1 e-con-full e-flex e-con e-child\" data-id=\"5daa5c1\" data-element_type=\"container\" data-e-type=\"container\">\n\t\t\t\t<div class=\"elementor-element elementor-element-b4d5214 elementor-widget elementor-widget-image\" data-id=\"b4d5214\" data-element_type=\"widget\" data-e-type=\"widget\" data-widget_type=\"image.default\">\n\t\t\t\t<div class=\"elementor-widget-container\">\n\t\t\t\t\t\t\t\t\t\t\t\t\t\t\t<img loading=\"lazy\" decoding=\"async\" width=\"1536\" height=\"864\" src=\"https:\/\/apimali.gov.ml\/wp-content\/uploads\/2025\/06\/API_SecteursEco-Mali-86-1536x864.jpg\" class=\"attachment-1536x1536 size-1536x1536 wp-image-1628\" alt=\"\" srcset=\"https:\/\/apimali.gov.ml\/wp-content\/uploads\/2025\/06\/API_SecteursEco-Mali-86-1536x864.jpg 1536w, https:\/\/apimali.gov.ml\/wp-content\/uploads\/2025\/06\/API_SecteursEco-Mali-86-300x169.jpg 300w, https:\/\/apimali.gov.ml\/wp-content\/uploads\/2025\/06\/API_SecteursEco-Mali-86-1024x576.jpg 1024w, https:\/\/apimali.gov.ml\/wp-content\/uploads\/2025\/06\/API_SecteursEco-Mali-86-768x432.jpg 768w, https:\/\/apimali.gov.ml\/wp-content\/uploads\/2025\/06\/API_SecteursEco-Mali-86-2048x1152.jpg 2048w, https:\/\/apimali.gov.ml\/wp-content\/uploads\/2025\/06\/API_SecteursEco-Mali-86-18x10.jpg 18w, https:\/\/apimali.gov.ml\/wp-content\/uploads\/2025\/06\/API_SecteursEco-Mali-86-600x337.jpg 600w\" sizes=\"(max-width: 1536px) 100vw, 1536px\" \/>\t\t\t\t\t\t\t\t\t\t\t\t\t\t\t<\/div>\n\t\t\t\t<\/div>\n\t\t\t\t<div class=\"elementor-element elementor-element-d167451 elementor-widget elementor-widget-image\" data-id=\"d167451\" data-element_type=\"widget\" data-e-type=\"widget\" data-widget_type=\"image.default\">\n\t\t\t\t<div class=\"elementor-widget-container\">\n\t\t\t\t\t\t\t\t\t\t\t\t\t\t\t<img loading=\"lazy\" decoding=\"async\" width=\"1536\" height=\"1024\" src=\"https:\/\/apimali.gov.ml\/wp-content\/uploads\/2025\/06\/API_SecteursEco-Mali-1-1536x1024.jpg\" class=\"attachment-1536x1536 size-1536x1536 wp-image-1629\" alt=\"\" srcset=\"https:\/\/apimali.gov.ml\/wp-content\/uploads\/2025\/06\/API_SecteursEco-Mali-1-1536x1024.jpg 1536w, https:\/\/apimali.gov.ml\/wp-content\/uploads\/2025\/06\/API_SecteursEco-Mali-1-300x200.jpg 300w, https:\/\/apimali.gov.ml\/wp-content\/uploads\/2025\/06\/API_SecteursEco-Mali-1-1024x683.jpg 1024w, https:\/\/apimali.gov.ml\/wp-content\/uploads\/2025\/06\/API_SecteursEco-Mali-1-768x512.jpg 768w, https:\/\/apimali.gov.ml\/wp-content\/uploads\/2025\/06\/API_SecteursEco-Mali-1-2048x1365.jpg 2048w, https:\/\/apimali.gov.ml\/wp-content\/uploads\/2025\/06\/API_SecteursEco-Mali-1-18x12.jpg 18w, https:\/\/apimali.gov.ml\/wp-content\/uploads\/2025\/06\/API_SecteursEco-Mali-1-600x400.jpg 600w\" sizes=\"(max-width: 1536px) 100vw, 1536px\" \/>\t\t\t\t\t\t\t\t\t\t\t\t\t\t\t<\/div>\n\t\t\t\t<\/div>\n\t\t\t\t<div class=\"elementor-element elementor-element-c413b8a elementor-widget elementor-widget-image\" data-id=\"c413b8a\" data-element_type=\"widget\" data-e-type=\"widget\" data-widget_type=\"image.default\">\n\t\t\t\t<div class=\"elementor-widget-container\">\n\t\t\t\t\t\t\t\t\t\t\t\t\t\t\t<img loading=\"lazy\" decoding=\"async\" width=\"1536\" height=\"1150\" src=\"https:\/\/apimali.gov.ml\/wp-content\/uploads\/2025\/06\/API_SecteursEco-Mali-13-1536x1150.jpg\" class=\"attachment-1536x1536 size-1536x1536 wp-image-1630\" alt=\"\" srcset=\"https:\/\/apimali.gov.ml\/wp-content\/uploads\/2025\/06\/API_SecteursEco-Mali-13-1536x1150.jpg 1536w, https:\/\/apimali.gov.ml\/wp-content\/uploads\/2025\/06\/API_SecteursEco-Mali-13-300x225.jpg 300w, https:\/\/apimali.gov.ml\/wp-content\/uploads\/2025\/06\/API_SecteursEco-Mali-13-1024x766.jpg 1024w, https:\/\/apimali.gov.ml\/wp-content\/uploads\/2025\/06\/API_SecteursEco-Mali-13-768x575.jpg 768w, https:\/\/apimali.gov.ml\/wp-content\/uploads\/2025\/06\/API_SecteursEco-Mali-13-16x12.jpg 16w, https:\/\/apimali.gov.ml\/wp-content\/uploads\/2025\/06\/API_SecteursEco-Mali-13-280x210.jpg 280w, https:\/\/apimali.gov.ml\/wp-content\/uploads\/2025\/06\/API_SecteursEco-Mali-13-600x449.jpg 600w, https:\/\/apimali.gov.ml\/wp-content\/uploads\/2025\/06\/API_SecteursEco-Mali-13.jpg 2000w\" sizes=\"(max-width: 1536px) 100vw, 1536px\" \/>\t\t\t\t\t\t\t\t\t\t\t\t\t\t\t<\/div>\n\t\t\t\t<\/div>\n\t\t\t\t<\/div>\n\t\t<div class=\"elementor-element elementor-element-8b49ba3 e-con-full e-flex e-con e-child\" data-id=\"8b49ba3\" data-element_type=\"container\" data-e-type=\"container\">\n\t\t\t\t<div class=\"elementor-element elementor-element-bf8d4b6 elementor-widget elementor-widget-text-editor\" data-id=\"bf8d4b6\" data-element_type=\"widget\" data-e-type=\"widget\" data-widget_type=\"text-editor.default\">\n\t\t\t\t<div class=\"elementor-widget-container\">\n\t\t\t\t\t\t\t\t\t<p><span style=\"color: #000080;\"><strong>4. Religions et Spiritualit\u00e9<\/strong><\/span><\/p><p>Islam (90% de la population, majorit\u00e9 sunnite soufie).<br \/>Animisme (chez les Dogons et certaines communaut\u00e9s rurales).<br \/>Catholicisme (minorit\u00e9, surtout \u00e0 Bamako).<\/p><p>\u00a0<\/p><p><strong><span style=\"color: #000080;\">5. Gastronomie<\/span><\/strong><\/p><p>Plats embl\u00e9matiques :<br \/>Riz au gras (riz sauce tomate et viande).<br \/>T\u00f4 (p\u00e2te de mil\/sorgho) avec sauce gombo ou feuilles.<br \/>Brochettes et dibi (grillades).<br \/>Boissons : Th\u00e9 \u00e0 la menthe, jus de baobab (buy), dolo (bi\u00e8re de mil).<\/p><p>\u00a0<\/p><p><strong><span style=\"color: #000080;\">6. Culture Contemporaine et D\u00e9fis<\/span><\/strong><\/p><p>Cin\u00e9ma : R\u00e9alisateurs comme Souleymane Ciss\u00e9 (Yeelen).<br \/>M\u00e9dias : Une presse dynamique malgr\u00e9 les crises politiques.<br \/>D\u00e9fis : Menaces sur le patrimoine (conflits, changement climatique).<\/p><p>En R\u00e9sum\u00e9<br \/>Le Mali est une terre de rencontres entre le Sahel et le d\u00e9sert, entre traditions mill\u00e9naires et modernit\u00e9. Sa culture, marqu\u00e9e par la tol\u00e9rance et la r\u00e9silience, reste un pilier de son identit\u00e9 malgr\u00e9 les d\u00e9fis s\u00e9curitaires r\u00e9cents.<br \/>\u00ab\u00a0Le Mali est un livre ouvert o\u00f9 chaque ethnie est un chapitre, chaque griot un narrateur.\u00a0\u00bb<\/p>\t\t\t\t\t\t\t\t<\/div>\n\t\t\t\t<\/div>\n\t\t\t\t<\/div>\n\t\t\t\t\t<\/div>\n\t\t\t\t<\/div>\n\t\t<div class=\"elementor-element elementor-element-30a8939 e-grid e-con-boxed e-con e-parent\" data-id=\"30a8939\" data-element_type=\"container\" data-e-type=\"container\">\n\t\t\t\t\t<div class=\"e-con-inner\">\n\t\t\t\t<div class=\"elementor-element elementor-element-675a0e7 elementor-widget elementor-widget-download\" data-id=\"675a0e7\" data-element_type=\"widget\" data-e-type=\"widget\" data-widget_type=\"download.default\">\n\t\t\t\t<div class=\"elementor-widget-container\">\n\t\t\t\t\t<div class=\"download\"><div class='download-content text-uppercase' style='color: #FFFFFF'><i class='fa far fa-file-pdf'><\/i> T\u00c9L\u00c9CHARGEZ UN CATALOGUE COMPLET <\/div><a target='_blank' href='#' class='btn btn-md btn-dark btn-shadow'><i class='fa fas fa-cloud-download-alt'><\/i> T\u00e9l\u00e9charger <\/a><\/div>\t\t\t\t<\/div>\n\t\t\t\t<\/div>\n\t\t\t\t\t<\/div>\n\t\t\t\t<\/div>\n\t\t\t\t<\/div>","protected":false},"excerpt":{"rendered":"<p>Le Mali est un pays d\u2019Afrique de l\u2019Ouest r\u00e9put\u00e9 pour sa diversit\u00e9 ethnique, son patrimoine historique et ses traditions artistiques vibrantes. Berceau des grands empires (Ghana, Mali, Songha\u00ef), il abrite des sites class\u00e9s au patrimoine mondial de l&rsquo;UNESCO et une &hellip;<\/p>","protected":false},"author":1,"featured_media":0,"parent":0,"menu_order":0,"comment_status":"closed","ping_status":"closed","template":"","meta":{"footnotes":""},"class_list":["post-1180","page","type-page","status-publish","hentry"],"_links":{"self":[{"href":"https:\/\/apimali.gov.ml\/en\/wp-json\/wp\/v2\/pages\/1180","targetHints":{"allow":["GET"]}}],"collection":[{"href":"https:\/\/apimali.gov.ml\/en\/wp-json\/wp\/v2\/pages"}],"about":[{"href":"https:\/\/apimali.gov.ml\/en\/wp-json\/wp\/v2\/types\/page"}],"author":[{"embeddable":true,"href":"https:\/\/apimali.gov.ml\/en\/wp-json\/wp\/v2\/users\/1"}],"replies":[{"embeddable":true,"href":"https:\/\/apimali.gov.ml\/en\/wp-json\/wp\/v2\/comments?post=1180"}],"version-history":[{"count":61,"href":"https:\/\/apimali.gov.ml\/en\/wp-json\/wp\/v2\/pages\/1180\/revisions"}],"predecessor-version":[{"id":1744,"href":"https:\/\/apimali.gov.ml\/en\/wp-json\/wp\/v2\/pages\/1180\/revisions\/1744"}],"wp:attachment":[{"href":"https:\/\/apimali.gov.ml\/en\/wp-json\/wp\/v2\/media?parent=1180"}],"curies":[{"name":"wp","href":"https:\/\/api.w.org\/{rel}","templated":true}]}}