{"id":1232,"date":"2025-01-24T06:20:31","date_gmt":"2025-01-24T05:20:31","guid":{"rendered":"https:\/\/ap.apimali.gov.ml\/?page_id=1232"},"modified":"2025-06-13T00:00:59","modified_gmt":"2025-06-12T22:00:59","slug":"opportunites-dinvestissements","status":"publish","type":"page","link":"https:\/\/apimali.gov.ml\/en\/opportunites-dinvestissements\/","title":{"rendered":"Opportunit\u00e9s d\u2019investissements"},"content":{"rendered":"<div data-elementor-type=\"wp-page\" data-elementor-id=\"1232\" class=\"elementor elementor-1232\">\n\t\t\t\t<div class=\"elementor-element elementor-element-6053153 e-flex e-con-boxed e-con e-parent\" data-id=\"6053153\" data-element_type=\"container\" data-e-type=\"container\">\n\t\t\t\t\t<div class=\"e-con-inner\">\n\t\t\t\t\t<\/div>\n\t\t\t\t<\/div>\n\t\t<div class=\"elementor-element elementor-element-513d60a e-flex e-con-boxed e-con e-parent\" data-id=\"513d60a\" data-element_type=\"container\" data-e-type=\"container\">\n\t\t\t\t\t<div class=\"e-con-inner\">\n\t\t<div class=\"elementor-element elementor-element-c46a6d8 e-con-full e-flex e-con e-child\" data-id=\"c46a6d8\" data-element_type=\"container\" data-e-type=\"container\">\n\t\t\t\t<div class=\"elementor-element elementor-element-53dfb56 elementor-widget elementor-widget-text-editor\" data-id=\"53dfb56\" data-element_type=\"widget\" data-e-type=\"widget\" data-widget_type=\"text-editor.default\">\n\t\t\t\t<div class=\"elementor-widget-container\">\n\t\t\t\t\t\t\t\t\t<p>Le Mali, pays riche en ressources naturelles et avec une \u00e9conomie en croissance, offre de nombreuses opportunit\u00e9s d\u2019investissement dans divers secteurs. Voici les principaux domaines porteurs :<\/p><p><img fetchpriority=\"high\" decoding=\"async\" class=\"wp-image-1650 size-medium alignleft\" src=\"https:\/\/apimali.gov.ml\/wp-content\/uploads\/2025\/06\/API_SecteursEco-Mali-4-300x200.jpg\" alt=\"\" width=\"300\" height=\"200\" srcset=\"https:\/\/apimali.gov.ml\/wp-content\/uploads\/2025\/06\/API_SecteursEco-Mali-4-300x200.jpg 300w, https:\/\/apimali.gov.ml\/wp-content\/uploads\/2025\/06\/API_SecteursEco-Mali-4-1024x682.jpg 1024w, https:\/\/apimali.gov.ml\/wp-content\/uploads\/2025\/06\/API_SecteursEco-Mali-4-768x512.jpg 768w, https:\/\/apimali.gov.ml\/wp-content\/uploads\/2025\/06\/API_SecteursEco-Mali-4-1536x1024.jpg 1536w, https:\/\/apimali.gov.ml\/wp-content\/uploads\/2025\/06\/API_SecteursEco-Mali-4-18x12.jpg 18w, https:\/\/apimali.gov.ml\/wp-content\/uploads\/2025\/06\/API_SecteursEco-Mali-4-600x400.jpg 600w, https:\/\/apimali.gov.ml\/wp-content\/uploads\/2025\/06\/API_SecteursEco-Mali-4.jpg 2000w\" sizes=\"(max-width: 300px) 100vw, 300px\" \/><\/p><p><strong>1. Agriculture &amp; Agro-industrie<\/strong><\/p><p><span style=\"text-decoration: underline;\"><em>Potentiel :<\/em><\/span><br \/>Le Mali dispose de 4,5 millions d\u2019hectares de terres cultivables (seulement 30% exploit\u00e9s).<br \/>Principales cultures : Coton (1er produit d\u2019exportation), riz, ma\u00efs, mangues, noix de cajou.<\/p><p><em><span style=\"text-decoration: underline;\">Opportunit\u00e9s :<\/span><\/em><br \/>M\u00e9canisation agricole (tracteurs, irrigation).<br \/>Transformation agroalimentaire (usines de riz, jus de fruits, lait).<br \/>Fili\u00e8res bio et \u00e9quitables (mangues, s\u00e9same pour l\u2019export).<\/p><p><em><span style=\"text-decoration: underline;\">Secteurs cl\u00e9s :<\/span><\/em><br \/>Riziculture (autosuffisance vis\u00e9e par l\u2019\u00c9tat).<br \/>Coton (2\u1d49 producteur africain).<br \/>\u00c9levage (viande et lait, march\u00e9 r\u00e9gional en croissance).<\/p><p><img decoding=\"async\" class=\"wp-image-1651 size-medium alignright\" src=\"https:\/\/apimali.gov.ml\/wp-content\/uploads\/2025\/06\/API_SecteursEco-Mali-8-300x200.jpg\" alt=\"\" width=\"300\" height=\"200\" srcset=\"https:\/\/apimali.gov.ml\/wp-content\/uploads\/2025\/06\/API_SecteursEco-Mali-8-300x200.jpg 300w, https:\/\/apimali.gov.ml\/wp-content\/uploads\/2025\/06\/API_SecteursEco-Mali-8-1024x683.jpg 1024w, https:\/\/apimali.gov.ml\/wp-content\/uploads\/2025\/06\/API_SecteursEco-Mali-8-768x512.jpg 768w, https:\/\/apimali.gov.ml\/wp-content\/uploads\/2025\/06\/API_SecteursEco-Mali-8-1536x1024.jpg 1536w, https:\/\/apimali.gov.ml\/wp-content\/uploads\/2025\/06\/API_SecteursEco-Mali-8-2048x1365.jpg 2048w, https:\/\/apimali.gov.ml\/wp-content\/uploads\/2025\/06\/API_SecteursEco-Mali-8-18x12.jpg 18w, https:\/\/apimali.gov.ml\/wp-content\/uploads\/2025\/06\/API_SecteursEco-Mali-8-600x400.jpg 600w\" sizes=\"(max-width: 300px) 100vw, 300px\" \/><\/p><p><strong>2. Mines &amp; \u00c9nergie<\/strong><\/p><p><em><span style=\"text-decoration: underline;\">Potentiel :<\/span><\/em><br \/>Or : 3\u1d49 producteur en Afrique (70 tonnes\/an).<br \/>Lithium : Gisements majeurs (projet Bougouni).<br \/>\u00c9nergies renouvelables : Fort ensoleillement (solaire), potentiel hydro\u00e9lectrique (barrage de Fomi).<\/p><p><em><span style=\"text-decoration: underline;\">Opportunit\u00e9s :<\/span><\/em><br \/>Exploitation mini\u00e8re (or, bauxite, fer, uranium).<br \/>Raffinage et transformation locale (or, lithium).<br \/>\u00c9nergie solaire\/hybride (\u00e9lectrification rurale).<\/p><p><img decoding=\"async\" class=\"wp-image-1659 size-medium alignleft\" src=\"https:\/\/apimali.gov.ml\/wp-content\/uploads\/2025\/06\/API_SecteursEco-Mali-10-300x200.jpg\" alt=\"\" width=\"300\" height=\"200\" srcset=\"https:\/\/apimali.gov.ml\/wp-content\/uploads\/2025\/06\/API_SecteursEco-Mali-10-300x200.jpg 300w, https:\/\/apimali.gov.ml\/wp-content\/uploads\/2025\/06\/API_SecteursEco-Mali-10-1024x682.jpg 1024w, https:\/\/apimali.gov.ml\/wp-content\/uploads\/2025\/06\/API_SecteursEco-Mali-10-768x511.jpg 768w, https:\/\/apimali.gov.ml\/wp-content\/uploads\/2025\/06\/API_SecteursEco-Mali-10-1536x1023.jpg 1536w, https:\/\/apimali.gov.ml\/wp-content\/uploads\/2025\/06\/API_SecteursEco-Mali-10-18x12.jpg 18w, https:\/\/apimali.gov.ml\/wp-content\/uploads\/2025\/06\/API_SecteursEco-Mali-10-600x400.jpg 600w, https:\/\/apimali.gov.ml\/wp-content\/uploads\/2025\/06\/API_SecteursEco-Mali-10.jpg 2000w\" sizes=\"(max-width: 300px) 100vw, 300px\" \/><\/p><p><strong>3. Infrastructures &amp; BTP<\/strong><\/p><p><em><span style=\"text-decoration: underline;\">Potentiel :<\/span><\/em><br \/>Besoins \u00e9normes en routes, logements, ponts et r\u00e9seaux ferroviaires.<\/p><p>Projets structurants :<br \/>Route Bamako-S\u00e9gou (corridor \u00e9conomique).<br \/>Logements sociaux (d\u00e9ficit estim\u00e9 \u00e0 500 000 unit\u00e9s).<br \/>Barrages hydro\u00e9lectriques (Fomi, Taoussa).<\/p><p><em><span style=\"text-decoration: underline;\">Opportunit\u00e9s :<\/span><\/em><\/p><p>Partenariats public-priv\u00e9 (PPP).<br \/>Mat\u00e9riaux de construction (cimenteries, briques).<\/p><p><img loading=\"lazy\" decoding=\"async\" class=\"wp-image-1660 size-medium\" src=\"https:\/\/apimali.gov.ml\/wp-content\/uploads\/2025\/06\/API_SecteursEco-Mali-24-300x169.jpg\" alt=\"\" width=\"300\" height=\"169\" srcset=\"https:\/\/apimali.gov.ml\/wp-content\/uploads\/2025\/06\/API_SecteursEco-Mali-24-300x169.jpg 300w, https:\/\/apimali.gov.ml\/wp-content\/uploads\/2025\/06\/API_SecteursEco-Mali-24-1024x575.jpg 1024w, https:\/\/apimali.gov.ml\/wp-content\/uploads\/2025\/06\/API_SecteursEco-Mali-24-768x432.jpg 768w, https:\/\/apimali.gov.ml\/wp-content\/uploads\/2025\/06\/API_SecteursEco-Mali-24-1536x863.jpg 1536w, https:\/\/apimali.gov.ml\/wp-content\/uploads\/2025\/06\/API_SecteursEco-Mali-24-18x10.jpg 18w, https:\/\/apimali.gov.ml\/wp-content\/uploads\/2025\/06\/API_SecteursEco-Mali-24-600x337.jpg 600w, https:\/\/apimali.gov.ml\/wp-content\/uploads\/2025\/06\/API_SecteursEco-Mali-24.jpg 2000w\" sizes=\"(max-width: 300px) 100vw, 300px\" \/><\/p>\t\t\t\t\t\t\t\t<\/div>\n\t\t\t\t<\/div>\n\t\t\t\t<\/div>\n\t\t<div class=\"elementor-element elementor-element-2243db6 e-con-full e-flex e-con e-child\" data-id=\"2243db6\" data-element_type=\"container\" data-e-type=\"container\">\n\t\t<div class=\"elementor-element elementor-element-8e9e7cd e-con-full e-flex e-con e-child\" data-id=\"8e9e7cd\" data-element_type=\"container\" data-e-type=\"container\">\n\t\t\t\t<div class=\"elementor-element elementor-element-007cbef elementor-widget elementor-widget-text-editor\" data-id=\"007cbef\" data-element_type=\"widget\" data-e-type=\"widget\" data-widget_type=\"text-editor.default\">\n\t\t\t\t<div class=\"elementor-widget-container\">\n\t\t\t\t\t\t\t\t\t<p><img loading=\"lazy\" decoding=\"async\" class=\"wp-image-1687 size-medium alignleft\" src=\"https:\/\/apimali.gov.ml\/wp-content\/uploads\/2025\/06\/API_SecteursEco-Mali-33-300x200.jpg\" alt=\"\" width=\"300\" height=\"200\" srcset=\"https:\/\/apimali.gov.ml\/wp-content\/uploads\/2025\/06\/API_SecteursEco-Mali-33-300x200.jpg 300w, https:\/\/apimali.gov.ml\/wp-content\/uploads\/2025\/06\/API_SecteursEco-Mali-33-1024x682.jpg 1024w, https:\/\/apimali.gov.ml\/wp-content\/uploads\/2025\/06\/API_SecteursEco-Mali-33-768x512.jpg 768w, https:\/\/apimali.gov.ml\/wp-content\/uploads\/2025\/06\/API_SecteursEco-Mali-33-1536x1024.jpg 1536w, https:\/\/apimali.gov.ml\/wp-content\/uploads\/2025\/06\/API_SecteursEco-Mali-33-18x12.jpg 18w, https:\/\/apimali.gov.ml\/wp-content\/uploads\/2025\/06\/API_SecteursEco-Mali-33-600x400.jpg 600w, https:\/\/apimali.gov.ml\/wp-content\/uploads\/2025\/06\/API_SecteursEco-Mali-33.jpg 2000w\" sizes=\"(max-width: 300px) 100vw, 300px\" \/><\/p><p><strong>4. TIC &amp; Fintech<\/strong><\/p><p><em><span style=\"text-decoration: underline;\">Potentiel :<\/span><\/em><br \/>Taux de bancarisation faible (15%), mais croissance du mobile money (Wave, Orange Money).<br \/>Digitalisation des services (e-gouvernement, agro-tech).<\/p><p><em><span style=\"text-decoration: underline;\">Opportunit\u00e9s :<\/span><\/em><br \/>Solutions de paiement mobile.<br \/>Plateformes e-commerce (agriculture, sant\u00e9).<\/p><p><strong>5. Tourisme &amp; H\u00f4tellerie<\/strong><\/p><p><em><span style=\"text-decoration: underline;\">Potentiel :<\/span><\/em><br \/>Sites UNESCO (Tombouctou, Djenn\u00e9, Pays Dogon).<br \/>\u00c9cotourisme (d\u00e9sert, fleuve Niger).<\/p><p><em><span style=\"text-decoration: underline;\">Opportunit\u00e9s :<\/span><\/em><br \/>H\u00f4tels et \u00e9colodges.<br \/>Tourisme culturel et circuits patrimoniaux.<\/p>\t\t\t\t\t\t\t\t<\/div>\n\t\t\t\t<\/div>\n\t\t\t\t<\/div>\n\t\t<div class=\"elementor-element elementor-element-23b5e71 e-con-full e-flex e-con e-child\" data-id=\"23b5e71\" data-element_type=\"container\" data-e-type=\"container\">\n\t\t\t\t<div class=\"elementor-element elementor-element-f547d25 elementor-widget elementor-widget-text-editor\" data-id=\"f547d25\" data-element_type=\"widget\" data-e-type=\"widget\" data-widget_type=\"text-editor.default\">\n\t\t\t\t<div class=\"elementor-widget-container\">\n\t\t\t\t\t\t\t\t\t<p><img loading=\"lazy\" decoding=\"async\" class=\"size-medium wp-image-1677 alignleft\" src=\"https:\/\/apimali.gov.ml\/wp-content\/uploads\/2025\/06\/API_SecteursEco-Mali-63-300x200.jpg\" alt=\"\" width=\"300\" height=\"200\" srcset=\"https:\/\/apimali.gov.ml\/wp-content\/uploads\/2025\/06\/API_SecteursEco-Mali-63-300x200.jpg 300w, https:\/\/apimali.gov.ml\/wp-content\/uploads\/2025\/06\/API_SecteursEco-Mali-63-1024x682.jpg 1024w, https:\/\/apimali.gov.ml\/wp-content\/uploads\/2025\/06\/API_SecteursEco-Mali-63-768x512.jpg 768w, https:\/\/apimali.gov.ml\/wp-content\/uploads\/2025\/06\/API_SecteursEco-Mali-63-1536x1024.jpg 1536w, https:\/\/apimali.gov.ml\/wp-content\/uploads\/2025\/06\/API_SecteursEco-Mali-63-18x12.jpg 18w, https:\/\/apimali.gov.ml\/wp-content\/uploads\/2025\/06\/API_SecteursEco-Mali-63-600x400.jpg 600w, https:\/\/apimali.gov.ml\/wp-content\/uploads\/2025\/06\/API_SecteursEco-Mali-63.jpg 2000w\" sizes=\"(max-width: 300px) 100vw, 300px\" \/><\/p><p><strong>6. Industrie &amp; Manufacture<\/strong><\/p><p><em><span style=\"text-decoration: underline;\">Potentiel :<\/span><\/em><br \/>Import-substitution (huile, sucre, produits laitiers).<br \/>Zones \u00e9conomiques sp\u00e9ciales (ZES) avec avantages fiscaux.<\/p><p><em><span style=\"text-decoration: underline;\">Opportunit\u00e9s :<\/span><\/em><br \/>Usines de transformation (textile, agroalimentaire).<br \/>Emballages et plastiques.<br \/>Avantages pour les Investisseurs <br \/>Main-d\u2019\u0153uvre jeune et comp\u00e9titive.<br \/>Accords commerciaux (CEDEAO, ZLECAf).<br \/>Incitations fiscales (exon\u00e9rations, ZES).<br \/>Risques \u00e0 Surveiller <br \/>Ins\u00e9curit\u00e9 (zones nord et centre).<br \/>Bureaucratie et corruption.<\/p><p><img loading=\"lazy\" decoding=\"async\" class=\"size-medium wp-image-1686\" src=\"https:\/\/apimali.gov.ml\/wp-content\/uploads\/2025\/06\/API_SecteursEco-Mali-22-300x169.jpg\" alt=\"\" width=\"300\" height=\"169\" srcset=\"https:\/\/apimali.gov.ml\/wp-content\/uploads\/2025\/06\/API_SecteursEco-Mali-22-300x169.jpg 300w, https:\/\/apimali.gov.ml\/wp-content\/uploads\/2025\/06\/API_SecteursEco-Mali-22-1024x575.jpg 1024w, https:\/\/apimali.gov.ml\/wp-content\/uploads\/2025\/06\/API_SecteursEco-Mali-22-768x432.jpg 768w, https:\/\/apimali.gov.ml\/wp-content\/uploads\/2025\/06\/API_SecteursEco-Mali-22-1536x863.jpg 1536w, https:\/\/apimali.gov.ml\/wp-content\/uploads\/2025\/06\/API_SecteursEco-Mali-22-18x10.jpg 18w, https:\/\/apimali.gov.ml\/wp-content\/uploads\/2025\/06\/API_SecteursEco-Mali-22-600x337.jpg 600w, https:\/\/apimali.gov.ml\/wp-content\/uploads\/2025\/06\/API_SecteursEco-Mali-22.jpg 2000w\" sizes=\"(max-width: 300px) 100vw, 300px\" \/><\/p><p><strong>Conclusion<\/strong><br \/><em>Le Mali offre des opportunit\u00e9s diversifi\u00e9es, notamment dans l\u2019agro-industrie, les mines, les infrastructures et les TIC. Malgr\u00e9 les d\u00e9fis s\u00e9curitaires, les r\u00e9formes en cours et les besoins non satisfaits en font une destination attractive pour les investisseurs pr\u00eats \u00e0 s\u2019engager sur le long terme.<\/em><\/p><p><em>Secteurs prioritaires du gouvernement : Agriculture, \u00e9nergie, mines.<\/em><br \/><em>Institution cl\u00e9 : API-Mali (Agence pour la Promotion des Investissements).<\/em><\/p><p><strong>Prochaines \u00e9tapes : \u00c9tude de march\u00e9 + partenariat local pour r\u00e9ussir.<\/strong><\/p>\t\t\t\t\t\t\t\t<\/div>\n\t\t\t\t<\/div>\n\t\t\t\t<\/div>\n\t\t\t\t<\/div>\n\t\t\t\t\t<\/div>\n\t\t\t\t<\/div>\n\t\t<div class=\"elementor-element elementor-element-14e151a0 e-grid e-con-boxed e-con e-parent\" data-id=\"14e151a0\" data-element_type=\"container\" data-e-type=\"container\">\n\t\t\t\t\t<div class=\"e-con-inner\">\n\t\t\t\t<div class=\"elementor-element elementor-element-14303642 elementor-widget elementor-widget-download\" data-id=\"14303642\" data-element_type=\"widget\" data-e-type=\"widget\" data-widget_type=\"download.default\">\n\t\t\t\t<div class=\"elementor-widget-container\">\n\t\t\t\t\t<div class=\"download\"><div class='download-content text-uppercase' style='color: #FFFFFF'><i class='fa far fa-file-pdf'><\/i> T\u00c9L\u00c9CHARGEZ UN CATALOGUE COMPLET <\/div><a target='_blank' href='#' class='btn btn-md btn-dark btn-shadow'><i class='fa fas fa-cloud-download-alt'><\/i> T\u00e9l\u00e9charger <\/a><\/div>\t\t\t\t<\/div>\n\t\t\t\t<\/div>\n\t\t\t\t\t<\/div>\n\t\t\t\t<\/div>\n\t\t\t\t<\/div>","protected":false},"excerpt":{"rendered":"<p>Le Mali, pays riche en ressources naturelles et avec une \u00e9conomie en croissance, offre de nombreuses opportunit\u00e9s d\u2019investissement dans divers secteurs. Voici les principaux domaines porteurs : 1. Agriculture &amp; Agro-industrie Potentiel :Le Mali dispose de 4,5 millions d\u2019hectares de &hellip;<\/p>","protected":false},"author":1,"featured_media":0,"parent":0,"menu_order":0,"comment_status":"closed","ping_status":"closed","template":"","meta":{"footnotes":""},"class_list":["post-1232","page","type-page","status-publish","hentry"],"_links":{"self":[{"href":"https:\/\/apimali.gov.ml\/en\/wp-json\/wp\/v2\/pages\/1232","targetHints":{"allow":["GET"]}}],"collection":[{"href":"https:\/\/apimali.gov.ml\/en\/wp-json\/wp\/v2\/pages"}],"about":[{"href":"https:\/\/apimali.gov.ml\/en\/wp-json\/wp\/v2\/types\/page"}],"author":[{"embeddable":true,"href":"https:\/\/apimali.gov.ml\/en\/wp-json\/wp\/v2\/users\/1"}],"replies":[{"embeddable":true,"href":"https:\/\/apimali.gov.ml\/en\/wp-json\/wp\/v2\/comments?post=1232"}],"version-history":[{"count":70,"href":"https:\/\/apimali.gov.ml\/en\/wp-json\/wp\/v2\/pages\/1232\/revisions"}],"predecessor-version":[{"id":1696,"href":"https:\/\/apimali.gov.ml\/en\/wp-json\/wp\/v2\/pages\/1232\/revisions\/1696"}],"wp:attachment":[{"href":"https:\/\/apimali.gov.ml\/en\/wp-json\/wp\/v2\/media?parent=1232"}],"curies":[{"name":"wp","href":"https:\/\/api.w.org\/{rel}","templated":true}]}}