{"id":126,"date":"2020-03-16T13:14:09","date_gmt":"2020-03-16T13:14:09","guid":{"rendered":"http:\/\/localhost\/epb_industrial_demos\/2\/?page_id=126"},"modified":"2024-12-26T11:41:41","modified_gmt":"2024-12-26T10:41:41","slug":"projects","status":"publish","type":"page","link":"https:\/\/apimali.gov.ml\/en\/projects\/","title":{"rendered":"SUCCESs STORIES"},"content":{"rendered":"<div data-elementor-type=\"wp-page\" data-elementor-id=\"126\" class=\"elementor elementor-126\">\n\t\t\t\t\t\t<section class=\"elementor-section elementor-top-section elementor-element elementor-element-adc8f7f elementor-section-boxed elementor-section-height-default elementor-section-height-default\" data-id=\"adc8f7f\" data-element_type=\"section\" data-e-type=\"section\">\n\t\t\t\t\t\t<div class=\"elementor-container elementor-column-gap-default\">\n\t\t\t\t\t<div class=\"elementor-column elementor-col-100 elementor-top-column elementor-element elementor-element-b140e5d\" data-id=\"b140e5d\" data-element_type=\"column\" data-e-type=\"column\">\n\t\t\t<div class=\"elementor-widget-wrap elementor-element-populated\">\n\t\t\t\t\t\t<div class=\"elementor-element elementor-element-bf31754 elementor-widget elementor-widget-heading\" data-id=\"bf31754\" data-element_type=\"widget\" data-e-type=\"widget\" data-widget_type=\"heading.default\">\n\t\t\t\t<div class=\"elementor-widget-container\">\n\t\t\t\t\t<h3 class='heading-left  divider-sm'  style=\"color:#000000\"><span>Construisons ensemble l\u2019avenir \u00e9conomique du Mali<\/span><\/h3>\t\t\t\t<\/div>\n\t\t\t\t<\/div>\n\t\t\t\t<div class=\"elementor-element elementor-element-83c43f1 elementor-widget elementor-widget-text-editor\" data-id=\"83c43f1\" data-element_type=\"widget\" data-e-type=\"widget\" data-widget_type=\"text-editor.default\">\n\t\t\t\t<div class=\"elementor-widget-container\">\n\t\t\t\t\t\t\t\t\t<p class=\"p1\">\u00ab\u00a0Chaque investissement est une pierre pour b\u00e2tir un avenir meilleur. Le Mali vous ouvre ses portes, et l\u2019API-MALI vous accompagne dans votre r\u00e9ussite.\u00a0\u00bb<\/p><p class=\"p1\">Avec vous, nous cr\u00e9ons une \u00e9conomie durable, inclusive et innovante.\u00a0<\/p><p class=\"p1\">Rejoignez notre r\u00e9seau d\u2019investisseurs d\u00e8s aujourd\u2019hui !<\/p><p class=\"p1\"><span style=\"color: #ff0000;\">#MaliInnovant #D\u00e9veloppement\u00c9conomique #API-MALI<\/span><\/p>\t\t\t\t\t\t\t\t<\/div>\n\t\t\t\t<\/div>\n\t\t\t\t\t<\/div>\n\t\t<\/div>\n\t\t\t\t\t<\/div>\n\t\t<\/section>\n\t\t\t\t<section class=\"elementor-section elementor-top-section elementor-element elementor-element-e5d7f92 elementor-section-boxed elementor-section-height-default elementor-section-height-default\" data-id=\"e5d7f92\" data-element_type=\"section\" data-e-type=\"section\">\n\t\t\t\t\t\t<div class=\"elementor-container elementor-column-gap-default\">\n\t\t\t\t\t<div class=\"elementor-column elementor-col-100 elementor-top-column elementor-element elementor-element-d333f91\" data-id=\"d333f91\" data-element_type=\"column\" data-e-type=\"column\">\n\t\t\t<div class=\"elementor-widget-wrap elementor-element-populated\">\n\t\t\t\t\t\t<div class=\"elementor-element elementor-element-0cda447 elementor-widget elementor-widget-anps_portfolio\" data-id=\"0cda447\" data-element_type=\"widget\" data-e-type=\"widget\" data-widget_type=\"anps_portfolio.default\">\n\t\t\t\t<div class=\"elementor-widget-container\">\n\t\t\t\t\t<div class=\"projects\"><ul class='filter'><li><button data-filter=\"*\" class=\"selected\">All projects<\/button><\/li><li><button data-filter=\"industrie\">Industrie<\/button><\/li><li><button data-filter=\"infrastructure\">Infrastructure<\/button><\/li><li><button data-filter=\"priv\u00e9\">Priv\u00e9<\/button><\/li><li><button data-filter=\"publique\">Publique<\/button><\/li><li><button data-filter=\"mines\">Mines<\/button><\/li><\/ul><div class='row projects-content'><div class='projects-item industrie mines publique col-md-4 col-xs-6'><div class='projects-item-wrap'><img decoding=\"async\" src=\"https:\/\/apimali.gov.ml\/wp-content\/uploads\/2025\/01\/chrome1-359x283.jpg\" alt=\"\" \/><div class=\"project-hover-bg\"><\/div><div class=\"project-hover\"><h3 class='project-title text-uppercase'>RECHERCHE DE CHROME A ZEKOUN DANS LA COMMUNE RURALE DE MISSENI<\/h3><p class='project-desc'>DESCRIPTION DU PROJET Le pr\u00e9sent projet porte sur la prospection et l\u2019\u00e9valuation de tous les indices de chrome, de cuivre et de nickel de la zone de Z\u00e9koun (Miss\u00e9ni) en vue de favoriser leur exploitation. DESCRIPTION TECHNIQUE DU PROJET Le &hellip;<\/p><a class='btn btn-md' href='https:\/\/apimali.gov.ml\/en\/portfolio\/recherche-de-chrome-a-zekoun-dans-la-commune-rurale-de-misseni\/'>Read more<\/a><\/div><\/div><\/div><div class='projects-item industrie mines col-md-4 col-xs-6'><div class='projects-item-wrap'><img decoding=\"async\" src=\"https:\/\/apimali.gov.ml\/wp-content\/uploads\/2025\/01\/titanium-mineral-rutile-359x283.webp\" alt=\"\" \/><div class=\"project-hover-bg\"><\/div><div class=\"project-hover\"><h3 class='project-title text-uppercase'>RECHERCHE DE TITANE A KETIOUKO DANS LA COMMUNE RURALE DE BAFOULABE<\/h3><p class='project-desc'>DESCRIPTION DU PROJET Le pr\u00e9sent projet porte sur la prospection et l\u2019\u00e9valuation de tous les indices de titane, de cuivre et de fer de la zone de K\u00e9tiouko (Madibaya) en vue de pr\u00e9parer leur exploitation. L\u2019objectif est la d\u00e9couverte de &hellip;<\/p><a class='btn btn-md' href='https:\/\/apimali.gov.ml\/en\/portfolio\/recherche-de-titane-a-ketiouko-dans-la-commune-rurale-de-bafoulabe\/'>Read more<\/a><\/div><\/div><\/div><div class='projects-item infrastructure publique col-md-4 col-xs-6'><div class='projects-item-wrap'><img decoding=\"async\" src=\"https:\/\/apimali.gov.ml\/wp-content\/uploads\/2020\/03\/284202645_3173796496168482_5263692358216638632_n-359x283.webp\" alt=\"\" \/><div class=\"project-hover-bg\"><\/div><div class=\"project-hover\"><h3 class='project-title text-uppercase'>Route Sikasso Zegoua<\/h3><p class='project-desc'>Type de projet :\u00a0Public Region:\u00a0Sikasso Montant d\u2019investissement (millions FCFA) :\u00a0176 825 Montant d\u2019investissement (Euro) :\u00a0269 567 975 Montant d\u2019investissement (USD) :\u00a0315 758 929 Sikasso-Zegoua est le dernier maillon malien du seul axe routier reliant le port d\u2019Abidjan \u00e0 Bamako. Le &hellip;<\/p><a class='btn btn-md' href='https:\/\/apimali.gov.ml\/en\/portfolio\/route-sikasso-zegoua\/'>Read more<\/a><\/div><\/div><\/div><div class='projects-item industrie infrastructure priv\u00e9 col-md-4 col-xs-6'><div class='projects-item-wrap'><img decoding=\"async\" src=\"https:\/\/apimali.gov.ml\/wp-content\/uploads\/2020\/03\/Lancement-travaux-routiers-a-Bamako-2-359x283.jpg\" alt=\"\" \/><div class=\"project-hover-bg\"><\/div><div class=\"project-hover\"><h3 class='project-title text-uppercase'>Assainissement et de travaux d\u2019infrastructures urbaines et rurales \u00e0 Bamako<\/h3><p class='project-desc'>Assainissement et de travaux d\u2019infrastructures urbaines et rurales \u00e0 Bamako<\/p><a class='btn btn-md' href='https:\/\/apimali.gov.ml\/en\/portfolio\/assainissement-et-de-travaux-dinfrastructures-urbaines-et-rurales-a-bamako\/'>Read more<\/a><\/div><\/div><\/div><div class='projects-item industrie infrastructure priv\u00e9 col-md-4 col-xs-6'><div class='projects-item-wrap'><img decoding=\"async\" src=\"https:\/\/apimali.gov.ml\/wp-content\/uploads\/2020\/03\/unnamed-359x283.jpg\" alt=\"\" \/><div class=\"project-hover-bg\"><\/div><div class=\"project-hover\"><h3 class='project-title text-uppercase'>Projet de construction d\u2019une aire de service \u00e0 Kati pour am\u00e9lioration de la s\u00e9curit\u00e9 routi\u00e8re<\/h3><p class='project-desc'>Type de projet :\u00a0Priv\u00e9 Region:\u00a0Koulikoro Montant d\u2019investissement (millions FCFA) :\u00a0656 Montant d\u2019investissement (Euro) :\u00a01 000 000 Montant d\u2019investissement (USD) :\u00a01 171 352 C\u2019est un projet de d\u00e9veloppement communautaire par excellence destin\u00e9 \u00e0 pallier le manque d\u2019infrastructure, \u00e0 r\u00e9sorber en partie &hellip;<\/p><a class='btn btn-md' href='https:\/\/apimali.gov.ml\/en\/portfolio\/projet-de-construction-dune-aire-de-service-a-kati-pour-amelioration-de-la-securite-routiere\/'>Read more<\/a><\/div><\/div><\/div><\/div><\/div>\t\t\t\t<\/div>\n\t\t\t\t<\/div>\n\t\t\t\t\t<\/div>\n\t\t<\/div>\n\t\t\t\t\t<\/div>\n\t\t<\/section>\n\t\t\t\t<section class=\"elementor-section elementor-top-section elementor-element elementor-element-21d574e1 elementor-section-stretched elementor-section-boxed elementor-section-height-default elementor-section-height-default\" data-id=\"21d574e1\" data-element_type=\"section\" data-e-type=\"section\" data-settings=\"{&quot;stretch_section&quot;:&quot;section-stretched&quot;,&quot;background_background&quot;:&quot;classic&quot;}\">\n\t\t\t\t\t\t<div class=\"elementor-container elementor-column-gap-no\">\n\t\t\t\t\t<div class=\"elementor-column elementor-col-100 elementor-top-column elementor-element elementor-element-d42402f\" data-id=\"d42402f\" data-element_type=\"column\" data-e-type=\"column\">\n\t\t\t<div class=\"elementor-widget-wrap elementor-element-populated\">\n\t\t\t\t\t\t<div class=\"elementor-element elementor-element-272a0d9f elementor-widget elementor-widget-download\" data-id=\"272a0d9f\" data-element_type=\"widget\" data-e-type=\"widget\" data-widget_type=\"download.default\">\n\t\t\t\t<div class=\"elementor-widget-container\">\n\t\t\t\t\t<div class=\"download\"><div class='download-content text-uppercase' style='color: #FFFFFF'><i class='fa far fa-file-pdf'><\/i> T\u00c9L\u00c9CHARGEZ UN CATALOGUE COMPLET DE NOS SERVICES ET PROJETS<\/div><a target='_blank' href='https:\/\/aawatech.com\/wp-content\/uploads\/2024\/12\/1.FV_FIM-Mali.pdf' class='btn btn-md btn-dark btn-shadow'><i class='fa fas fa-cloud-download-alt'><\/i> T\u00e9l\u00e9chargez<\/a><\/div>\t\t\t\t<\/div>\n\t\t\t\t<\/div>\n\t\t\t\t\t<\/div>\n\t\t<\/div>\n\t\t\t\t\t<\/div>\n\t\t<\/section>\n\t\t\t\t<\/div>","protected":false},"excerpt":{"rendered":"<p>Construisons ensemble l\u2019avenir \u00e9conomique du Mali \u00ab\u00a0Chaque investissement est une pierre pour b\u00e2tir un avenir meilleur. Le Mali vous ouvre ses portes, et l\u2019API-MALI vous accompagne dans votre r\u00e9ussite.\u00a0\u00bb Avec vous, nous cr\u00e9ons une \u00e9conomie durable, inclusive et innovante.\u00a0 Rejoignez &hellip;<\/p>","protected":false},"author":1,"featured_media":0,"parent":0,"menu_order":0,"comment_status":"closed","ping_status":"closed","template":"","meta":{"footnotes":""},"class_list":["post-126","page","type-page","status-publish","hentry"],"_links":{"self":[{"href":"https:\/\/apimali.gov.ml\/en\/wp-json\/wp\/v2\/pages\/126","targetHints":{"allow":["GET"]}}],"collection":[{"href":"https:\/\/apimali.gov.ml\/en\/wp-json\/wp\/v2\/pages"}],"about":[{"href":"https:\/\/apimali.gov.ml\/en\/wp-json\/wp\/v2\/types\/page"}],"author":[{"embeddable":true,"href":"https:\/\/apimali.gov.ml\/en\/wp-json\/wp\/v2\/users\/1"}],"replies":[{"embeddable":true,"href":"https:\/\/apimali.gov.ml\/en\/wp-json\/wp\/v2\/comments?post=126"}],"version-history":[{"count":11,"href":"https:\/\/apimali.gov.ml\/en\/wp-json\/wp\/v2\/pages\/126\/revisions"}],"predecessor-version":[{"id":790,"href":"https:\/\/apimali.gov.ml\/en\/wp-json\/wp\/v2\/pages\/126\/revisions\/790"}],"wp:attachment":[{"href":"https:\/\/apimali.gov.ml\/en\/wp-json\/wp\/v2\/media?parent=126"}],"curies":[{"name":"wp","href":"https:\/\/api.w.org\/{rel}","templated":true}]}}