{"id":1275,"date":"2025-01-24T08:05:49","date_gmt":"2025-01-24T07:05:49","guid":{"rendered":"https:\/\/ap.apimali.gov.ml\/?page_id=1275"},"modified":"2025-01-24T08:12:07","modified_gmt":"2025-01-24T07:12:07","slug":"secteurs-porteurs","status":"publish","type":"page","link":"https:\/\/apimali.gov.ml\/en\/secteurs-porteurs\/","title":{"rendered":"Secteurs porteurs"},"content":{"rendered":"<div data-elementor-type=\"wp-page\" data-elementor-id=\"1275\" class=\"elementor elementor-1275\">\n\t\t\t\t<div class=\"elementor-element elementor-element-2923ef0 e-flex e-con-boxed e-con e-parent\" data-id=\"2923ef0\" data-element_type=\"container\" data-e-type=\"container\">\n\t\t\t\t\t<div class=\"e-con-inner\">\n\t\t\t\t<div class=\"elementor-element elementor-element-3f3d9e98 elementor-widget elementor-widget-image\" data-id=\"3f3d9e98\" data-element_type=\"widget\" data-e-type=\"widget\" data-widget_type=\"image.default\">\n\t\t\t\t<div class=\"elementor-widget-container\">\n\t\t\t\t\t\t\t\t\t\t\t\t\t\t\t<img fetchpriority=\"high\" decoding=\"async\" width=\"998\" height=\"1384\" src=\"https:\/\/apimali.gov.ml\/wp-content\/uploads\/2025\/01\/S1-.jpg\" class=\"attachment-1536x1536 size-1536x1536 wp-image-1279\" alt=\"\" srcset=\"https:\/\/apimali.gov.ml\/wp-content\/uploads\/2025\/01\/S1-.jpg 998w, https:\/\/apimali.gov.ml\/wp-content\/uploads\/2025\/01\/S1--216x300.jpg 216w, https:\/\/apimali.gov.ml\/wp-content\/uploads\/2025\/01\/S1--738x1024.jpg 738w, https:\/\/apimali.gov.ml\/wp-content\/uploads\/2025\/01\/S1--768x1065.jpg 768w, https:\/\/apimali.gov.ml\/wp-content\/uploads\/2025\/01\/S1--600x832.jpg 600w\" sizes=\"(max-width: 998px) 100vw, 998px\" \/>\t\t\t\t\t\t\t\t\t\t\t\t\t\t\t<\/div>\n\t\t\t\t<\/div>\n\t\t\t\t<div class=\"elementor-element elementor-element-2c5e4114 elementor-widget elementor-widget-image\" data-id=\"2c5e4114\" data-element_type=\"widget\" data-e-type=\"widget\" data-widget_type=\"image.default\">\n\t\t\t\t<div class=\"elementor-widget-container\">\n\t\t\t\t\t\t\t\t\t\t\t\t\t\t\t<img decoding=\"async\" width=\"982\" height=\"1376\" src=\"https:\/\/apimali.gov.ml\/wp-content\/uploads\/2025\/01\/S2-.jpg\" class=\"attachment-1536x1536 size-1536x1536 wp-image-1280\" alt=\"\" srcset=\"https:\/\/apimali.gov.ml\/wp-content\/uploads\/2025\/01\/S2-.jpg 982w, https:\/\/apimali.gov.ml\/wp-content\/uploads\/2025\/01\/S2--214x300.jpg 214w, https:\/\/apimali.gov.ml\/wp-content\/uploads\/2025\/01\/S2--731x1024.jpg 731w, https:\/\/apimali.gov.ml\/wp-content\/uploads\/2025\/01\/S2--768x1076.jpg 768w, https:\/\/apimali.gov.ml\/wp-content\/uploads\/2025\/01\/S2--600x841.jpg 600w\" sizes=\"(max-width: 982px) 100vw, 982px\" \/>\t\t\t\t\t\t\t\t\t\t\t\t\t\t\t<\/div>\n\t\t\t\t<\/div>\n\t\t\t\t<div class=\"elementor-element elementor-element-70154d5e elementor-widget elementor-widget-image\" data-id=\"70154d5e\" data-element_type=\"widget\" data-e-type=\"widget\" data-widget_type=\"image.default\">\n\t\t\t\t<div class=\"elementor-widget-container\">\n\t\t\t\t\t\t\t\t\t\t\t\t\t\t\t<img decoding=\"async\" width=\"994\" height=\"1390\" src=\"https:\/\/apimali.gov.ml\/wp-content\/uploads\/2025\/01\/S3-.jpg\" class=\"attachment-1536x1536 size-1536x1536 wp-image-1281\" alt=\"\" srcset=\"https:\/\/apimali.gov.ml\/wp-content\/uploads\/2025\/01\/S3-.jpg 994w, https:\/\/apimali.gov.ml\/wp-content\/uploads\/2025\/01\/S3--215x300.jpg 215w, https:\/\/apimali.gov.ml\/wp-content\/uploads\/2025\/01\/S3--732x1024.jpg 732w, https:\/\/apimali.gov.ml\/wp-content\/uploads\/2025\/01\/S3--768x1074.jpg 768w, https:\/\/apimali.gov.ml\/wp-content\/uploads\/2025\/01\/S3--600x839.jpg 600w\" sizes=\"(max-width: 994px) 100vw, 994px\" \/>\t\t\t\t\t\t\t\t\t\t\t\t\t\t\t<\/div>\n\t\t\t\t<\/div>\n\t\t\t\t<div class=\"elementor-element elementor-element-1ff9ba76 elementor-widget elementor-widget-image\" data-id=\"1ff9ba76\" data-element_type=\"widget\" data-e-type=\"widget\" data-widget_type=\"image.default\">\n\t\t\t\t<div class=\"elementor-widget-container\">\n\t\t\t\t\t\t\t\t\t\t\t\t\t\t\t<img loading=\"lazy\" decoding=\"async\" width=\"1000\" height=\"1378\" src=\"https:\/\/apimali.gov.ml\/wp-content\/uploads\/2025\/01\/S4-.jpg\" class=\"attachment-1536x1536 size-1536x1536 wp-image-1282\" alt=\"\" srcset=\"https:\/\/apimali.gov.ml\/wp-content\/uploads\/2025\/01\/S4-.jpg 1000w, https:\/\/apimali.gov.ml\/wp-content\/uploads\/2025\/01\/S4--218x300.jpg 218w, https:\/\/apimali.gov.ml\/wp-content\/uploads\/2025\/01\/S4--743x1024.jpg 743w, https:\/\/apimali.gov.ml\/wp-content\/uploads\/2025\/01\/S4--768x1058.jpg 768w, https:\/\/apimali.gov.ml\/wp-content\/uploads\/2025\/01\/S4--600x827.jpg 600w\" sizes=\"(max-width: 1000px) 100vw, 1000px\" \/>\t\t\t\t\t\t\t\t\t\t\t\t\t\t\t<\/div>\n\t\t\t\t<\/div>\n\t\t\t\t<div class=\"elementor-element elementor-element-2b02ad54 elementor-widget elementor-widget-image\" data-id=\"2b02ad54\" data-element_type=\"widget\" data-e-type=\"widget\" data-widget_type=\"image.default\">\n\t\t\t\t<div class=\"elementor-widget-container\">\n\t\t\t\t\t\t\t\t\t\t\t\t\t\t\t<img loading=\"lazy\" decoding=\"async\" width=\"998\" height=\"1392\" src=\"https:\/\/apimali.gov.ml\/wp-content\/uploads\/2025\/01\/S6-.jpg\" class=\"attachment-1536x1536 size-1536x1536 wp-image-1283\" alt=\"\" srcset=\"https:\/\/apimali.gov.ml\/wp-content\/uploads\/2025\/01\/S6-.jpg 998w, https:\/\/apimali.gov.ml\/wp-content\/uploads\/2025\/01\/S6--215x300.jpg 215w, https:\/\/apimali.gov.ml\/wp-content\/uploads\/2025\/01\/S6--734x1024.jpg 734w, https:\/\/apimali.gov.ml\/wp-content\/uploads\/2025\/01\/S6--768x1071.jpg 768w, https:\/\/apimali.gov.ml\/wp-content\/uploads\/2025\/01\/S6--600x837.jpg 600w\" sizes=\"(max-width: 998px) 100vw, 998px\" \/>\t\t\t\t\t\t\t\t\t\t\t\t\t\t\t<\/div>\n\t\t\t\t<\/div>\n\t\t\t\t<div class=\"elementor-element elementor-element-5cb03ff3 elementor-widget elementor-widget-image\" data-id=\"5cb03ff3\" data-element_type=\"widget\" data-e-type=\"widget\" data-widget_type=\"image.default\">\n\t\t\t\t<div class=\"elementor-widget-container\">\n\t\t\t\t\t\t\t\t\t\t\t\t\t\t\t<img loading=\"lazy\" decoding=\"async\" width=\"985\" height=\"1399\" src=\"https:\/\/apimali.gov.ml\/wp-content\/uploads\/2025\/01\/S7-.jpg\" class=\"attachment-1536x1536 size-1536x1536 wp-image-1284\" alt=\"\" srcset=\"https:\/\/apimali.gov.ml\/wp-content\/uploads\/2025\/01\/S7-.jpg 985w, https:\/\/apimali.gov.ml\/wp-content\/uploads\/2025\/01\/S7--211x300.jpg 211w, https:\/\/apimali.gov.ml\/wp-content\/uploads\/2025\/01\/S7--721x1024.jpg 721w, https:\/\/apimali.gov.ml\/wp-content\/uploads\/2025\/01\/S7--768x1091.jpg 768w, https:\/\/apimali.gov.ml\/wp-content\/uploads\/2025\/01\/S7--600x852.jpg 600w\" sizes=\"(max-width: 985px) 100vw, 985px\" \/>\t\t\t\t\t\t\t\t\t\t\t\t\t\t\t<\/div>\n\t\t\t\t<\/div>\n\t\t\t\t<div class=\"elementor-element elementor-element-7762219e elementor-widget elementor-widget-image\" data-id=\"7762219e\" data-element_type=\"widget\" data-e-type=\"widget\" data-widget_type=\"image.default\">\n\t\t\t\t<div class=\"elementor-widget-container\">\n\t\t\t\t\t\t\t\t\t\t\t\t\t\t\t<img loading=\"lazy\" decoding=\"async\" width=\"1002\" height=\"1378\" src=\"https:\/\/apimali.gov.ml\/wp-content\/uploads\/2025\/01\/S8-.jpg\" class=\"attachment-1536x1536 size-1536x1536 wp-image-1285\" alt=\"\" srcset=\"https:\/\/apimali.gov.ml\/wp-content\/uploads\/2025\/01\/S8-.jpg 1002w, https:\/\/apimali.gov.ml\/wp-content\/uploads\/2025\/01\/S8--218x300.jpg 218w, https:\/\/apimali.gov.ml\/wp-content\/uploads\/2025\/01\/S8--745x1024.jpg 745w, https:\/\/apimali.gov.ml\/wp-content\/uploads\/2025\/01\/S8--768x1056.jpg 768w, https:\/\/apimali.gov.ml\/wp-content\/uploads\/2025\/01\/S8--600x825.jpg 600w\" sizes=\"(max-width: 1002px) 100vw, 1002px\" \/>\t\t\t\t\t\t\t\t\t\t\t\t\t\t\t<\/div>\n\t\t\t\t<\/div>\n\t\t\t\t\t<\/div>\n\t\t\t\t<\/div>\n\t\t<div class=\"elementor-element elementor-element-67e9de02 e-grid e-con-boxed e-con e-parent\" data-id=\"67e9de02\" data-element_type=\"container\" data-e-type=\"container\">\n\t\t\t\t\t<div class=\"e-con-inner\">\n\t\t\t\t<div class=\"elementor-element elementor-element-42d34689 elementor-widget elementor-widget-download\" data-id=\"42d34689\" data-element_type=\"widget\" data-e-type=\"widget\" data-widget_type=\"download.default\">\n\t\t\t\t<div class=\"elementor-widget-container\">\n\t\t\t\t\t<div class=\"download\"><div class='download-content text-uppercase' style='color: #FFFFFF'><i class='fa far fa-file-pdf'><\/i> T\u00c9L\u00c9CHARGEZ UN CATALOGUE COMPLET <\/div><a target='_blank' href='#' class='btn btn-md btn-dark btn-shadow'><i class='fa fas fa-cloud-download-alt'><\/i> T\u00e9l\u00e9charger <\/a><\/div>\t\t\t\t<\/div>\n\t\t\t\t<\/div>\n\t\t\t\t\t<\/div>\n\t\t\t\t<\/div>\n\t\t\t\t<\/div>","protected":false},"excerpt":{"rendered":"<p>T\u00c9L\u00c9CHARGEZ UN CATALOGUE COMPLET T\u00e9l\u00e9charger<\/p>","protected":false},"author":1,"featured_media":0,"parent":0,"menu_order":0,"comment_status":"closed","ping_status":"closed","template":"","meta":{"footnotes":""},"class_list":["post-1275","page","type-page","status-publish","hentry"],"_links":{"self":[{"href":"https:\/\/apimali.gov.ml\/en\/wp-json\/wp\/v2\/pages\/1275","targetHints":{"allow":["GET"]}}],"collection":[{"href":"https:\/\/apimali.gov.ml\/en\/wp-json\/wp\/v2\/pages"}],"about":[{"href":"https:\/\/apimali.gov.ml\/en\/wp-json\/wp\/v2\/types\/page"}],"author":[{"embeddable":true,"href":"https:\/\/apimali.gov.ml\/en\/wp-json\/wp\/v2\/users\/1"}],"replies":[{"embeddable":true,"href":"https:\/\/apimali.gov.ml\/en\/wp-json\/wp\/v2\/comments?post=1275"}],"version-history":[{"count":4,"href":"https:\/\/apimali.gov.ml\/en\/wp-json\/wp\/v2\/pages\/1275\/revisions"}],"predecessor-version":[{"id":1288,"href":"https:\/\/apimali.gov.ml\/en\/wp-json\/wp\/v2\/pages\/1275\/revisions\/1288"}],"wp:attachment":[{"href":"https:\/\/apimali.gov.ml\/en\/wp-json\/wp\/v2\/media?parent=1275"}],"curies":[{"name":"wp","href":"https:\/\/api.w.org\/{rel}","templated":true}]}}