{"id":1299,"date":"2025-01-24T08:26:19","date_gmt":"2025-01-24T07:26:19","guid":{"rendered":"https:\/\/ap.apimali.gov.ml\/?page_id=1299"},"modified":"2025-01-24T08:58:19","modified_gmt":"2025-01-24T07:58:19","slug":"amelioration-du-climat-des-affaires","status":"publish","type":"page","link":"https:\/\/apimali.gov.ml\/en\/amelioration-du-climat-des-affaires\/","title":{"rendered":"Am\u00e9lioration du climat des affaires"},"content":{"rendered":"<div data-elementor-type=\"wp-page\" data-elementor-id=\"1299\" class=\"elementor elementor-1299\">\n\t\t\t\t<div class=\"elementor-element elementor-element-03ff514 e-grid e-con-boxed e-con e-parent\" data-id=\"03ff514\" data-element_type=\"container\" data-e-type=\"container\">\n\t\t\t\t\t<div class=\"e-con-inner\">\n\t\t\t\t<div class=\"elementor-element elementor-element-b17b29d elementor-widget elementor-widget-image\" data-id=\"b17b29d\" data-element_type=\"widget\" data-e-type=\"widget\" data-widget_type=\"image.default\">\n\t\t\t\t<div class=\"elementor-widget-container\">\n\t\t\t\t\t\t\t\t\t\t\t\t\t\t\t<img fetchpriority=\"high\" decoding=\"async\" width=\"814\" height=\"375\" src=\"https:\/\/apimali.gov.ml\/wp-content\/uploads\/2025\/01\/medium_AdobeStock_168660622.jpg\" class=\"attachment-large size-large wp-image-1048\" alt=\"\" srcset=\"https:\/\/apimali.gov.ml\/wp-content\/uploads\/2025\/01\/medium_AdobeStock_168660622.jpg 814w, https:\/\/apimali.gov.ml\/wp-content\/uploads\/2025\/01\/medium_AdobeStock_168660622-300x138.jpg 300w, https:\/\/apimali.gov.ml\/wp-content\/uploads\/2025\/01\/medium_AdobeStock_168660622-768x354.jpg 768w, https:\/\/apimali.gov.ml\/wp-content\/uploads\/2025\/01\/medium_AdobeStock_168660622-600x276.jpg 600w\" sizes=\"(max-width: 814px) 100vw, 814px\" \/>\t\t\t\t\t\t\t\t\t\t\t\t\t\t\t<\/div>\n\t\t\t\t<\/div>\n\t\t\t\t\t<\/div>\n\t\t\t\t<\/div>\n\t\t<div class=\"elementor-element elementor-element-45cca0f e-grid e-con-boxed e-con e-parent\" data-id=\"45cca0f\" data-element_type=\"container\" data-e-type=\"container\">\n\t\t\t\t\t<div class=\"e-con-inner\">\n\t\t\t\t<div class=\"elementor-element elementor-element-c24b435 elementor-widget elementor-widget-text-editor\" data-id=\"c24b435\" data-element_type=\"widget\" data-e-type=\"widget\" data-widget_type=\"text-editor.default\">\n\t\t\t\t<div class=\"elementor-widget-container\">\n\t\t\t\t\t\t\t\t\t<p>L&rsquo;Agence pour la Promotion des Investissements au Mali (API-Mali) s&rsquo;engage \u00e0 cr\u00e9er un environnement propice \u00e0 la croissance et \u00e0 la prosp\u00e9rit\u00e9 des entreprises locales et \u00e9trang\u00e8res. Notre mission est de faire du Mali une destination privil\u00e9gi\u00e9e pour les investissements en mettant en \u0153uvre des r\u00e9formes strat\u00e9giques, en facilitant les d\u00e9marches administratives et en offrant un soutien continu aux investisseurs.<\/p><h2><span style=\"color: #38337d;\">Nos engagements pour un climat des affaires favorable<\/span><\/h2>\t\t\t\t\t\t\t\t<\/div>\n\t\t\t\t<\/div>\n\t\t\t\t\t<\/div>\n\t\t\t\t<\/div>\n\t\t<div class=\"elementor-element elementor-element-57a4f97 e-grid e-con-boxed e-con e-parent\" data-id=\"57a4f97\" data-element_type=\"container\" data-e-type=\"container\">\n\t\t\t\t\t<div class=\"e-con-inner\">\n\t\t\t\t<div class=\"elementor-element elementor-element-4ea7972 elementor-widget elementor-widget-n-accordion\" data-id=\"4ea7972\" data-element_type=\"widget\" data-e-type=\"widget\" data-settings=\"{&quot;default_state&quot;:&quot;expanded&quot;,&quot;max_items_expended&quot;:&quot;one&quot;,&quot;n_accordion_animation_duration&quot;:{&quot;unit&quot;:&quot;ms&quot;,&quot;size&quot;:400,&quot;sizes&quot;:[]}}\" data-widget_type=\"nested-accordion.default\">\n\t\t\t\t<div class=\"elementor-widget-container\">\n\t\t\t\t\t\t\t<div class=\"e-n-accordion\" aria-label=\"Accordion. Open links with Enter or Space, close with Escape, and navigate with Arrow Keys\">\n\t\t\t\t\t\t<details id=\"e-n-accordion-item-8240\" class=\"e-n-accordion-item\" open>\n\t\t\t\t<summary class=\"e-n-accordion-item-title\" data-accordion-index=\"1\" tabindex=\"0\" aria-expanded=\"true\" aria-controls=\"e-n-accordion-item-8240\" >\n\t\t\t\t\t<span class='e-n-accordion-item-title-header'><div class=\"e-n-accordion-item-title-text\"> 1. R\u00e9formes l\u00e9gislatives et r\u00e9glementaires <\/div><\/span>\n\t\t\t\t\t\t\t<span class='e-n-accordion-item-title-icon'>\n\t\t\t<span class='e-opened' ><svg aria-hidden=\"true\" class=\"e-font-icon-svg e-fas-minus\" viewbox=\"0 0 448 512\" xmlns=\"http:\/\/www.w3.org\/2000\/svg\"><path d=\"M416 208H32c-17.67 0-32 14.33-32 32v32c0 17.67 14.33 32 32 32h384c17.67 0 32-14.33 32-32v-32c0-17.67-14.33-32-32-32z\"><\/path><\/svg><\/span>\n\t\t\t<span class='e-closed'><svg aria-hidden=\"true\" class=\"e-font-icon-svg e-fas-plus\" viewbox=\"0 0 448 512\" xmlns=\"http:\/\/www.w3.org\/2000\/svg\"><path d=\"M416 208H272V64c0-17.67-14.33-32-32-32h-32c-17.67 0-32 14.33-32 32v144H32c-17.67 0-32 14.33-32 32v32c0 17.67 14.33 32 32 32h144v144c0 17.67 14.33 32 32 32h32c17.67 0 32-14.33 32-32V304h144c17.67 0 32-14.33 32-32v-32c0-17.67-14.33-32-32-32z\"><\/path><\/svg><\/span>\n\t\t<\/span>\n\n\t\t\t\t\t\t<\/summary>\n\t\t\t\t<div role=\"region\" aria-labelledby=\"e-n-accordion-item-8240\" class=\"elementor-element elementor-element-c4b76b4 e-con-full e-flex e-con e-child\" data-id=\"c4b76b4\" data-element_type=\"container\" data-e-type=\"container\">\n\t\t<div role=\"region\" aria-labelledby=\"e-n-accordion-item-8240\" class=\"elementor-element elementor-element-194a38d e-con-full e-flex e-con e-child\" data-id=\"194a38d\" data-element_type=\"container\" data-e-type=\"container\">\n\t\t\t\t<div class=\"elementor-element elementor-element-c591a44 elementor-widget elementor-widget-icon\" data-id=\"c591a44\" data-element_type=\"widget\" data-e-type=\"widget\" data-widget_type=\"icon.default\">\n\t\t\t\t<div class=\"elementor-widget-container\">\n\t\t\t\t\t<div class='icon'><div class='icon-header'><div class='icon-media' data-style='width: 30px;' style='font-size: 30px;'><i class='fas fa-bullhorn'><\/i><\/div><h3 class='icon-title text-uppercase'><\/h3><\/div><p><\/p><\/div>\t\t\t\t<\/div>\n\t\t\t\t<\/div>\n\t\t\t\t<\/div>\n\t\t\t\t<div class=\"elementor-element elementor-element-42d3b14 elementor-widget elementor-widget-text-editor\" data-id=\"42d3b14\" data-element_type=\"widget\" data-e-type=\"widget\" data-widget_type=\"text-editor.default\">\n\t\t\t\t<div class=\"elementor-widget-container\">\n\t\t\t\t\t\t\t\t\t<p>API-Mali travaille en \u00e9troite collaboration avec les autorit\u00e9s gouvernementales pour simplifier les r\u00e9gulations et adopter des l\u00e9gislations favorables aux entreprises. Nous visons \u00e0 r\u00e9duire les obstacles bureaucratiques et \u00e0 cr\u00e9er un cadre juridique transparent et pr\u00e9visible.<\/p>\t\t\t\t\t\t\t\t<\/div>\n\t\t\t\t<\/div>\n\t\t\t\t<\/div>\n\t\t\t\t\t<\/details>\n\t\t\t\t\t\t<details id=\"e-n-accordion-item-8241\" class=\"e-n-accordion-item\" >\n\t\t\t\t<summary class=\"e-n-accordion-item-title\" data-accordion-index=\"2\" tabindex=\"-1\" aria-expanded=\"false\" aria-controls=\"e-n-accordion-item-8241\" >\n\t\t\t\t\t<span class='e-n-accordion-item-title-header'><div class=\"e-n-accordion-item-title-text\"> 2. Facilitation des d\u00e9marches administratives <\/div><\/span>\n\t\t\t\t\t\t\t<span class='e-n-accordion-item-title-icon'>\n\t\t\t<span class='e-opened' ><svg aria-hidden=\"true\" class=\"e-font-icon-svg e-fas-minus\" viewbox=\"0 0 448 512\" xmlns=\"http:\/\/www.w3.org\/2000\/svg\"><path d=\"M416 208H32c-17.67 0-32 14.33-32 32v32c0 17.67 14.33 32 32 32h384c17.67 0 32-14.33 32-32v-32c0-17.67-14.33-32-32-32z\"><\/path><\/svg><\/span>\n\t\t\t<span class='e-closed'><svg aria-hidden=\"true\" class=\"e-font-icon-svg e-fas-plus\" viewbox=\"0 0 448 512\" xmlns=\"http:\/\/www.w3.org\/2000\/svg\"><path d=\"M416 208H272V64c0-17.67-14.33-32-32-32h-32c-17.67 0-32 14.33-32 32v144H32c-17.67 0-32 14.33-32 32v32c0 17.67 14.33 32 32 32h144v144c0 17.67 14.33 32 32 32h32c17.67 0 32-14.33 32-32V304h144c17.67 0 32-14.33 32-32v-32c0-17.67-14.33-32-32-32z\"><\/path><\/svg><\/span>\n\t\t<\/span>\n\n\t\t\t\t\t\t<\/summary>\n\t\t\t\t<div role=\"region\" aria-labelledby=\"e-n-accordion-item-8241\" class=\"elementor-element elementor-element-32b9c77 e-con-full e-flex e-con e-child\" data-id=\"32b9c77\" data-element_type=\"container\" data-e-type=\"container\">\n\t\t<div role=\"region\" aria-labelledby=\"e-n-accordion-item-8241\" class=\"elementor-element elementor-element-a382f24 e-con-full e-flex e-con e-child\" data-id=\"a382f24\" data-element_type=\"container\" data-e-type=\"container\">\n\t\t\t\t<div class=\"elementor-element elementor-element-614dd37 elementor-widget__width-initial elementor-widget elementor-widget-icon\" data-id=\"614dd37\" data-element_type=\"widget\" data-e-type=\"widget\" data-widget_type=\"icon.default\">\n\t\t\t\t<div class=\"elementor-widget-container\">\n\t\t\t\t\t<div class='icon'><div class='icon-header'><div class='icon-media' data-style='width: 30px;' style='font-size: 30px;'><i class='fas fa-bullhorn'><\/i><\/div><h3 class='icon-title text-uppercase'><\/h3><\/div><p><\/p><\/div>\t\t\t\t<\/div>\n\t\t\t\t<\/div>\n\t\t\t\t<\/div>\n\t\t<div role=\"region\" aria-labelledby=\"e-n-accordion-item-8241\" class=\"elementor-element elementor-element-5b465a7 e-con-full e-flex e-con e-child\" data-id=\"5b465a7\" data-element_type=\"container\" data-e-type=\"container\">\n\t\t\t\t<div class=\"elementor-element elementor-element-9e356de elementor-widget elementor-widget-text-editor\" data-id=\"9e356de\" data-element_type=\"widget\" data-e-type=\"widget\" data-widget_type=\"text-editor.default\">\n\t\t\t\t<div class=\"elementor-widget-container\">\n\t\t\t\t\t\t\t\t\t<p>Nous avons mis en place des services d\u00e9di\u00e9s pour accompagner les investisseurs dans toutes les \u00e9tapes de leur projet. De la cr\u00e9ation d&rsquo;entreprise \u00e0 l&rsquo;obtention de permis, nous simplifions les proc\u00e9dures et r\u00e9duisons les d\u00e9lais pour rendre l&rsquo;exp\u00e9rience d&rsquo;investissement aussi fluide que possible.<\/p>\t\t\t\t\t\t\t\t<\/div>\n\t\t\t\t<\/div>\n\t\t\t\t<\/div>\n\t\t\t\t<\/div>\n\t\t\t\t\t<\/details>\n\t\t\t\t\t\t<details id=\"e-n-accordion-item-8242\" class=\"e-n-accordion-item\" >\n\t\t\t\t<summary class=\"e-n-accordion-item-title\" data-accordion-index=\"3\" tabindex=\"-1\" aria-expanded=\"false\" aria-controls=\"e-n-accordion-item-8242\" >\n\t\t\t\t\t<span class='e-n-accordion-item-title-header'><div class=\"e-n-accordion-item-title-text\"> 3. Acc\u00e8s \u00e0 l'information et aux ressources <\/div><\/span>\n\t\t\t\t\t\t\t<span class='e-n-accordion-item-title-icon'>\n\t\t\t<span class='e-opened' ><svg aria-hidden=\"true\" class=\"e-font-icon-svg e-fas-minus\" viewbox=\"0 0 448 512\" xmlns=\"http:\/\/www.w3.org\/2000\/svg\"><path d=\"M416 208H32c-17.67 0-32 14.33-32 32v32c0 17.67 14.33 32 32 32h384c17.67 0 32-14.33 32-32v-32c0-17.67-14.33-32-32-32z\"><\/path><\/svg><\/span>\n\t\t\t<span class='e-closed'><svg aria-hidden=\"true\" class=\"e-font-icon-svg e-fas-plus\" viewbox=\"0 0 448 512\" xmlns=\"http:\/\/www.w3.org\/2000\/svg\"><path d=\"M416 208H272V64c0-17.67-14.33-32-32-32h-32c-17.67 0-32 14.33-32 32v144H32c-17.67 0-32 14.33-32 32v32c0 17.67 14.33 32 32 32h144v144c0 17.67 14.33 32 32 32h32c17.67 0 32-14.33 32-32V304h144c17.67 0 32-14.33 32-32v-32c0-17.67-14.33-32-32-32z\"><\/path><\/svg><\/span>\n\t\t<\/span>\n\n\t\t\t\t\t\t<\/summary>\n\t\t\t\t<div role=\"region\" aria-labelledby=\"e-n-accordion-item-8242\" class=\"elementor-element elementor-element-5015ad4 e-con-full e-flex e-con e-child\" data-id=\"5015ad4\" data-element_type=\"container\" data-e-type=\"container\">\n\t\t<div role=\"region\" aria-labelledby=\"e-n-accordion-item-8242\" class=\"elementor-element elementor-element-e7c4f31 e-con-full e-flex e-con e-child\" data-id=\"e7c4f31\" data-element_type=\"container\" data-e-type=\"container\">\n\t\t<div role=\"region\" aria-labelledby=\"e-n-accordion-item-8242\" class=\"elementor-element elementor-element-3c1c6a3 e-con-full e-flex e-con e-child\" data-id=\"3c1c6a3\" data-element_type=\"container\" data-e-type=\"container\">\n\t\t\t\t<div class=\"elementor-element elementor-element-0fe24ba elementor-widget__width-initial elementor-widget elementor-widget-icon\" data-id=\"0fe24ba\" data-element_type=\"widget\" data-e-type=\"widget\" data-widget_type=\"icon.default\">\n\t\t\t\t<div class=\"elementor-widget-container\">\n\t\t\t\t\t<div class='icon'><div class='icon-header'><div class='icon-media' data-style='width: 30px;' style='font-size: 30px;'><i class='fas fa-bullhorn'><\/i><\/div><h3 class='icon-title text-uppercase'><\/h3><\/div><p><\/p><\/div>\t\t\t\t<\/div>\n\t\t\t\t<\/div>\n\t\t\t\t<\/div>\n\t\t\t\t<\/div>\n\t\t<div role=\"region\" aria-labelledby=\"e-n-accordion-item-8242\" class=\"elementor-element elementor-element-e1c5161 e-con-full e-flex e-con e-child\" data-id=\"e1c5161\" data-element_type=\"container\" data-e-type=\"container\">\n\t\t\t\t<div class=\"elementor-element elementor-element-a3d3418 elementor-widget elementor-widget-text-editor\" data-id=\"a3d3418\" data-element_type=\"widget\" data-e-type=\"widget\" data-widget_type=\"text-editor.default\">\n\t\t\t\t<div class=\"elementor-widget-container\">\n\t\t\t\t\t\t\t\t\t<p>API-Mali fournit des informations compl\u00e8tes et \u00e0 jour sur les opportunit\u00e9s d&rsquo;investissement, les secteurs porteurs et les incitations fiscales. Nous organisons \u00e9galement des \u00e9v\u00e9nements de mise en r\u00e9seau et des forums pour permettre aux investisseurs de rencontrer des partenaires potentiels et des experts sectoriels.<\/p>\t\t\t\t\t\t\t\t<\/div>\n\t\t\t\t<\/div>\n\t\t\t\t<\/div>\n\t\t\t\t<\/div>\n\t\t\t\t\t<\/details>\n\t\t\t\t\t\t<details id=\"e-n-accordion-item-8243\" class=\"e-n-accordion-item\" >\n\t\t\t\t<summary class=\"e-n-accordion-item-title\" data-accordion-index=\"4\" tabindex=\"-1\" aria-expanded=\"false\" aria-controls=\"e-n-accordion-item-8243\" >\n\t\t\t\t\t<span class='e-n-accordion-item-title-header'><div class=\"e-n-accordion-item-title-text\"> 4. Soutien et accompagnement continus <\/div><\/span>\n\t\t\t\t\t\t\t<span class='e-n-accordion-item-title-icon'>\n\t\t\t<span class='e-opened' ><svg aria-hidden=\"true\" class=\"e-font-icon-svg e-fas-minus\" viewbox=\"0 0 448 512\" xmlns=\"http:\/\/www.w3.org\/2000\/svg\"><path d=\"M416 208H32c-17.67 0-32 14.33-32 32v32c0 17.67 14.33 32 32 32h384c17.67 0 32-14.33 32-32v-32c0-17.67-14.33-32-32-32z\"><\/path><\/svg><\/span>\n\t\t\t<span class='e-closed'><svg aria-hidden=\"true\" class=\"e-font-icon-svg e-fas-plus\" viewbox=\"0 0 448 512\" xmlns=\"http:\/\/www.w3.org\/2000\/svg\"><path d=\"M416 208H272V64c0-17.67-14.33-32-32-32h-32c-17.67 0-32 14.33-32 32v144H32c-17.67 0-32 14.33-32 32v32c0 17.67 14.33 32 32 32h144v144c0 17.67 14.33 32 32 32h32c17.67 0 32-14.33 32-32V304h144c17.67 0 32-14.33 32-32v-32c0-17.67-14.33-32-32-32z\"><\/path><\/svg><\/span>\n\t\t<\/span>\n\n\t\t\t\t\t\t<\/summary>\n\t\t\t\t<div role=\"region\" aria-labelledby=\"e-n-accordion-item-8243\" class=\"elementor-element elementor-element-2e54e76 e-con-full e-flex e-con e-child\" data-id=\"2e54e76\" data-element_type=\"container\" data-e-type=\"container\">\n\t\t<div role=\"region\" aria-labelledby=\"e-n-accordion-item-8243\" class=\"elementor-element elementor-element-a1ef488 e-con-full e-flex e-con e-child\" data-id=\"a1ef488\" data-element_type=\"container\" data-e-type=\"container\">\n\t\t<div role=\"region\" aria-labelledby=\"e-n-accordion-item-8243\" class=\"elementor-element elementor-element-cb89868 e-con-full e-flex e-con e-child\" data-id=\"cb89868\" data-element_type=\"container\" data-e-type=\"container\">\n\t\t\t\t<div class=\"elementor-element elementor-element-c336995 elementor-widget__width-initial elementor-widget elementor-widget-icon\" data-id=\"c336995\" data-element_type=\"widget\" data-e-type=\"widget\" data-widget_type=\"icon.default\">\n\t\t\t\t<div class=\"elementor-widget-container\">\n\t\t\t\t\t<div class='icon'><div class='icon-header'><div class='icon-media' data-style='width: 30px;' style='font-size: 30px;'><i class='fas fa-bullhorn'><\/i><\/div><h3 class='icon-title text-uppercase'><\/h3><\/div><p><\/p><\/div>\t\t\t\t<\/div>\n\t\t\t\t<\/div>\n\t\t\t\t<\/div>\n\t\t\t\t<\/div>\n\t\t<div role=\"region\" aria-labelledby=\"e-n-accordion-item-8243\" class=\"elementor-element elementor-element-9407693 e-con-full e-flex e-con e-child\" data-id=\"9407693\" data-element_type=\"container\" data-e-type=\"container\">\n\t\t\t\t<div class=\"elementor-element elementor-element-808093a elementor-widget elementor-widget-text-editor\" data-id=\"808093a\" data-element_type=\"widget\" data-e-type=\"widget\" data-widget_type=\"text-editor.default\">\n\t\t\t\t<div class=\"elementor-widget-container\">\n\t\t\t\t\t\t\t\t\t<p>Nous offrons un soutien personnalis\u00e9 aux investisseurs, y compris des conseils strat\u00e9giques, des analyses de march\u00e9 et une assistance technique. Notre \u00e9quipe est toujours disponible pour aider \u00e0 r\u00e9soudre les d\u00e9fis et maximiser le succ\u00e8s des projets d&rsquo;investissement au Mali.<\/p>\t\t\t\t\t\t\t\t<\/div>\n\t\t\t\t<\/div>\n\t\t\t\t<\/div>\n\t\t\t\t<\/div>\n\t\t\t\t\t<\/details>\n\t\t\t\t\t\t<details id=\"e-n-accordion-item-8244\" class=\"e-n-accordion-item\" >\n\t\t\t\t<summary class=\"e-n-accordion-item-title\" data-accordion-index=\"5\" tabindex=\"-1\" aria-expanded=\"false\" aria-controls=\"e-n-accordion-item-8244\" >\n\t\t\t\t\t<span class='e-n-accordion-item-title-header'><div class=\"e-n-accordion-item-title-text\"> 5. Promotion de la durabilit\u00e9 et de la responsabilit\u00e9 sociale <\/div><\/span>\n\t\t\t\t\t\t\t<span class='e-n-accordion-item-title-icon'>\n\t\t\t<span class='e-opened' ><svg aria-hidden=\"true\" class=\"e-font-icon-svg e-fas-minus\" viewbox=\"0 0 448 512\" xmlns=\"http:\/\/www.w3.org\/2000\/svg\"><path d=\"M416 208H32c-17.67 0-32 14.33-32 32v32c0 17.67 14.33 32 32 32h384c17.67 0 32-14.33 32-32v-32c0-17.67-14.33-32-32-32z\"><\/path><\/svg><\/span>\n\t\t\t<span class='e-closed'><svg aria-hidden=\"true\" class=\"e-font-icon-svg e-fas-plus\" viewbox=\"0 0 448 512\" xmlns=\"http:\/\/www.w3.org\/2000\/svg\"><path d=\"M416 208H272V64c0-17.67-14.33-32-32-32h-32c-17.67 0-32 14.33-32 32v144H32c-17.67 0-32 14.33-32 32v32c0 17.67 14.33 32 32 32h144v144c0 17.67 14.33 32 32 32h32c17.67 0 32-14.33 32-32V304h144c17.67 0 32-14.33 32-32v-32c0-17.67-14.33-32-32-32z\"><\/path><\/svg><\/span>\n\t\t<\/span>\n\n\t\t\t\t\t\t<\/summary>\n\t\t\t\t<div role=\"region\" aria-labelledby=\"e-n-accordion-item-8244\" class=\"elementor-element elementor-element-4c34973 e-con-full e-flex e-con e-child\" data-id=\"4c34973\" data-element_type=\"container\" data-e-type=\"container\">\n\t\t<div role=\"region\" aria-labelledby=\"e-n-accordion-item-8244\" class=\"elementor-element elementor-element-4e57498 e-con-full e-flex e-con e-child\" data-id=\"4e57498\" data-element_type=\"container\" data-e-type=\"container\">\n\t\t<div role=\"region\" aria-labelledby=\"e-n-accordion-item-8244\" class=\"elementor-element elementor-element-10c4fc2 e-con-full e-flex e-con e-child\" data-id=\"10c4fc2\" data-element_type=\"container\" data-e-type=\"container\">\n\t\t\t\t<div class=\"elementor-element elementor-element-b042c1d elementor-widget__width-initial elementor-widget elementor-widget-icon\" data-id=\"b042c1d\" data-element_type=\"widget\" data-e-type=\"widget\" data-widget_type=\"icon.default\">\n\t\t\t\t<div class=\"elementor-widget-container\">\n\t\t\t\t\t<div class='icon'><div class='icon-header'><div class='icon-media' data-style='width: 30px;' style='font-size: 30px;'><i class='fas fa-bullhorn'><\/i><\/div><h3 class='icon-title text-uppercase'><\/h3><\/div><p><\/p><\/div>\t\t\t\t<\/div>\n\t\t\t\t<\/div>\n\t\t\t\t<\/div>\n\t\t\t\t<\/div>\n\t\t<div role=\"region\" aria-labelledby=\"e-n-accordion-item-8244\" class=\"elementor-element elementor-element-cab8a8d e-con-full e-flex e-con e-child\" data-id=\"cab8a8d\" data-element_type=\"container\" data-e-type=\"container\">\n\t\t\t\t<div class=\"elementor-element elementor-element-21970eb elementor-widget elementor-widget-text-editor\" data-id=\"21970eb\" data-element_type=\"widget\" data-e-type=\"widget\" data-widget_type=\"text-editor.default\">\n\t\t\t\t<div class=\"elementor-widget-container\">\n\t\t\t\t\t\t\t\t\t<p>Nous encourageons les pratiques d&rsquo;affaires durables et socialement responsables. API-Mali collabore avec les entreprises pour promouvoir des projets qui respectent l&rsquo;environnement et contribuent au d\u00e9veloppement socio-\u00e9conomique des communaut\u00e9s locales.<\/p>\t\t\t\t\t\t\t\t<\/div>\n\t\t\t\t<\/div>\n\t\t\t\t<\/div>\n\t\t\t\t<\/div>\n\t\t\t\t\t<\/details>\n\t\t\t\t\t<\/div>\n\t\t\t\t\t\t<\/div>\n\t\t\t\t<\/div>\n\t\t\t\t\t<\/div>\n\t\t\t\t<\/div>\n\t\t\t\t<\/div>","protected":false},"excerpt":{"rendered":"<p>L&rsquo;Agence pour la Promotion des Investissements au Mali (API-Mali) s&rsquo;engage \u00e0 cr\u00e9er un environnement propice \u00e0 la croissance et \u00e0 la prosp\u00e9rit\u00e9 des entreprises locales et \u00e9trang\u00e8res. Notre mission est de faire du Mali une destination privil\u00e9gi\u00e9e pour les investissements &hellip;<\/p>","protected":false},"author":1,"featured_media":0,"parent":0,"menu_order":0,"comment_status":"closed","ping_status":"closed","template":"","meta":{"footnotes":""},"class_list":["post-1299","page","type-page","status-publish","hentry"],"_links":{"self":[{"href":"https:\/\/apimali.gov.ml\/en\/wp-json\/wp\/v2\/pages\/1299","targetHints":{"allow":["GET"]}}],"collection":[{"href":"https:\/\/apimali.gov.ml\/en\/wp-json\/wp\/v2\/pages"}],"about":[{"href":"https:\/\/apimali.gov.ml\/en\/wp-json\/wp\/v2\/types\/page"}],"author":[{"embeddable":true,"href":"https:\/\/apimali.gov.ml\/en\/wp-json\/wp\/v2\/users\/1"}],"replies":[{"embeddable":true,"href":"https:\/\/apimali.gov.ml\/en\/wp-json\/wp\/v2\/comments?post=1299"}],"version-history":[{"count":16,"href":"https:\/\/apimali.gov.ml\/en\/wp-json\/wp\/v2\/pages\/1299\/revisions"}],"predecessor-version":[{"id":1317,"href":"https:\/\/apimali.gov.ml\/en\/wp-json\/wp\/v2\/pages\/1299\/revisions\/1317"}],"wp:attachment":[{"href":"https:\/\/apimali.gov.ml\/en\/wp-json\/wp\/v2\/media?parent=1299"}],"curies":[{"name":"wp","href":"https:\/\/api.w.org\/{rel}","templated":true}]}}