{"id":791,"date":"2024-12-26T11:42:42","date_gmt":"2024-12-26T10:42:42","guid":{"rendered":"https:\/\/aawatech.com\/?page_id=791"},"modified":"2025-01-08T07:54:41","modified_gmt":"2025-01-08T06:54:41","slug":"reseau-de-lapi-mali","status":"publish","type":"page","link":"https:\/\/apimali.gov.ml\/en\/reseau-de-lapi-mali\/","title":{"rendered":"r\u00e9seau de l\u2019API-MALI"},"content":{"rendered":"<div data-elementor-type=\"wp-page\" data-elementor-id=\"791\" class=\"elementor elementor-791\">\n\t\t\t\t<div class=\"elementor-element elementor-element-0957781 e-grid e-con-boxed e-con e-parent\" data-id=\"0957781\" data-element_type=\"container\" data-e-type=\"container\">\n\t\t\t\t\t<div class=\"e-con-inner\">\n\t\t\t\t<div class=\"elementor-element elementor-element-6b7acb3 elementor-widget elementor-widget-text-editor\" data-id=\"6b7acb3\" data-element_type=\"widget\" data-e-type=\"widget\" data-widget_type=\"text-editor.default\">\n\t\t\t\t<div class=\"elementor-widget-container\">\n\t\t\t\t\t\t\t\t\t<h3>Explorez les opportunit\u00e9s d\u2019investissement au c\u0153ur de l\u2019Afrique de l\u2019Ouest<\/h3>\t\t\t\t\t\t\t\t<\/div>\n\t\t\t\t<\/div>\n\t\t\t\t\t<\/div>\n\t\t\t\t<\/div>\n\t\t<div class=\"elementor-element elementor-element-f9cb541 e-grid e-con-boxed e-con e-parent\" data-id=\"f9cb541\" data-element_type=\"container\" data-e-type=\"container\">\n\t\t\t\t\t<div class=\"e-con-inner\">\n\t\t\t\t<div class=\"elementor-element elementor-element-7108725 elementor-widget elementor-widget-text-editor\" data-id=\"7108725\" data-element_type=\"widget\" data-e-type=\"widget\" data-widget_type=\"text-editor.default\">\n\t\t\t\t<div class=\"elementor-widget-container\">\n\t\t\t\t\t\t\t\t\t<h1><span style=\"color: #ff0000;\">API-MALI : Votre guide pour un investissement r\u00e9ussi!<\/span><\/h1>\t\t\t\t\t\t\t\t<\/div>\n\t\t\t\t<\/div>\n\t\t\t\t<div class=\"elementor-element elementor-element-ef13455 elementor-widget elementor-widget-text-editor\" data-id=\"ef13455\" data-element_type=\"widget\" data-e-type=\"widget\" data-widget_type=\"text-editor.default\">\n\t\t\t\t<div class=\"elementor-widget-container\">\n\t\t\t\t\t\t\t\t\t<p class=\"p1\">Saviez-vous que le Mali est le 3\u1d49 producteur d\u2019or en Afrique et qu\u2019il offre un immense potentiel dans l\u2019agriculture, l\u2019\u00e9levage, et les \u00e9nergies renouvelables ? Avec un march\u00e9 en pleine croissance, des ressources naturelles abondantes, et un capital humain qualifi\u00e9, le Mali est une destination d\u2019investissement incontournable.\u00a0<\/p>\t\t\t\t\t\t\t\t<\/div>\n\t\t\t\t<\/div>\n\t\t\t\t\t<\/div>\n\t\t\t\t<\/div>\n\t\t<div class=\"elementor-element elementor-element-16c93a3 e-grid e-con-boxed e-con e-parent\" data-id=\"16c93a3\" data-element_type=\"container\" data-e-type=\"container\">\n\t\t\t\t\t<div class=\"e-con-inner\">\n\t\t\t\t<div class=\"elementor-element elementor-element-68e49d6 elementor-widget elementor-widget-spacer\" data-id=\"68e49d6\" data-element_type=\"widget\" data-e-type=\"widget\" data-widget_type=\"spacer.default\">\n\t\t\t\t<div class=\"elementor-widget-container\">\n\t\t\t\t\t\t\t<div class=\"elementor-spacer\">\n\t\t\t<div class=\"elementor-spacer-inner\"><\/div>\n\t\t<\/div>\n\t\t\t\t\t\t<\/div>\n\t\t\t\t<\/div>\n\t\t\t\t\t<\/div>\n\t\t\t\t<\/div>\n\t\t<div class=\"elementor-element elementor-element-c0015fd e-grid e-con-boxed e-con e-parent\" data-id=\"c0015fd\" data-element_type=\"container\" data-e-type=\"container\">\n\t\t\t\t\t<div class=\"e-con-inner\">\n\t\t\t\t<div class=\"elementor-element elementor-element-8e437dd elementor-widget elementor-widget-text-editor\" data-id=\"8e437dd\" data-element_type=\"widget\" data-e-type=\"widget\" data-widget_type=\"text-editor.default\">\n\t\t\t\t<div class=\"elementor-widget-container\">\n\t\t\t\t\t\t\t\t\t<h4 class=\"p1\" style=\"text-align: center;\"><strong>Rejoignez-nous pour b\u00e2tir ensemble un avenir prosp\u00e8re.\u00a0<\/strong><\/h4><p class=\"p1\" style=\"text-align: center;\"><span style=\"color: #ff0000;\">#InvestInMali #Opportunit\u00e9sAfricaines #D\u00e9veloppementEndogene<\/span><\/p><p>\u00a0<\/p>\t\t\t\t\t\t\t\t<\/div>\n\t\t\t\t<\/div>\n\t\t\t\t<div class=\"elementor-element elementor-element-b8d8b52 elementor-widget elementor-widget-image\" data-id=\"b8d8b52\" data-element_type=\"widget\" data-e-type=\"widget\" data-widget_type=\"image.default\">\n\t\t\t\t<div class=\"elementor-widget-container\">\n\t\t\t\t\t\t\t\t\t\t\t\t\t\t\t<img fetchpriority=\"high\" decoding=\"async\" width=\"980\" height=\"570\" src=\"https:\/\/apimali.gov.ml\/wp-content\/uploads\/2025\/01\/API_Direction-Copie-Copie-Copie-2-Copie-1024x596.jpg\" class=\"attachment-large size-large wp-image-837\" alt=\"\" srcset=\"https:\/\/apimali.gov.ml\/wp-content\/uploads\/2025\/01\/API_Direction-Copie-Copie-Copie-2-Copie-1024x596.jpg 1024w, https:\/\/apimali.gov.ml\/wp-content\/uploads\/2025\/01\/API_Direction-Copie-Copie-Copie-2-Copie-300x175.jpg 300w, https:\/\/apimali.gov.ml\/wp-content\/uploads\/2025\/01\/API_Direction-Copie-Copie-Copie-2-Copie-768x447.jpg 768w, https:\/\/apimali.gov.ml\/wp-content\/uploads\/2025\/01\/API_Direction-Copie-Copie-Copie-2-Copie-1536x894.jpg 1536w, https:\/\/apimali.gov.ml\/wp-content\/uploads\/2025\/01\/API_Direction-Copie-Copie-Copie-2-Copie-2048x1192.jpg 2048w, https:\/\/apimali.gov.ml\/wp-content\/uploads\/2025\/01\/API_Direction-Copie-Copie-Copie-2-Copie-600x349.jpg 600w\" sizes=\"(max-width: 980px) 100vw, 980px\" \/>\t\t\t\t\t\t\t\t\t\t\t\t\t\t\t<\/div>\n\t\t\t\t<\/div>\n\t\t\t\t\t<\/div>\n\t\t\t\t<\/div>\n\t\t\t\t<\/div>","protected":false},"excerpt":{"rendered":"<p>Explorez les opportunit\u00e9s d\u2019investissement au c\u0153ur de l\u2019Afrique de l\u2019Ouest API-MALI : Votre guide pour un investissement r\u00e9ussi! Saviez-vous que le Mali est le 3\u1d49 producteur d\u2019or en Afrique et qu\u2019il offre un immense potentiel dans l\u2019agriculture, l\u2019\u00e9levage, et les &hellip;<\/p>","protected":false},"author":1,"featured_media":0,"parent":0,"menu_order":0,"comment_status":"closed","ping_status":"closed","template":"","meta":{"footnotes":""},"class_list":["post-791","page","type-page","status-publish","hentry"],"_links":{"self":[{"href":"https:\/\/apimali.gov.ml\/en\/wp-json\/wp\/v2\/pages\/791","targetHints":{"allow":["GET"]}}],"collection":[{"href":"https:\/\/apimali.gov.ml\/en\/wp-json\/wp\/v2\/pages"}],"about":[{"href":"https:\/\/apimali.gov.ml\/en\/wp-json\/wp\/v2\/types\/page"}],"author":[{"embeddable":true,"href":"https:\/\/apimali.gov.ml\/en\/wp-json\/wp\/v2\/users\/1"}],"replies":[{"embeddable":true,"href":"https:\/\/apimali.gov.ml\/en\/wp-json\/wp\/v2\/comments?post=791"}],"version-history":[{"count":19,"href":"https:\/\/apimali.gov.ml\/en\/wp-json\/wp\/v2\/pages\/791\/revisions"}],"predecessor-version":[{"id":872,"href":"https:\/\/apimali.gov.ml\/en\/wp-json\/wp\/v2\/pages\/791\/revisions\/872"}],"wp:attachment":[{"href":"https:\/\/apimali.gov.ml\/en\/wp-json\/wp\/v2\/media?parent=791"}],"curies":[{"name":"wp","href":"https:\/\/api.w.org\/{rel}","templated":true}]}}