{"id":92,"date":"2020-03-16T13:03:40","date_gmt":"2020-03-16T13:03:40","guid":{"rendered":"http:\/\/localhost\/epb_industrial_demos\/2\/?page_id=92"},"modified":"2020-03-16T13:03:40","modified_gmt":"2020-03-16T13:03:40","slug":"3-column-news","status":"publish","type":"page","link":"https:\/\/apimali.gov.ml\/en\/3-column-news\/","title":{"rendered":"3 column news"},"content":{"rendered":"<div data-elementor-type=\"wp-page\" data-elementor-id=\"92\" class=\"elementor elementor-92\">\n\t\t\t\t\t\t<section class=\"elementor-section elementor-top-section elementor-element elementor-element-283cf6c elementor-section-boxed elementor-section-height-default elementor-section-height-default\" data-id=\"283cf6c\" data-element_type=\"section\" data-e-type=\"section\">\n\t\t\t\t\t\t<div class=\"elementor-container elementor-column-gap-default\">\n\t\t\t\t\t<div class=\"elementor-column elementor-col-100 elementor-top-column elementor-element elementor-element-9dd3648\" data-id=\"9dd3648\" data-element_type=\"column\" data-e-type=\"column\">\n\t\t\t<div class=\"elementor-widget-wrap elementor-element-populated\">\n\t\t\t\t\t\t<div class=\"elementor-element elementor-element-b0bf9e0 elementor-widget elementor-widget-blog\" data-id=\"b0bf9e0\" data-element_type=\"widget\" data-e-type=\"widget\" data-widget_type=\"blog.default\">\n\t\t\t\t<div class=\"elementor-widget-container\">\n\t\t\t\t\t<div class='row anps-blog'><div class=\"col-md-4\">\n    <article id=\"post-2405\" class=\"post-2405 post type-post status-publish format-standard has-post-thumbnail hentry category-non-classe\">\n        <header class=\"entry-header\">\n            <img fetchpriority=\"high\" decoding=\"async\" width=\"980\" height=\"980\" src=\"https:\/\/apimali.gov.ml\/wp-content\/uploads\/2026\/04\/WhatsApp-Image-2026-04-23-at-09.11.33-1024x1024.jpeg\" class=\"attachment-large size-large wp-post-image\" alt=\"\" srcset=\"https:\/\/apimali.gov.ml\/wp-content\/uploads\/2026\/04\/WhatsApp-Image-2026-04-23-at-09.11.33-1024x1024.jpeg 1024w, https:\/\/apimali.gov.ml\/wp-content\/uploads\/2026\/04\/WhatsApp-Image-2026-04-23-at-09.11.33-300x300.jpeg 300w, https:\/\/apimali.gov.ml\/wp-content\/uploads\/2026\/04\/WhatsApp-Image-2026-04-23-at-09.11.33-150x150.jpeg 150w, https:\/\/apimali.gov.ml\/wp-content\/uploads\/2026\/04\/WhatsApp-Image-2026-04-23-at-09.11.33-768x768.jpeg 768w, https:\/\/apimali.gov.ml\/wp-content\/uploads\/2026\/04\/WhatsApp-Image-2026-04-23-at-09.11.33-12x12.jpeg 12w, https:\/\/apimali.gov.ml\/wp-content\/uploads\/2026\/04\/WhatsApp-Image-2026-04-23-at-09.11.33.jpeg 1080w\" sizes=\"(max-width: 980px) 100vw, 980px\" \/>            <a href=\"https:\/\/apimali.gov.ml\/en\/%f0%9d%90%99%f0%9d%90%a8%f0%9d%90%a8%f0%9d%90%a6-%f0%9d%90%ac%f0%9d%90%ae%f0%9d%90%ab-%f0%9d%90%a5%f0%9d%90%9e%f0%9d%90%ac-%f0%9d%90%ab%f0%9d%90%9e%f0%9d%90%ac%f0%9d%90%ae%f0%9d%90%a5-2\/\"><h3 class=\"post-title entry-title text-uppercase\">\ud835\udc19\ud835\udc28\ud835\udc28\ud835\udc26 \ud835\udc2c\ud835\udc2e\ud835\udc2b \ud835\udc25\ud835\udc1e\ud835\udc2c \ud835\udc2b\ud835\udc1e\u0301\ud835\udc2c\ud835\udc2e\ud835\udc25\ud835\udc2d\ud835\udc1a\ud835\udc2d\ud835\udc2c \ud835\udc1d\ud835\udc2e \ud835\udfcf\ud835\udc1e\ud835\udc2b \ud835\udc2d\ud835\udc2b\ud835\udc22\ud835\udc26\ud835\udc1e\ud835\udc2c\ud835\udc2d\ud835\udc2b\ud835\udc1e \ud835\udfd0\ud835\udfce\ud835\udfd0\ud835\udfd4 \ud835\udc1d\ud835\udc1e \ud835\udc25\u2019\ud835\udc00\ud835\udc0f\ud835\udc08-\ud835\udc0c\ud835\udc1a\ud835\udc25\ud835\udc22.<\/h3><\/a>\n            <ul class='post-meta'><li>\n                <i class='fa fa-calendar'><\/i>\n                <time datetime='2026-04-23 09:17'>23 April 2026<\/time>\n            <\/li><li>\n                <i class='fa fa-commenting-o'><\/i>\n                No Comments\n            <\/li><\/ul>        <\/header>\n        <div class=\"post-content entry-content\">\n            <div class=\"post-desc clearfix\">\n                Dans le cadre de sa mission de facilitation et de suivi des investissements, \ud835\udc8d\u2019\ud835\udc68\ud835\udc77\ud835\udc70-\ud835\udc74\ud835\udc82\ud835\udc8d\ud835\udc8a met un accent particulier sur son dispositif d\u2019\ud835\udc68\ud835\udc87\ud835\udc95\ud835\udc86\ud835\udc93\ud835\udc84\ud835\udc82\ud835\udc93\ud835\udc86, un levier strat\u00e9gique essentiel pour accompagner durablement les entreprises d\u00e9j\u00e0 implant\u00e9es. Ce service joue un r\u00f4le cl\u00e9 dans &hellip;            <\/div>\n            <a href=\"https:\/\/apimali.gov.ml\/en\/%f0%9d%90%99%f0%9d%90%a8%f0%9d%90%a8%f0%9d%90%a6-%f0%9d%90%ac%f0%9d%90%ae%f0%9d%90%ab-%f0%9d%90%a5%f0%9d%90%9e%f0%9d%90%ac-%f0%9d%90%ab%f0%9d%90%9e%f0%9d%90%ac%f0%9d%90%ae%f0%9d%90%a5-2\/\" class=\"btn btn-md btn-gradient btn-shadow\">Read More<\/a>\n        <\/div>\n    <\/article>\n<\/div>\n<div class=\"col-md-4\">\n    <article id=\"post-2402\" class=\"post-2402 post type-post status-publish format-standard has-post-thumbnail hentry category-evenements\">\n        <header class=\"entry-header\">\n            <img decoding=\"async\" width=\"980\" height=\"980\" src=\"https:\/\/apimali.gov.ml\/wp-content\/uploads\/2026\/04\/WhatsApp-Image-2026-04-16-at-08.08.12-1-1024x1024.jpeg\" class=\"attachment-large size-large wp-post-image\" alt=\"\" srcset=\"https:\/\/apimali.gov.ml\/wp-content\/uploads\/2026\/04\/WhatsApp-Image-2026-04-16-at-08.08.12-1-1024x1024.jpeg 1024w, https:\/\/apimali.gov.ml\/wp-content\/uploads\/2026\/04\/WhatsApp-Image-2026-04-16-at-08.08.12-1-300x300.jpeg 300w, https:\/\/apimali.gov.ml\/wp-content\/uploads\/2026\/04\/WhatsApp-Image-2026-04-16-at-08.08.12-1-150x150.jpeg 150w, https:\/\/apimali.gov.ml\/wp-content\/uploads\/2026\/04\/WhatsApp-Image-2026-04-16-at-08.08.12-1-768x768.jpeg 768w, https:\/\/apimali.gov.ml\/wp-content\/uploads\/2026\/04\/WhatsApp-Image-2026-04-16-at-08.08.12-1-12x12.jpeg 12w, https:\/\/apimali.gov.ml\/wp-content\/uploads\/2026\/04\/WhatsApp-Image-2026-04-16-at-08.08.12-1.jpeg 1280w\" sizes=\"(max-width: 980px) 100vw, 980px\" \/>            <a href=\"https:\/\/apimali.gov.ml\/en\/%f0%9d%90%99%f0%9d%90%a8%f0%9d%90%a8%f0%9d%90%a6-%f0%9d%90%ac%f0%9d%90%ae%f0%9d%90%ab-%f0%9d%90%a5%f0%9d%90%9e%f0%9d%90%ac-%f0%9d%90%ab%f0%9d%90%9e%f0%9d%90%ac%f0%9d%90%ae%f0%9d%90%a5\/\"><h3 class=\"post-title entry-title text-uppercase\">\ud835\udc19\ud835\udc28\ud835\udc28\ud835\udc26 \ud835\udc2c\ud835\udc2e\ud835\udc2b \ud835\udc25\ud835\udc1e\ud835\udc2c \ud835\udc2b\ud835\udc1e\u0301\ud835\udc2c\ud835\udc2e\ud835\udc25\ud835\udc2d\ud835\udc1a\ud835\udc2d\ud835\udc2c \ud835\udc1d\ud835\udc2e \ud835\udfcf\ud835\udc1e\ud835\udc2b \ud835\udc2d\ud835\udc2b\ud835\udc22\ud835\udc26\ud835\udc1e\ud835\udc2c\ud835\udc2d\ud835\udc2b\ud835\udc1e \ud835\udfd0\ud835\udfce\ud835\udfd0\ud835\udfd4 \ud835\udc1d\ud835\udc1e \ud835\udc25\u2019\ud835\udc00\ud835\udc0f\ud835\udc08-\ud835\udc0c\ud835\udc1a\ud835\udc25\ud835\udc22.<\/h3><\/a>\n            <ul class='post-meta'><li>\n                <i class='fa fa-calendar'><\/i>\n                <time datetime='2026-04-16 08:25'>16 April 2026<\/time>\n            <\/li><li>\n                <i class='fa fa-commenting-o'><\/i>\n                No Comments\n            <\/li><\/ul>        <\/header>\n        <div class=\"post-content entry-content\">\n            <div class=\"post-desc clearfix\">\n                \ud835\udc19\ud835\udc28\ud835\udc28\ud835\udc26 \ud835\udc2c\ud835\udc2e\ud835\udc2b \ud835\udc25\ud835\udc1e\ud835\udc2c \ud835\udc2b\ud835\udc1e\u0301\ud835\udc2c\ud835\udc2e\ud835\udc25\ud835\udc2d\ud835\udc1a\ud835\udc2d\ud835\udc2c \ud835\udc1d\ud835\udc2e \ud835\udfcf\ud835\udc1e\ud835\udc2b \ud835\udc2d\ud835\udc2b\ud835\udc22\ud835\udc26\ud835\udc1e\ud835\udc2c\ud835\udc2d\ud835\udc2b\ud835\udc1e \ud835\udfd0\ud835\udfce\ud835\udfd0\ud835\udfd4 \ud835\udc1d\ud835\udc1e \ud835\udc25\u2019\ud835\udc00\ud835\udc0f\ud835\udc08-\ud835\udc0c\ud835\udc1a\ud835\udc25\ud835\udc22. Au premier trimestre 2026, l\u2019API-Mali confirme sa dynamique en faveur de la promotion de l\u2019investissement et de l\u2019entrepreneuriat. Avec \ud835\udfd3 \ud835\udfcf\ud835\udfcf\ud835\udfd4 \ud835\udc1e\ud835\udc27\ud835\udc2d\ud835\udc2b\ud835\udc1e\ud835\udc29\ud835\udc2b\ud835\udc22\ud835\udc2c\ud835\udc1e\ud835\udc2c \ud835\udc1c\ud835\udc2b\ud835\udc1e\u0301\ud835\udc1e\u0301\ud835\udc1e\ud835\udc2c, ces r\u00e9sultats illustrent l\u2019engagement constant de l\u2019Agence &hellip;            <\/div>\n            <a href=\"https:\/\/apimali.gov.ml\/en\/%f0%9d%90%99%f0%9d%90%a8%f0%9d%90%a8%f0%9d%90%a6-%f0%9d%90%ac%f0%9d%90%ae%f0%9d%90%ab-%f0%9d%90%a5%f0%9d%90%9e%f0%9d%90%ac-%f0%9d%90%ab%f0%9d%90%9e%f0%9d%90%ac%f0%9d%90%ae%f0%9d%90%a5\/\" class=\"btn btn-md btn-gradient btn-shadow\">Read More<\/a>\n        <\/div>\n    <\/article>\n<\/div>\n<div class=\"col-md-4\">\n    <article id=\"post-2387\" class=\"post-2387 post type-post status-publish format-standard has-post-thumbnail hentry category-evenements\">\n        <header class=\"entry-header\">\n            <img decoding=\"async\" width=\"980\" height=\"654\" src=\"https:\/\/apimali.gov.ml\/wp-content\/uploads\/2026\/04\/WhatsApp-Image-2026-04-13-at-15.23.27-1-1024x683.jpeg\" class=\"attachment-large size-large wp-post-image\" alt=\"\" srcset=\"https:\/\/apimali.gov.ml\/wp-content\/uploads\/2026\/04\/WhatsApp-Image-2026-04-13-at-15.23.27-1-1024x683.jpeg 1024w, https:\/\/apimali.gov.ml\/wp-content\/uploads\/2026\/04\/WhatsApp-Image-2026-04-13-at-15.23.27-1-300x200.jpeg 300w, https:\/\/apimali.gov.ml\/wp-content\/uploads\/2026\/04\/WhatsApp-Image-2026-04-13-at-15.23.27-1-768x512.jpeg 768w, https:\/\/apimali.gov.ml\/wp-content\/uploads\/2026\/04\/WhatsApp-Image-2026-04-13-at-15.23.27-1-18x12.jpeg 18w, https:\/\/apimali.gov.ml\/wp-content\/uploads\/2026\/04\/WhatsApp-Image-2026-04-13-at-15.23.27-1.jpeg 1080w\" sizes=\"(max-width: 980px) 100vw, 980px\" \/>            <a href=\"https:\/\/apimali.gov.ml\/en\/%f0%9d%90%82%f0%9d%90%84%f0%9d%90%91%f0%9d%90%84%f0%9d%90%8c%f0%9d%90%8e%f0%9d%90%8d%f0%9d%90%88%f0%9d%90%84-%f0%9d%90%83%f0%9d%90%8e%f0%9d%90%94%f0%9d%90%95%f0%9d%90%84\/\"><h3 class=\"post-title entry-title text-uppercase\">\ud835\udc02\ud835\udc04\u0301\ud835\udc11\ud835\udc04\u0301\ud835\udc0c\ud835\udc0e\ud835\udc0d\ud835\udc08\ud835\udc04 \ud835\udc03\u2019\ud835\udc0e\ud835\udc14\ud835\udc15\ud835\udc04\ud835\udc11\ud835\udc13\ud835\udc14\ud835\udc11\ud835\udc04 \ud835\udc03\ud835\udc04 \ud835\udc0b\u2019\ud835\udc00\ud835\udc13\ud835\udc04\ud835\udc0b\ud835\udc08\ud835\udc04\ud835\udc11 \ud835\udc0d\ud835\udc00\ud835\udc13\ud835\udc08\ud835\udc0e\ud835\udc0d\ud835\udc00\ud835\udc0b \ud835\udc03\ud835\udc04 \ud835\udc15\ud835\udc00\ud835\udc0b\ud835\udc08\ud835\udc03\ud835\udc00\ud835\udc13\ud835\udc08\ud835\udc0e\ud835\udc0d \ud835\udc03\ud835\udc04\ud835\udc12 \ud835\udc03\ud835\udc0e\ud835\udc02\ud835\udc14\ud835\udc0c\ud835\udc04\ud835\udc0d\ud835\udc13\ud835\udc12 \ud835\udc12\ud835\udc13\ud835\udc00\ud835\udc0d\ud835\udc03\ud835\udc00\ud835\udc11\ud835\udc03\ud835\udc12 \ud835\udc03\ud835\udc04 \ud835\udc0f\ud835\udc00\ud835\udc11\ud835\udc13\ud835\udc04\ud835\udc0d\ud835\udc00\ud835\udc11\ud835\udc08\ud835\udc00\ud835\udc13 \ud835\udc0f\ud835\udc14\ud835\udc01\ud835\udc0b\ud835\udc08\ud835\udc02-\ud835\udc0f\ud835\udc11\ud835\udc08\ud835\udc15\ud835\udc04\u0301 (\ud835\udc0f\ud835\udc0f\ud835\udc0f)<\/h3><\/a>\n            <ul class='post-meta'><li>\n                <i class='fa fa-calendar'><\/i>\n                <time datetime='2026-04-13 03:25'>13 April 2026<\/time>\n            <\/li><li>\n                <i class='fa fa-commenting-o'><\/i>\n                No Comments\n            <\/li><\/ul>        <\/header>\n        <div class=\"post-content entry-content\">\n            <div class=\"post-desc clearfix\">\n                Ce lundi 13 avril 2026, au CICB, s\u2019est tenue la c\u00e9r\u00e9monie d\u2019ouverture de l\u2019atelier national de validation des documents standards de Partenariat Public-Priv\u00e9 (PPP), pr\u00e9sid\u00e9e par le Premier ministre, le G\u00e9n\u00e9ral de Division Abdoulaye Ma\u00efga, au nom du Chef de &hellip;            <\/div>\n            <a href=\"https:\/\/apimali.gov.ml\/en\/%f0%9d%90%82%f0%9d%90%84%f0%9d%90%91%f0%9d%90%84%f0%9d%90%8c%f0%9d%90%8e%f0%9d%90%8d%f0%9d%90%88%f0%9d%90%84-%f0%9d%90%83%f0%9d%90%8e%f0%9d%90%94%f0%9d%90%95%f0%9d%90%84\/\" class=\"btn btn-md btn-gradient btn-shadow\">Read More<\/a>\n        <\/div>\n    <\/article>\n<\/div>\n<div class=\"col-md-4\">\n    <article id=\"post-2384\" class=\"post-2384 post type-post status-publish format-standard has-post-thumbnail hentry category-non-classe\">\n        <header class=\"entry-header\">\n            <img loading=\"lazy\" decoding=\"async\" width=\"474\" height=\"180\" src=\"https:\/\/apimali.gov.ml\/wp-content\/uploads\/2026\/04\/image-APi-Mali.webp\" class=\"attachment-large size-large wp-post-image\" alt=\"\" srcset=\"https:\/\/apimali.gov.ml\/wp-content\/uploads\/2026\/04\/image-APi-Mali.webp 474w, https:\/\/apimali.gov.ml\/wp-content\/uploads\/2026\/04\/image-APi-Mali-300x114.webp 300w, https:\/\/apimali.gov.ml\/wp-content\/uploads\/2026\/04\/image-APi-Mali-18x7.webp 18w\" sizes=\"(max-width: 474px) 100vw, 474px\" \/>            <a href=\"https:\/\/apimali.gov.ml\/en\/newsletter-premier-trimestre-de-lannee-2026\/\"><h3 class=\"post-title entry-title text-uppercase\">NewsLetter- Premier trimestre de l&rsquo;annee 2026<\/h3><\/a>\n            <ul class='post-meta'><li>\n                <i class='fa fa-calendar'><\/i>\n                <time datetime='2026-04-13 01:32'>13 April 2026<\/time>\n            <\/li><li>\n                <i class='fa fa-commenting-o'><\/i>\n                No Comments\n            <\/li><\/ul>        <\/header>\n        <div class=\"post-content entry-content\">\n            <div class=\"post-desc clearfix\">\n                            <\/div>\n            <a href=\"https:\/\/apimali.gov.ml\/en\/newsletter-premier-trimestre-de-lannee-2026\/\" class=\"btn btn-md btn-gradient btn-shadow\">Read More<\/a>\n        <\/div>\n    <\/article>\n<\/div>\n<div class=\"col-md-4\">\n    <article id=\"post-2377\" class=\"post-2377 post type-post status-publish format-standard has-post-thumbnail hentry category-evenements\">\n        <header class=\"entry-header\">\n            <img loading=\"lazy\" decoding=\"async\" width=\"980\" height=\"654\" src=\"https:\/\/apimali.gov.ml\/wp-content\/uploads\/2026\/04\/WhatsApp-Image-2026-04-04-at-23.17.46-4-1024x683.jpeg\" class=\"attachment-large size-large wp-post-image\" alt=\"\" srcset=\"https:\/\/apimali.gov.ml\/wp-content\/uploads\/2026\/04\/WhatsApp-Image-2026-04-04-at-23.17.46-4-1024x683.jpeg 1024w, https:\/\/apimali.gov.ml\/wp-content\/uploads\/2026\/04\/WhatsApp-Image-2026-04-04-at-23.17.46-4-300x200.jpeg 300w, https:\/\/apimali.gov.ml\/wp-content\/uploads\/2026\/04\/WhatsApp-Image-2026-04-04-at-23.17.46-4-768x512.jpeg 768w, https:\/\/apimali.gov.ml\/wp-content\/uploads\/2026\/04\/WhatsApp-Image-2026-04-04-at-23.17.46-4-18x12.jpeg 18w, https:\/\/apimali.gov.ml\/wp-content\/uploads\/2026\/04\/WhatsApp-Image-2026-04-04-at-23.17.46-4.jpeg 1080w\" sizes=\"(max-width: 980px) 100vw, 980px\" \/>            <a href=\"https:\/\/apimali.gov.ml\/en\/%f0%9d%90%8b%f0%9d%90%80%f0%9d%90%8f%f0%9d%90%88-%f0%9d%90%8c%f0%9d%90%9a%f0%9d%90%a5%f0%9d%90%a2-%f0%9d%90%a9%f0%9d%90%ab%f0%9d%90%9e%f0%9d%90%a7%f0%9d%90%9d-%f0%9d%90%a9%f0%9d%90%9a\/\"><h3 class=\"post-title entry-title text-uppercase\">\ud835\udc0b\u2019\ud835\udc00\ud835\udc0f\ud835\udc08-\ud835\udc0c\ud835\udc1a\ud835\udc25\ud835\udc22 \ud835\udc29\ud835\udc2b\ud835\udc1e\ud835\udc27\ud835\udc1d \ud835\udc29\ud835\udc1a\ud835\udc2b\ud835\udc2d \ud835\udc1a\ud835\udc2e \ud835\udc25\ud835\udc1a\ud835\udc27\ud835\udc1c\ud835\udc1e\ud835\udc26\ud835\udc1e\ud835\udc27\ud835\udc2d \ud835\udc1d\ud835\udc1e \ud835\udc25\u2019\ud835\udc04\u0301\ud835\udc2f\ud835\udc1a\ud835\udc25\ud835\udc2e\ud835\udc1a\ud835\udc2d\ud835\udc22\ud835\udc28\ud835\udc27 \ud835\udc0d\ud835\udc1a\ud835\udc2d\ud835\udc22\ud835\udc28\ud835\udc27\ud835\udc1a\ud835\udc25\ud835\udc1e \ud835\udc1d\ud835\udc1e\ud835\udc2c \ud835\udc11\ud835\udc22\ud835\udc2c\ud835\udc2a\ud835\udc2e\ud835\udc1e\ud835\udc2c (\ud835\udc04\ud835\udc0d\ud835\udc11)<\/h3><\/a>\n            <ul class='post-meta'><li>\n                <i class='fa fa-calendar'><\/i>\n                <time datetime='2026-04-04 11:05'>4 April 2026<\/time>\n            <\/li><li>\n                <i class='fa fa-commenting-o'><\/i>\n                No Comments\n            <\/li><\/ul>        <\/header>\n        <div class=\"post-content entry-content\">\n            <div class=\"post-desc clearfix\">\n                Bamako, le 02 avril 2026 L\u2019Agence pour la Promotion des Investissements au Mali (API-Mali), en sa qualit\u00e9 de membre de la commission nationale, a pris part au lancement officiel des travaux de l\u2019\u00c9valuation Nationale des Risques (ENR) en mati\u00e8re de &hellip;            <\/div>\n            <a href=\"https:\/\/apimali.gov.ml\/en\/%f0%9d%90%8b%f0%9d%90%80%f0%9d%90%8f%f0%9d%90%88-%f0%9d%90%8c%f0%9d%90%9a%f0%9d%90%a5%f0%9d%90%a2-%f0%9d%90%a9%f0%9d%90%ab%f0%9d%90%9e%f0%9d%90%a7%f0%9d%90%9d-%f0%9d%90%a9%f0%9d%90%9a\/\" class=\"btn btn-md btn-gradient btn-shadow\">Read More<\/a>\n        <\/div>\n    <\/article>\n<\/div>\n<div class=\"col-md-4\">\n    <article id=\"post-2371\" class=\"post-2371 post type-post status-publish format-standard has-post-thumbnail hentry category-evenements\">\n        <header class=\"entry-header\">\n            <img loading=\"lazy\" decoding=\"async\" width=\"980\" height=\"653\" src=\"https:\/\/apimali.gov.ml\/wp-content\/uploads\/2026\/04\/WhatsApp-Image-2026-04-04-at-23.19.39-1024x682.jpeg\" class=\"attachment-large size-large wp-post-image\" alt=\"\" srcset=\"https:\/\/apimali.gov.ml\/wp-content\/uploads\/2026\/04\/WhatsApp-Image-2026-04-04-at-23.19.39-1024x682.jpeg 1024w, https:\/\/apimali.gov.ml\/wp-content\/uploads\/2026\/04\/WhatsApp-Image-2026-04-04-at-23.19.39-300x200.jpeg 300w, https:\/\/apimali.gov.ml\/wp-content\/uploads\/2026\/04\/WhatsApp-Image-2026-04-04-at-23.19.39-768x512.jpeg 768w, https:\/\/apimali.gov.ml\/wp-content\/uploads\/2026\/04\/WhatsApp-Image-2026-04-04-at-23.19.39-18x12.jpeg 18w, https:\/\/apimali.gov.ml\/wp-content\/uploads\/2026\/04\/WhatsApp-Image-2026-04-04-at-23.19.39.jpeg 1280w\" sizes=\"(max-width: 980px) 100vw, 980px\" \/>            <a href=\"https:\/\/apimali.gov.ml\/en\/%f0%9d%90%8f%f0%9d%90%9a%f0%9d%90%ab%f0%9d%90%ad%f0%9d%90%a2%f0%9d%90%9c%f0%9d%90%a2%f0%9d%90%a9%f0%9d%90%9a%f0%9d%90%ad%f0%9d%90%a2%f0%9d%90%a8%f0%9d%90%a7-%f0%9d%90%9d%f0%9d%90%9e-%f0%9d%90%a5-2\/\"><h3 class=\"post-title entry-title text-uppercase\">\ud835\udc0f\ud835\udc1a\ud835\udc2b\ud835\udc2d\ud835\udc22\ud835\udc1c\ud835\udc22\ud835\udc29\ud835\udc1a\ud835\udc2d\ud835\udc22\ud835\udc28\ud835\udc27 \ud835\udc1d\ud835\udc1e \ud835\udc25\u2019\ud835\udc00\ud835\udc0f\ud835\udc08-\ud835\udc0c\ud835\udc1a\ud835\udc25\ud835\udc22 \ud835\udc1a\ud835\udc2e \ud835\udc12\ud835\udc08\ud835\udc04\ud835\udc0c \ud835\udfd0\ud835\udfce\ud835\udfd0\ud835\udfd4 \u2013 \ud835\udc12\ud835\udc1a\ud835\udc25\ud835\udc28\ud835\udc27 \ud835\udc1d\ud835\udc1e\ud835\udc2c \ud835\udc08\ud835\udc27\ud835\udc1d\ud835\udc2e\ud835\udc2c\ud835\udc2d\ud835\udc2b\ud835\udc22\ud835\udc1e\ud835\udc2c \ud835\udc04\ud835\udc31\ud835\udc2d\ud835\udc2b\ud835\udc1a\ud835\udc1c\ud835\udc2d\ud835\udc22\ud835\udc2f\ud835\udc1e\ud835\udc2c \ud835\udc1d\ud835\udc2e \ud835\udc0c\ud835\udc1a\ud835\udc25\ud835\udc22.<\/h3><\/a>\n            <ul class='post-meta'><li>\n                <i class='fa fa-calendar'><\/i>\n                <time datetime='2026-04-04 11:18'>4 April 2026<\/time>\n            <\/li><li>\n                <i class='fa fa-commenting-o'><\/i>\n                No Comments\n            <\/li><\/ul>        <\/header>\n        <div class=\"post-content entry-content\">\n            <div class=\"post-desc clearfix\">\n                Du 2 au 3 avril 2026, \u00e0 l\u2019h\u00f4tel Sofitel Granda de Bamako, l\u2019API-Mali a activement pris part au SIEM 2026, un rendez-vous majeur d\u00e9di\u00e9 au d\u00e9veloppement du secteur extractif au Mali. \u00c0 travers son stand, l\u2019Agence a enregistr\u00e9 une forte &hellip;            <\/div>\n            <a href=\"https:\/\/apimali.gov.ml\/en\/%f0%9d%90%8f%f0%9d%90%9a%f0%9d%90%ab%f0%9d%90%ad%f0%9d%90%a2%f0%9d%90%9c%f0%9d%90%a2%f0%9d%90%a9%f0%9d%90%9a%f0%9d%90%ad%f0%9d%90%a2%f0%9d%90%a8%f0%9d%90%a7-%f0%9d%90%9d%f0%9d%90%9e-%f0%9d%90%a5-2\/\" class=\"btn btn-md btn-gradient btn-shadow\">Read More<\/a>\n        <\/div>\n    <\/article>\n<\/div>\n<\/div><ul class='page-numbers'>\n\t<li><span aria-current=\"page\" class=\"page-numbers current\">1<\/span><\/li>\n\t<li><a class=\"page-numbers\" href=\"https:\/\/apimali.gov.ml\/en\/wp-json\/wp\/v2\/pages\/92\/page\/2\/\">2<\/a><\/li>\n\t<li><a class=\"page-numbers\" href=\"https:\/\/apimali.gov.ml\/en\/wp-json\/wp\/v2\/pages\/92\/page\/3\/\">3<\/a><\/li>\n\t<li><a class=\"page-numbers\" href=\"https:\/\/apimali.gov.ml\/en\/wp-json\/wp\/v2\/pages\/92\/page\/4\/\">4<\/a><\/li>\n\t<li><a class=\"next page-numbers\" href=\"https:\/\/apimali.gov.ml\/en\/wp-json\/wp\/v2\/pages\/92\/page\/2\/\">Next <i class=\"fa fa-angle-right\"><\/i><\/a><\/li>\n<\/ul>\n\t\t\t\t<\/div>\n\t\t\t\t<\/div>\n\t\t\t\t\t<\/div>\n\t\t<\/div>\n\t\t\t\t\t<\/div>\n\t\t<\/section>\n\t\t\t\t<\/div>","protected":false},"excerpt":{"rendered":"<p>A post without image March 16, 2020 No Comments Lorem ipsum dolor sit amet, consectetur adipiscing elit. Nam efficitur rutrum diam, ut commodo ipsum elementum.\u00a0Duis quis iaculis purus, eget mattis urna. Quisque consectetur odio ac ante fermentum malesuada. Nullam eget &hellip;<\/p>","protected":false},"author":1,"featured_media":0,"parent":0,"menu_order":0,"comment_status":"closed","ping_status":"closed","template":"","meta":{"footnotes":""},"class_list":["post-92","page","type-page","status-publish","hentry"],"_links":{"self":[{"href":"https:\/\/apimali.gov.ml\/en\/wp-json\/wp\/v2\/pages\/92","targetHints":{"allow":["GET"]}}],"collection":[{"href":"https:\/\/apimali.gov.ml\/en\/wp-json\/wp\/v2\/pages"}],"about":[{"href":"https:\/\/apimali.gov.ml\/en\/wp-json\/wp\/v2\/types\/page"}],"author":[{"embeddable":true,"href":"https:\/\/apimali.gov.ml\/en\/wp-json\/wp\/v2\/users\/1"}],"replies":[{"embeddable":true,"href":"https:\/\/apimali.gov.ml\/en\/wp-json\/wp\/v2\/comments?post=92"}],"version-history":[{"count":0,"href":"https:\/\/apimali.gov.ml\/en\/wp-json\/wp\/v2\/pages\/92\/revisions"}],"wp:attachment":[{"href":"https:\/\/apimali.gov.ml\/en\/wp-json\/wp\/v2\/media?parent=92"}],"curies":[{"name":"wp","href":"https:\/\/api.w.org\/{rel}","templated":true}]}}